{"id":14871,"date":"2025-11-05T12:34:10","date_gmt":"2025-11-05T12:34:10","guid":{"rendered":"https:\/\/care4bird.nl\/advices\/"},"modified":"2026-04-15T11:03:46","modified_gmt":"2026-04-15T11:03:46","slug":"advices","status":"publish","type":"page","link":"https:\/\/care4bird.nl\/fr\/advices\/","title":{"rendered":"Conseils"},"content":{"rendered":"\t\t<div data-elementor-type=\"wp-page\" data-elementor-id=\"14871\" class=\"elementor elementor-14871 elementor-6607\" data-elementor-post-type=\"page\">\n\t\t\t\t<div class=\"elementor-element elementor-element-568b11c e-flex e-con-boxed e-con e-parent\" data-id=\"568b11c\" data-element_type=\"container\" data-e-type=\"container\">\n\t\t\t\t\t<div class=\"e-con-inner\">\n\t\t<div class=\"elementor-element elementor-element-75b7dcd e-con-full e-flex e-con e-child\" data-id=\"75b7dcd\" data-element_type=\"container\" data-e-type=\"container\">\n\t\t\t\t<div class=\"elementor-element elementor-element-6555c28 elementor-widget elementor-widget-image\" data-id=\"6555c28\" data-element_type=\"widget\" data-e-type=\"widget\" data-widget_type=\"image.default\">\n\t\t\t\t\t\t\t\t\t\t\t\t\t\t\t\t<a href=\"https:\/\/care4bird.nl\/wp-content\/uploads\/2025\/11\/care4birds-catalogue.pdf\" target=\"_blank\">\n\t\t\t\t\t\t\t<img fetchpriority=\"high\" decoding=\"async\" width=\"1527\" height=\"543\" src=\"https:\/\/care4bird.nl\/wp-content\/uploads\/2025\/11\/racing-season.png\" class=\"attachment-full size-full wp-image-14877\" alt=\"\" srcset=\"https:\/\/care4bird.nl\/wp-content\/uploads\/2025\/11\/racing-season.png 1527w, https:\/\/care4bird.nl\/wp-content\/uploads\/2025\/11\/racing-season-460x164.png 460w, https:\/\/care4bird.nl\/wp-content\/uploads\/2025\/11\/racing-season-765x272.png 765w, https:\/\/care4bird.nl\/wp-content\/uploads\/2025\/11\/racing-season-920x327.png 920w, https:\/\/care4bird.nl\/wp-content\/uploads\/2025\/11\/racing-season-231x82.png 231w\" sizes=\"(max-width: 1527px) 100vw, 1527px\" \/>\t\t\t\t\t\t\t\t<\/a>\n\t\t\t\t\t\t\t\t\t\t\t\t\t\t\t<\/div>\n\t\t\t\t<\/div>\n\t\t<div class=\"elementor-element elementor-element-d1ebfd8 e-con-full e-flex e-con e-child\" data-id=\"d1ebfd8\" data-element_type=\"container\" data-e-type=\"container\">\n\t\t\t\t<div class=\"elementor-element elementor-element-1c54cb1 elementor-widget elementor-widget-heading\" data-id=\"1c54cb1\" data-element_type=\"widget\" data-e-type=\"widget\" data-widget_type=\"heading.default\">\n\t\t\t\t\t<h2 class=\"elementor-heading-title elementor-size-default\">Saison des courses<\/h2>\t\t\t\t<\/div>\n\t\t\t\t<div class=\"elementor-element elementor-element-4315113 elementor-widget elementor-widget-heading\" data-id=\"4315113\" data-element_type=\"widget\" data-e-type=\"widget\" data-widget_type=\"heading.default\">\n\t\t\t\t\t<h2 class=\"elementor-heading-title elementor-size-default\">En grandissant et pendant les courses<\/h2>\t\t\t\t<\/div>\n\t\t\t\t<div class=\"elementor-element elementor-element-ed61ab1 elementor-widget elementor-widget-text-editor\" data-id=\"ed61ab1\" data-element_type=\"widget\" data-e-type=\"widget\" data-widget_type=\"text-editor.default\">\n\t\t\t\t\t\t\t\t\t<p>Pendant la saison des concours, les pigeons n\u00e9cessitent une attention particuli\u00e8re pour pr\u00e9server leur sant\u00e9, leur endurance et leurs performances. Ce programme assure une transition en douceur entre le sevrage et les concours, aidant ainsi les oiseaux \u00e0 renforcer leur syst\u00e8me immunitaire, \u00e0 maintenir leur \u00e9quilibre intestinal et \u00e0 r\u00e9cup\u00e9rer rapidement apr\u00e8s l&rsquo;effort.<\/p>\t\t\t\t\t\t\t\t<\/div>\n\t\t\t\t<div class=\"elementor-element elementor-element-2b0f43d elementor-align-left elementor-widget elementor-widget-ideapark-button\" data-id=\"2b0f43d\" data-element_type=\"widget\" data-e-type=\"widget\" data-widget_type=\"ideapark-button.default\">\n\t\t\t\t<div class=\"elementor-widget-container\">\n\t\t\t\t\t\t\t<div class=\"c-ip-button__wrap\">\n\t\t\t<a href=\"https:\/\/care4bird.nl\/wp-content\/uploads\/2025\/11\/c4b-advices-racing-season.pdf\" target=\"_blank\" class=\"c-button c-ip-button c-button--default\" role=\"button\">\n\t\t\t\t\t\t\t\t<span class=\"c-ip-button__text\">T\u00e9l\u00e9charger le PDF<\/span>\n\t\t\t\t\t\t\t<\/a>\n\t\t<\/div>\n\t\t\t\t\t\t<\/div>\n\t\t\t\t<\/div>\n\t\t\t\t<\/div>\n\t\t\t\t\t<\/div>\n\t\t\t\t<\/div>\n\t\t<div class=\"elementor-element elementor-element-cfc525e e-flex e-con-boxed e-con e-parent\" data-id=\"cfc525e\" data-element_type=\"container\" data-e-type=\"container\" data-settings=\"{&quot;background_background&quot;:&quot;gradient&quot;}\">\n\t\t\t\t\t<div class=\"e-con-inner\">\n\t\t<div class=\"elementor-element elementor-element-d0c621c e-con-full e-flex e-con e-child\" data-id=\"d0c621c\" data-element_type=\"container\" data-e-type=\"container\">\n\t\t\t\t<div class=\"elementor-element elementor-element-2a53d4a elementor-widget elementor-widget-heading\" data-id=\"2a53d4a\" data-element_type=\"widget\" data-e-type=\"widget\" data-widget_type=\"heading.default\">\n\t\t\t\t\t<h2 class=\"elementor-heading-title elementor-size-default\">P\u00e9riode de mue<\/h2>\t\t\t\t<\/div>\n\t\t\t\t<div class=\"elementor-element elementor-element-df0c7c4 elementor-widget elementor-widget-heading\" data-id=\"df0c7c4\" data-element_type=\"widget\" data-e-type=\"widget\" data-widget_type=\"heading.default\">\n\t\t\t\t\t<h2 class=\"elementor-heading-title elementor-size-default\">Une bonne mue est la cl\u00e9 pour obtenir des r\u00e9sultats optimaux l'ann\u00e9e prochaine<\/h2>\t\t\t\t<\/div>\n\t\t\t\t<div class=\"elementor-element elementor-element-9a5cfad elementor-widget elementor-widget-text-editor\" data-id=\"9a5cfad\" data-element_type=\"widget\" data-e-type=\"widget\" data-widget_type=\"text-editor.default\">\n\t\t\t\t\t\t\t\t\t<p>La p\u00e9riode de mue est une \u00e9tape cruciale dans la vie de chaque pigeon. Pendant cette p\u00e9riode, les oiseaux renouvellent leur plumage et pr\u00e9parent leur organisme pour les mois \u00e0 venir. Une alimentation adapt\u00e9e et des soins pr\u00e9ventifs sont essentiels pour favoriser la repousse des plumes, renforcer le syst\u00e8me immunitaire et pr\u00e9venir les probl\u00e8mes de sant\u00e9.<\/p>\t\t\t\t\t\t\t\t<\/div>\n\t\t\t\t<div class=\"elementor-element elementor-element-f893617 elementor-align-left elementor-widget elementor-widget-ideapark-button\" data-id=\"f893617\" data-element_type=\"widget\" data-e-type=\"widget\" data-widget_type=\"ideapark-button.default\">\n\t\t\t\t<div class=\"elementor-widget-container\">\n\t\t\t\t\t\t\t<div class=\"c-ip-button__wrap\">\n\t\t\t<a href=\"https:\/\/care4bird.nl\/wp-content\/uploads\/2025\/11\/c4b-advices-moulting-season.pdf\" target=\"_blank\" class=\"c-button c-ip-button c-button--default\" role=\"button\">\n\t\t\t\t\t\t\t\t<span class=\"c-ip-button__text\">T\u00e9l\u00e9charger le PDF<\/span>\n\t\t\t\t\t\t\t<\/a>\n\t\t<\/div>\n\t\t\t\t\t\t<\/div>\n\t\t\t\t<\/div>\n\t\t\t\t<\/div>\n\t\t<div class=\"elementor-element elementor-element-9f09371 e-con-full e-flex e-con e-child\" data-id=\"9f09371\" data-element_type=\"container\" data-e-type=\"container\">\n\t\t\t\t<div class=\"elementor-element elementor-element-af3bc7f elementor-widget elementor-widget-image\" data-id=\"af3bc7f\" data-element_type=\"widget\" data-e-type=\"widget\" data-widget_type=\"image.default\">\n\t\t\t\t\t\t\t\t\t\t\t\t\t\t\t\t<a href=\"https:\/\/care4bird.nl\/wp-content\/uploads\/2025\/11\/care4birds-catalogue.pdf\" target=\"_blank\">\n\t\t\t\t\t\t\t<img decoding=\"async\" width=\"1868\" height=\"518\" src=\"https:\/\/care4bird.nl\/wp-content\/uploads\/2025\/11\/moulting-season.png\" class=\"attachment-full size-full wp-image-14878\" alt=\"\" srcset=\"https:\/\/care4bird.nl\/wp-content\/uploads\/2025\/11\/moulting-season.png 1868w, https:\/\/care4bird.nl\/wp-content\/uploads\/2025\/11\/moulting-season-460x128.png 460w, https:\/\/care4bird.nl\/wp-content\/uploads\/2025\/11\/moulting-season-1530x424.png 1530w, https:\/\/care4bird.nl\/wp-content\/uploads\/2025\/11\/moulting-season-765x212.png 765w, https:\/\/care4bird.nl\/wp-content\/uploads\/2025\/11\/moulting-season-920x255.png 920w, https:\/\/care4bird.nl\/wp-content\/uploads\/2025\/11\/moulting-season-231x64.png 231w\" sizes=\"(max-width: 1868px) 100vw, 1868px\" \/>\t\t\t\t\t\t\t\t<\/a>\n\t\t\t\t\t\t\t\t\t\t\t\t\t\t\t<\/div>\n\t\t\t\t<\/div>\n\t\t\t\t\t<\/div>\n\t\t\t\t<\/div>\n\t\t<div class=\"elementor-element elementor-element-74a8424 e-flex e-con-boxed e-con e-parent\" data-id=\"74a8424\" data-element_type=\"container\" data-e-type=\"container\">\n\t\t\t\t\t<div class=\"e-con-inner\">\n\t\t<div class=\"elementor-element elementor-element-21310c2 e-con-full e-flex e-con e-child\" data-id=\"21310c2\" data-element_type=\"container\" data-e-type=\"container\">\n\t\t\t\t<div class=\"elementor-element elementor-element-e7d71d6 elementor-widget elementor-widget-image\" data-id=\"e7d71d6\" data-element_type=\"widget\" data-e-type=\"widget\" data-widget_type=\"image.default\">\n\t\t\t\t\t\t\t\t\t\t\t\t\t\t\t\t<a href=\"https:\/\/care4bird.nl\/wp-content\/uploads\/2025\/11\/care4birds-catalogue.pdf\" target=\"_blank\">\n\t\t\t\t\t\t\t<img decoding=\"async\" width=\"1809\" height=\"641\" src=\"https:\/\/care4bird.nl\/wp-content\/uploads\/2025\/11\/winter-and-breeding.png\" class=\"attachment-full size-full wp-image-14879\" alt=\"\" srcset=\"https:\/\/care4bird.nl\/wp-content\/uploads\/2025\/11\/winter-and-breeding.png 1809w, https:\/\/care4bird.nl\/wp-content\/uploads\/2025\/11\/winter-and-breeding-460x163.png 460w, https:\/\/care4bird.nl\/wp-content\/uploads\/2025\/11\/winter-and-breeding-1530x542.png 1530w, https:\/\/care4bird.nl\/wp-content\/uploads\/2025\/11\/winter-and-breeding-765x271.png 765w, https:\/\/care4bird.nl\/wp-content\/uploads\/2025\/11\/winter-and-breeding-920x326.png 920w, https:\/\/care4bird.nl\/wp-content\/uploads\/2025\/11\/winter-and-breeding-231x82.png 231w\" sizes=\"(max-width: 1809px) 100vw, 1809px\" \/>\t\t\t\t\t\t\t\t<\/a>\n\t\t\t\t\t\t\t\t\t\t\t\t\t\t\t<\/div>\n\t\t\t\t<\/div>\n\t\t<div class=\"elementor-element elementor-element-758f816 e-con-full e-flex e-con e-child\" data-id=\"758f816\" data-element_type=\"container\" data-e-type=\"container\">\n\t\t\t\t<div class=\"elementor-element elementor-element-25dc636 elementor-widget elementor-widget-heading\" data-id=\"25dc636\" data-element_type=\"widget\" data-e-type=\"widget\" data-widget_type=\"heading.default\">\n\t\t\t\t\t<h2 class=\"elementor-heading-title elementor-size-default\">Programme d'hivernage et de reproduction<\/h2>\t\t\t\t<\/div>\n\t\t\t\t<div class=\"elementor-element elementor-element-c1d3892 elementor-widget elementor-widget-heading\" data-id=\"c1d3892\" data-element_type=\"widget\" data-e-type=\"widget\" data-widget_type=\"heading.default\">\n\t\t\t\t\t<h2 class=\"elementor-heading-title elementor-size-default\">Soyez assur\u00e9 d'un repos permanent et d'une excellente\nsant\u00e9 tout au long de l'hiver<\/h2>\t\t\t\t<\/div>\n\t\t\t\t<div class=\"elementor-element elementor-element-96c202e elementor-widget elementor-widget-text-editor\" data-id=\"96c202e\" data-element_type=\"widget\" data-e-type=\"widget\" data-widget_type=\"text-editor.default\">\n\t\t\t\t\t\t\t\t\t<p>La p\u00e9riode hivernale et la saison de reproduction exigent des soins constants pour pr\u00e9server la bonne sant\u00e9 des pigeons et garantir le succ\u00e8s de la reproduction. Pendant ces mois plus froids, les pigeons ont besoin d&rsquo;un soutien suppl\u00e9mentaire pour renforcer leur syst\u00e8me immunitaire, se remettre des phases de course et de mue, et se pr\u00e9parer \u00e0 la saison de reproduction \u00e0 venir.<\/p>\t\t\t\t\t\t\t\t<\/div>\n\t\t\t\t<div class=\"elementor-element elementor-element-f9e4635 elementor-align-left elementor-widget elementor-widget-ideapark-button\" data-id=\"f9e4635\" data-element_type=\"widget\" data-e-type=\"widget\" data-widget_type=\"ideapark-button.default\">\n\t\t\t\t<div class=\"elementor-widget-container\">\n\t\t\t\t\t\t\t<div class=\"c-ip-button__wrap\">\n\t\t\t<a href=\"https:\/\/care4bird.nl\/wp-content\/uploads\/2025\/11\/c4b-winter-and-breeding-program.pdf\" target=\"_blank\" class=\"c-button c-ip-button c-button--default\" role=\"button\">\n\t\t\t\t\t\t\t\t<span class=\"c-ip-button__text\">T\u00e9l\u00e9charger le PDF<\/span>\n\t\t\t\t\t\t\t<\/a>\n\t\t<\/div>\n\t\t\t\t\t\t<\/div>\n\t\t\t\t<\/div>\n\t\t\t\t<\/div>\n\t\t\t\t\t<\/div>\n\t\t\t\t<\/div>\n\t\t\t\t<\/div>\n\t\t","protected":false},"excerpt":{"rendered":"<p>Saison des courses En grandissant et pendant les courses Pendant la saison des concours, les pigeons n\u00e9cessitent une attention particuli\u00e8re pour pr\u00e9server&hellip;<\/p>\n","protected":false},"author":1,"featured_media":0,"parent":0,"menu_order":0,"comment_status":"closed","ping_status":"closed","template":"elementor_header_footer","meta":{"footnotes":""},"class_list":["post-14871","page","type-page","status-publish","hentry"],"_links":{"self":[{"href":"https:\/\/care4bird.nl\/fr\/wp-json\/wp\/v2\/pages\/14871","targetHints":{"allow":["GET"]}}],"collection":[{"href":"https:\/\/care4bird.nl\/fr\/wp-json\/wp\/v2\/pages"}],"about":[{"href":"https:\/\/care4bird.nl\/fr\/wp-json\/wp\/v2\/types\/page"}],"author":[{"embeddable":true,"href":"https:\/\/care4bird.nl\/fr\/wp-json\/wp\/v2\/users\/1"}],"replies":[{"embeddable":true,"href":"https:\/\/care4bird.nl\/fr\/wp-json\/wp\/v2\/comments?post=14871"}],"version-history":[{"count":4,"href":"https:\/\/care4bird.nl\/fr\/wp-json\/wp\/v2\/pages\/14871\/revisions"}],"predecessor-version":[{"id":14885,"href":"https:\/\/care4bird.nl\/fr\/wp-json\/wp\/v2\/pages\/14871\/revisions\/14885"}],"wp:attachment":[{"href":"https:\/\/care4bird.nl\/fr\/wp-json\/wp\/v2\/media?parent=14871"}],"curies":[{"name":"wp","href":"https:\/\/api.w.org\/{rel}","templated":true}]}}