{"id":15361,"date":"2025-11-03T11:38:17","date_gmt":"2025-11-03T11:38:17","guid":{"rendered":"https:\/\/care4bird.nl\/product\/intestinal-2\/"},"modified":"2026-04-16T09:39:24","modified_gmt":"2026-04-16T09:39:24","slug":"intestinal-2","status":"publish","type":"product","link":"https:\/\/care4bird.nl\/fr\/produit\/intestinal-2\/","title":{"rendered":"Intestinal"},"content":{"rendered":"<div>\n<h6>Indication:<\/h6>\n<p>Infections gastro-intestinales bact\u00e9riennes, telles que Staphylococcus, Streptococcus et Enterococcus chez les oiseaux.\n<\/p><\/div>\n<h6>Sympt\u00f4mes:<\/h6>\n<div>\u2022 Changement \u00e9vident de comportement et d\u2019apparence<\/div>\n<div>\u2022 Plumes \u00e9bouriff\u00e9es et gonfl\u00e9es<\/div>\n<div>\u2022 Yeux rouges et larmoyants, \u00e9coulement nasal<\/div>\n<div>\u2022 Diarrh\u00e9e<\/div>\n<div>\u2022 Respiration inhabituelle ou difficile<\/div>\n<div>\u2022 App\u00e9tit r\u00e9duit et position basse sur le perchoir<\/div>\n<h6>Dosage<\/h6>\n<div>Comme traitement normal, ajouter 5 g dans 2 L d\u2019eau de boisson ti\u00e8de pendant 3 \u00e0 5 jours.<\/div>\n<div>En cas d\u2019infections graves : prolonger le traitement \u00e0 5-7 jours cons\u00e9cutifs. Le traitement peut \u00eatre<\/div>\n<div>r\u00e9p\u00e9t\u00e9 si n\u00e9cessaire apr\u00e8s quelques jours. Cuill\u00e8re doseuse 1+5 g incluse.<\/div>\n<h6>Interaction(s): non connues.<\/h6>\n<h6>Contre-indication(s): surdosage.<\/h6>\n<h6>Conseils d\u2019utilisation:<\/h6>\n<p>Isoler les oiseaux malades (temp\u00e9rature 28-33 \u00baC, lumi\u00e8re tamis\u00e9e).<br \/>\nPendant le traitement, administrer \u00e9galement un traitement pr\u00e9ventif aux autres oiseaux.<br \/>\nAssurez-vous que les oiseaux consomment les quantit\u00e9s recommand\u00e9es de m\u00e9dicament ; \u00e9vitez donc toute autre source d\u2019eau ou de nourriture non m\u00e9dicamenteuse.<br \/>\nAdministrer du glucose et MULTIVIT MIX pendant le traitement.<br \/>\nPour les cas graves, un traitement prolong\u00e9 est recommand\u00e9.<br \/>\nVeillez \u00e0 bien d\u00e9sinfecter l\u2019environnement.<br \/>\nSi aucune am\u00e9lioration rapide n\u2019est observ\u00e9e, consulter un sp\u00e9cialiste.<\/p>\n<h6>REMARQUES : LIRE LES INSTRUCTIONS AVANT UTILISATION.<\/h6>\n<p>Conserver au sec, \u00e0 l\u2019abri de la lumi\u00e8re directe du soleil, entre 0-30 \u00b0C.<br \/>\nDur\u00e9e de conservation apr\u00e8s ouverture : un (1) an.<br \/>\nNum\u00e9ro de lot et date d\u2019expiration : voir emballage.<br \/>\n\u00c9viter le contact du m\u00e9dicament avec les mains.<br \/>\nTenir hors de port\u00e9e des enfants.<br \/>\nPour usage v\u00e9t\u00e9rinaire uniquement. Ne pas utiliser chez les animaux destin\u00e9s \u00e0 la consommation humaine.<br \/>\n\u00c9liminer les emballages vides et les restes avec les d\u00e9chets m\u00e9nagers.<br \/>\nCe m\u00e9dicament v\u00e9t\u00e9rinaire est commercialis\u00e9 conform\u00e9ment au r\u00e9gime d\u2019exemption pour petits animaux.<\/p>\n<h6>Contient:<\/h6>\n<p>Trim\u00e9thoprime 4 %, Sulfadiazine Sodique 20 %, excipients q.s.p. 100 g<\/p>\n<h6>IMPORTANT<\/h6>\n<p>Un l\u00e9ger durcissement de la poudre peut appara\u00eetre avec le temps. Cela n\u2019affecte pas la qualit\u00e9 ni l\u2019efficacit\u00e9 du produit.<\/p>\n","protected":false},"excerpt":{"rendered":"<p>Indication: Infections gastro-intestinales bact\u00e9riennes, telles que Staphylococcus, Streptococcus et Enterococcus chez les oiseaux. Sympt\u00f4mes: \u2022 Changement \u00e9vident de comportement et d\u2019apparence \u2022&hellip;<\/p>\n","protected":false},"featured_media":15362,"template":"","meta":[],"product_cat":[319],"product_tag":[],"class_list":{"0":"post-15361","1":"product","2":"type-product","3":"status-publish","4":"has-post-thumbnail","6":"product_cat-medicaments-pour-oiseaux","8":"first","9":"instock","10":"shipping-taxable","11":"product-type-simple"},"_links":{"self":[{"href":"https:\/\/care4bird.nl\/fr\/wp-json\/wp\/v2\/product\/15361","targetHints":{"allow":["GET"]}}],"collection":[{"href":"https:\/\/care4bird.nl\/fr\/wp-json\/wp\/v2\/product"}],"about":[{"href":"https:\/\/care4bird.nl\/fr\/wp-json\/wp\/v2\/types\/product"}],"wp:featuredmedia":[{"embeddable":true,"href":"https:\/\/care4bird.nl\/fr\/wp-json\/wp\/v2\/media\/15362"}],"wp:attachment":[{"href":"https:\/\/care4bird.nl\/fr\/wp-json\/wp\/v2\/media?parent=15361"}],"wp:term":[{"taxonomy":"product_cat","embeddable":true,"href":"https:\/\/care4bird.nl\/fr\/wp-json\/wp\/v2\/product_cat?post=15361"},{"taxonomy":"product_tag","embeddable":true,"href":"https:\/\/care4bird.nl\/fr\/wp-json\/wp\/v2\/product_tag?post=15361"}],"curies":[{"name":"wp","href":"https:\/\/api.w.org\/{rel}","templated":true}]}}