{"id":15367,"date":"2025-11-03T11:34:48","date_gmt":"2025-11-03T11:34:48","guid":{"rendered":"https:\/\/care4bird.nl\/product\/salmo-mix\/"},"modified":"2026-04-16T09:43:13","modified_gmt":"2026-04-16T09:43:13","slug":"salmo-mix","status":"publish","type":"product","link":"https:\/\/care4bird.nl\/fr\/produit\/salmo-mix\/","title":{"rendered":"Salmo-mix"},"content":{"rendered":"<h6>Indication :<\/h6>\n<div>Salmonellose, colibacillose (maladie de transpiration) et infections bact\u00e9riennes courantes chez les oiseaux.<\/div>\n<h6>Sympt\u00f4mes :<\/h6>\n<div>SYMPT\u00d4MES DES INFECTIONS BACT\u00c9RIENNES EN G\u00c9N\u00c9RAL :<\/div>\n<div>SYMPT\u00d4MES SUPPL\u00c9MENTAIRES DE LA COLIBACILLOSE (MALADIE DE TRANSPIRATION) :<\/div>\n<div>\u2022 Changements \u00e9vidents du comportement et de l\u2019apparence<\/div>\n<div>\u2022 Plumes \u00e9bouriff\u00e9es et ternes<\/div>\n<div>\u2022 Diarrh\u00e9e<\/div>\n<div>\u2022 Respiration inhabituelle ou difficile<\/div>\n<div>\u2022 App\u00e9tit r\u00e9duit et position basse sur le perchoir<\/div>\n<div>\u2022 Int\u00e9rieur des nids souill\u00e9 par une diarrh\u00e9e jaune des oisillons<\/div>\n<div>\u2022 Retard de croissance des jeunes<\/div>\n<div>\u2022 Augmentation du taux de mortalit\u00e9 durant les premiers jours de vie.<\/div>\n<div>La salmonellose est plus fr\u00e9quente pendant les p\u00e9riodes humides de l\u2019ann\u00e9e, dans les voli\u00e8res ext\u00e9rieures, lorsque les mesures d\u2019hygi\u00e8ne ne sont pas respect\u00e9es. L\u2019exposition aux souris ou aux fientes d\u2019oiseaux sauvages constitue une source d\u2019infection.<\/div>\n<h6>Dosage :<\/h6>\n<div>POSOLOGIE : COMME TRAITEMENT NORMAL ajouter 5 g dans 1 litre d\u2019eau de boisson pendant 5\u20137 jours cons\u00e9cutifs.<\/div>\n<div>EN CAS DE SALMONELLOSE OU DE COLIBACILLOSE (MALADIE DE TRANSPIRATION) r\u00e9p\u00e9ter le traitement apr\u00e8s 2 jours.<\/div>\n<div>Cuill\u00e8re doseuse 1+5 g incluse.<\/div>\n<div>Interaction(s) : inconnues.<\/div>\n<div>Contre-indication(s) : surdosage.<\/div>\n<h6>Conseils d\u2019utilisation :<\/h6>\n<div>Isoler les oiseaux malades (temp\u00e9rature 28-33 \u00baC, lumi\u00e8re tamis\u00e9e).<\/div>\n<div>Pendant le traitement des animaux malades, administrer \u00e9galement un traitement pr\u00e9ventif aux autres oiseaux.<\/div>\n<div>S\u2019assurer que les oiseaux consomment les quantit\u00e9s recommand\u00e9es de m\u00e9dicament ; \u00e9viter toute prise d\u2019eau ou de nourriture non m\u00e9dicamenteuse.<\/div>\n<div>Administrer du glucose et MULTIVIT MIX pendant le traitement.<\/div>\n<div>Pour les cas graves, un traitement prolong\u00e9 est recommand\u00e9.<\/div>\n<div>Veiller \u00e0 bien d\u00e9sinfecter le logement.<\/div>\n<div>Si aucune am\u00e9lioration rapide n\u2019est observ\u00e9e, consulter un expert.<\/div>\n<h6>NOTES : LIRE LES INSTRUCTIONS AVANT UTILISATION.<\/h6>\n<div>Conserver au sec, \u00e0 l\u2019abri de la lumi\u00e8re directe, entre 0 et 30 \u00b0C.<\/div>\n<div>Dur\u00e9e de conservation apr\u00e8s premi\u00e8re ouverture : un (1) an.<\/div>\n<div>Num\u00e9ro de lot et date de p\u00e9remption : voir emballage.<\/div>\n<div>\u00c9viter le contact du m\u00e9dicament avec les mains.<\/div>\n<div>Tenir hors de port\u00e9e des enfants.<\/div>\n<div>Pour usage v\u00e9t\u00e9rinaire uniquement. Non destin\u00e9 aux animaux destin\u00e9s \u00e0 la consommation humaine.<\/div>\n<div>\u00c9liminer les emballages vides et les restes avec les d\u00e9chets m\u00e9nagers.<\/div>\n<div>Ce m\u00e9dicament v\u00e9t\u00e9rinaire est commercialis\u00e9 conform\u00e9ment au r\u00e9gime d\u2019exemption pour petits animaux.<\/div>\n<h6>Contient :<\/h6>\n<div>Furaltadone HCl 12,8 %, Chloramph\u00e9nicol 8 %, Chlort\u00e9tracycline HCl 12,5 %, excipients q.s.p. 100 g<\/div>\n","protected":false},"excerpt":{"rendered":"<p>Indication : Salmonellose, colibacillose (maladie de transpiration) et infections bact\u00e9riennes courantes chez les oiseaux. Sympt\u00f4mes : SYMPT\u00d4MES DES INFECTIONS BACT\u00c9RIENNES EN G\u00c9N\u00c9RAL&hellip;<\/p>\n","protected":false},"featured_media":15368,"template":"","meta":[],"product_cat":[319],"product_tag":[],"class_list":{"0":"post-15367","1":"product","2":"type-product","3":"status-publish","4":"has-post-thumbnail","6":"product_cat-medicaments-pour-oiseaux","8":"first","9":"instock","10":"shipping-taxable","11":"product-type-simple"},"_links":{"self":[{"href":"https:\/\/care4bird.nl\/fr\/wp-json\/wp\/v2\/product\/15367","targetHints":{"allow":["GET"]}}],"collection":[{"href":"https:\/\/care4bird.nl\/fr\/wp-json\/wp\/v2\/product"}],"about":[{"href":"https:\/\/care4bird.nl\/fr\/wp-json\/wp\/v2\/types\/product"}],"wp:featuredmedia":[{"embeddable":true,"href":"https:\/\/care4bird.nl\/fr\/wp-json\/wp\/v2\/media\/15368"}],"wp:attachment":[{"href":"https:\/\/care4bird.nl\/fr\/wp-json\/wp\/v2\/media?parent=15367"}],"wp:term":[{"taxonomy":"product_cat","embeddable":true,"href":"https:\/\/care4bird.nl\/fr\/wp-json\/wp\/v2\/product_cat?post=15367"},{"taxonomy":"product_tag","embeddable":true,"href":"https:\/\/care4bird.nl\/fr\/wp-json\/wp\/v2\/product_tag?post=15367"}],"curies":[{"name":"wp","href":"https:\/\/api.w.org\/{rel}","templated":true}]}}