{"id":15374,"date":"2025-11-03T11:34:46","date_gmt":"2025-11-03T11:34:46","guid":{"rendered":"https:\/\/care4bird.nl\/product\/worm-mix\/"},"modified":"2026-04-16T09:44:31","modified_gmt":"2026-04-16T09:44:31","slug":"worm-mix","status":"publish","type":"product","link":"https:\/\/care4bird.nl\/fr\/produit\/worm-mix\/","title":{"rendered":"Worm-mix"},"content":{"rendered":"<div>\n<h6>Indication :<\/h6>\n<\/div>\n<div>Pour la pr\u00e9vention et le traitement des infestations par les vers ronds et les capillaires chez les oiseaux.<\/div>\n<h6>Sympt\u00f4mes :<\/h6>\n<div>DES VERS INTESTINAUX<\/div>\n<div><\/div>\n<div>\u2022 Perte de poids<\/div>\n<div>\u2022 Perte de condition<\/div>\n<div>\u2022 Vuln\u00e9rabilit\u00e9 accrue aux autres maladies<\/div>\n<h6>QUAND TRAITER VOS ANIMAUX :<\/h6>\n<div>\u2022 En routine, apr\u00e8s la mue<\/div>\n<div>\u2022 Lors de l\u2019achat de nouveaux oiseaux<\/div>\n<div>\u2022 En cas d\u2019infestation par des vers<\/div>\n<h6>Dosage :<\/h6>\n<div>POSOLOGIE : COMME TRAITEMENT G\u00c9N\u00c9RAL POUR LES OISEAUX :<\/div>\n<div>1 g pour 500 g de poids vif \/ 5 g pour 2500 g de poids vif pendant 2 jours cons\u00e9cutifs<\/div>\n<div>Administrer le Worm-mix avec l\u2019aliment ou dans l\u2019eau de boisson.<\/div>\n<div>R\u00e9p\u00e9ter ce traitement apr\u00e8s 10-12 jours.<\/div>\n<div>Cuill\u00e8re doseuse 1+5 g incluse<\/div>\n<h6>Interaction(s) : inconnues.<\/h6>\n<h6>Contre-indication(s) : surdosage : ne pas administrer ce produit pendant<\/h6>\n<div>l\u2019accouplement, l\u2019alimentation des jeunes, la mue des grandes plumes ni aux oiseaux \u00e2g\u00e9s de moins de 14 jours.<\/div>\n<h6>Conseils d\u2019utilisation :<\/h6>\n<div>Isoler les oiseaux malades (temp\u00e9rature 28-33 \u00baC, lumi\u00e8re tamis\u00e9e).<\/div>\n<div>Pendant le traitement, administrer \u00e9galement un traitement pr\u00e9ventif aux autres oiseaux.<\/div>\n<div>S\u2019assurer que les oiseaux consomment les quantit\u00e9s recommand\u00e9es de m\u00e9dicament ; \u00e9viter toute prise d\u2019eau ou de nourriture non m\u00e9dicamenteuse.<\/div>\n<div>Administrer du glucose et MULTIVIT MIX pendant le traitement.<\/div>\n<div>Pour les cas graves, un traitement prolong\u00e9 est recommand\u00e9.<\/div>\n<div>Veiller \u00e0 bien d\u00e9sinfecter le logement.<\/div>\n<div>Si aucune am\u00e9lioration rapide n\u2019est observ\u00e9e, consulter un expert.<\/div>\n<h6>NOTES : LIRE LES INSTRUCTIONS AVANT UTILISATION.<\/h6>\n<div>Conserver au sec, \u00e0 l\u2019abri de la lumi\u00e8re directe, entre 0-30 \u00b0C.<\/div>\n<div>Dur\u00e9e de conservation apr\u00e8s premi\u00e8re ouverture : un (1) an.<\/div>\n<div>Num\u00e9ro de lot et date de p\u00e9remption : voir emballage.<\/div>\n<div>\u00c9viter le contact du m\u00e9dicament avec les mains.<\/div>\n<div>Tenir hors de port\u00e9e des enfants.<\/div>\n<div>Pour usage v\u00e9t\u00e9rinaire uniquement. Non destin\u00e9 aux animaux destin\u00e9s \u00e0 la consommation humaine.<\/div>\n<div>\u00c9liminer les emballages vides et les restes avec les d\u00e9chets m\u00e9nagers.<\/div>\n<div>Ce m\u00e9dicament v\u00e9t\u00e9rinaire est commercialis\u00e9 conform\u00e9ment au r\u00e9gime d\u2019exemption pour petits animaux.<\/div>\n<h6>Contient :<\/h6>\n<div>Levamisole HCl 2%, excipients q.s.p. 100 g<\/div>\n","protected":false},"excerpt":{"rendered":"<p>Indication : Pour la pr\u00e9vention et le traitement des infestations par les vers ronds et les capillaires chez les oiseaux. Sympt\u00f4mes :&hellip;<\/p>\n","protected":false},"featured_media":15375,"template":"","meta":[],"product_cat":[319],"product_tag":[],"class_list":{"0":"post-15374","1":"product","2":"type-product","3":"status-publish","4":"has-post-thumbnail","6":"product_cat-medicaments-pour-oiseaux","8":"first","9":"instock","10":"shipping-taxable","11":"product-type-simple"},"_links":{"self":[{"href":"https:\/\/care4bird.nl\/fr\/wp-json\/wp\/v2\/product\/15374","targetHints":{"allow":["GET"]}}],"collection":[{"href":"https:\/\/care4bird.nl\/fr\/wp-json\/wp\/v2\/product"}],"about":[{"href":"https:\/\/care4bird.nl\/fr\/wp-json\/wp\/v2\/types\/product"}],"wp:featuredmedia":[{"embeddable":true,"href":"https:\/\/care4bird.nl\/fr\/wp-json\/wp\/v2\/media\/15375"}],"wp:attachment":[{"href":"https:\/\/care4bird.nl\/fr\/wp-json\/wp\/v2\/media?parent=15374"}],"wp:term":[{"taxonomy":"product_cat","embeddable":true,"href":"https:\/\/care4bird.nl\/fr\/wp-json\/wp\/v2\/product_cat?post=15374"},{"taxonomy":"product_tag","embeddable":true,"href":"https:\/\/care4bird.nl\/fr\/wp-json\/wp\/v2\/product_tag?post=15374"}],"curies":[{"name":"wp","href":"https:\/\/api.w.org\/{rel}","templated":true}]}}