{"id":15380,"date":"2025-11-03T11:33:19","date_gmt":"2025-11-03T11:33:19","guid":{"rendered":"https:\/\/care4bird.nl\/product\/fungi-mix\/"},"modified":"2026-04-16T09:46:49","modified_gmt":"2026-04-16T09:46:49","slug":"fungi-mix","status":"publish","type":"product","link":"https:\/\/care4bird.nl\/fr\/produit\/fungi-mix\/","title":{"rendered":"Fungi-mix"},"content":{"rendered":"<div>\n<h6>Indication:<\/h6>\n<\/div>\n<div>Infections fongiques telles que la candidose, la moniliase et l\u2019aspergillose chez les oiseaux.<\/div>\n<div>Les levures se trouvent partout dans l\u2019environnement, y compris dans les aliments avari\u00e9s. Pour cette raison, les fruits et l\u00e9gumes frais ne doivent pas rester longtemps dans la cage des oiseaux. En \u00e9t\u00e9, avec la chaleur et l\u2019humidit\u00e9, les aliments peuvent se d\u00e9t\u00e9riorer en quelques heures seulement. Une mauvaise hygi\u00e8ne peut \u00e9galement propager les infections \u00e0 levures. Le manque de st\u00e9rilisation du mat\u00e9riel d\u2019alimentation, un nettoyage insuffisant de la cage ou m\u00eame le fait de ne pas se laver les mains peuvent propager les levures. La plupart des oiseaux en bonne sant\u00e9 ne seront pas affect\u00e9s. Les oiseaux \u00e2g\u00e9s, les nouveau-n\u00e9s, les oiseaux malades et stress\u00e9s d\u00e9veloppent g\u00e9n\u00e9ralement des infections \u00e0 levures comme infections secondaires. Ces infections secondaires<\/div>\n<div>mettent davantage de pression sur leur syst\u00e8me immunitaire d\u00e9j\u00e0 affaibli et interf\u00e8rent avec le processus de gu\u00e9rison.<\/div>\n<h6>Symptoms:<\/h6>\n<div>\u2022 Plumes h\u00e9riss\u00e9es<\/div>\n<div>\u2022 Mauvais app\u00e9tit<\/div>\n<div>\u2022 Vomissements<\/div>\n<div>\u2022 Jabot gonfl\u00e9<\/div>\n<div>\u2022 Difficult\u00e9s respiratoires<\/div>\n<div>\u2022 Souvent accompagn\u00e9es de diarrh\u00e9e.<\/div>\n<h6>Dosage:<\/h6>\n<p>Dose nourriture molle: oiseaux en g\u00e9n\u00e9ral: 5 g \/ 500 g de nourriture molle, deux fois par jour, pendant 5 \u00e0 7 jours<br \/>\nDose eau de boisson: oiseaux en g\u00e9n\u00e9ral: 5 g \/ 1 L d\u2019eau de boisson, deux fois par jour, pendant 5 \u00e0 7 jours. (bien m\u00e9langer avant utilisation !) La nystatine peut \u00eatre m\u00e9lang\u00e9e directement \u00e0 la nourriture, mais est plus efficace si elle est administr\u00e9e pure environ 1\/2 heure avant l\u2019alimentation. Cela permet d\u2019enrober le jabot et d\u2019attaquer les organismes Candida. En pr\u00e9vention, donner de l\u2019acide citrique 5 ml par litre d\u2019eau quotidiennement. Cuill\u00e8re doseuse 1+5 g incluse.<\/p>\n<p>Interaction(s): inconnues.<\/p>\n<p>Contre-indication(s): surdosage.<\/p>\n<h6>Advice for use:<\/h6>\n<p>Isoler les oiseaux malades (temp\u00e9rature 28-33 \u00baC, lumi\u00e8re tamis\u00e9e).<br \/>\nPendant le traitement, traiter \u00e9galement les autres oiseaux \u00e0 titre pr\u00e9ventif.<br \/>\nS\u2019assurer que les oiseaux consomment la dose recommand\u00e9e; \u00e9viter toute autre source d\u2019eau ou nourriture non m\u00e9dicamenteuse.<br \/>\nAdministrer du glucose et MULTIVIT MIX pendant le traitement.<br \/>\nPour les cas graves, prolonger le traitement.<br \/>\nD\u00e9sinfecter correctement les installations.<br \/>\nEn cas d\u2019absence d\u2019am\u00e9lioration rapide, consulter un sp\u00e9cialiste.<\/p>\n<h6>NOTES: READ INSTRUCTIONS BEFORE USE.<\/h6>\n<p>Conserver au sec, \u00e0 l\u2019abri du soleil, entre 0-30 \u00b0C<br \/>\nDur\u00e9e de conservation apr\u00e8s ouverture: un (1) an.<br \/>\nNum\u00e9ro de lot et date d\u2019expiration: voir emballage.<br \/>\n\u00c9viter le contact avec les mains.<br \/>\nTenir hors de port\u00e9e des enfants.<br \/>\nPour usage v\u00e9t\u00e9rinaire uniquement. Ne pas utiliser chez les animaux destin\u00e9s \u00e0 la consommation humaine.<br \/>\n\u00c9liminer les emballages et restes avec les d\u00e9chets m\u00e9nagers.<br \/>\nCe m\u00e9dicament v\u00e9t\u00e9rinaire est commercialis\u00e9 conform\u00e9ment au r\u00e9gime des petits animaux.<\/p>\n<h6>Contains:<\/h6>\n<p>100 g Nystatine (200.000 UI\/gramme)<\/p>\n","protected":false},"excerpt":{"rendered":"<p>Indication: Infections fongiques telles que la candidose, la moniliase et l\u2019aspergillose chez les oiseaux. Les levures se trouvent partout dans l\u2019environnement, y&hellip;<\/p>\n","protected":false},"featured_media":15381,"template":"","meta":[],"product_cat":[319],"product_tag":[],"class_list":{"0":"post-15380","1":"product","2":"type-product","3":"status-publish","4":"has-post-thumbnail","6":"product_cat-medicaments-pour-oiseaux","8":"first","9":"instock","10":"shipping-taxable","11":"product-type-simple"},"_links":{"self":[{"href":"https:\/\/care4bird.nl\/fr\/wp-json\/wp\/v2\/product\/15380","targetHints":{"allow":["GET"]}}],"collection":[{"href":"https:\/\/care4bird.nl\/fr\/wp-json\/wp\/v2\/product"}],"about":[{"href":"https:\/\/care4bird.nl\/fr\/wp-json\/wp\/v2\/types\/product"}],"wp:featuredmedia":[{"embeddable":true,"href":"https:\/\/care4bird.nl\/fr\/wp-json\/wp\/v2\/media\/15381"}],"wp:attachment":[{"href":"https:\/\/care4bird.nl\/fr\/wp-json\/wp\/v2\/media?parent=15380"}],"wp:term":[{"taxonomy":"product_cat","embeddable":true,"href":"https:\/\/care4bird.nl\/fr\/wp-json\/wp\/v2\/product_cat?post=15380"},{"taxonomy":"product_tag","embeddable":true,"href":"https:\/\/care4bird.nl\/fr\/wp-json\/wp\/v2\/product_tag?post=15380"}],"curies":[{"name":"wp","href":"https:\/\/api.w.org\/{rel}","templated":true}]}}