{"id":15387,"date":"2025-11-03T11:31:54","date_gmt":"2025-11-03T11:31:54","guid":{"rendered":"https:\/\/care4bird.nl\/product\/protozoal-mix\/"},"modified":"2026-04-16T09:47:40","modified_gmt":"2026-04-16T09:47:40","slug":"protozoal-mix","status":"publish","type":"product","link":"https:\/\/care4bird.nl\/fr\/produit\/protozoal-mix\/","title":{"rendered":"Protozoal-mix"},"content":{"rendered":"<div>\n<div>\n<h6>Indication:<\/h6>\n<\/div>\n<div>Infections protozoaires : trichomonose (chancre), giardiase<\/div>\n<\/div>\n<div>\n<div>et Cochlosoma chez les oiseaux.<\/div>\n<\/div>\n<h6>Symptoms:<\/h6>\n<div>\n<div>\u2022 Trichomonose : perte de poids, r\u00e9gurgitation, salive s\u00e9ch\u00e9e autour du bec<\/div>\n<\/div>\n<div>\n<div>\u2022 Giardiase : diarrh\u00e9e et quelques d\u00e9c\u00e8s.<\/div>\n<\/div>\n<div>\n<div>\u2022 Cochlosomose : chez les oisillons, d\u00e9shydratation et faiblesse avec diarrh\u00e9e jaune.<\/div>\n<\/div>\n<div>\n<div>Chez les pinsons \u00e9lev\u00e9s sous des bengalis, qui agissent comme porteurs asymptomatiques.<\/div>\n<\/div>\n<div>\n<div>Les sympt\u00f4mes sont plus graves chez les poussins \u00e2g\u00e9s de 10 jours \u00e0 6 semaines. L\u2019infection peut se propager par contamination des fientes, de la nourriture et de l\u2019eau.<\/div>\n<\/div>\n<h6>Dosage<\/h6>\n<div>DOSAGE : Trichomonose et giardiase : ajouter 5 g \u00e0 1 litre d\u2019eau de boisson<\/div>\n<div>pendant 5 \u00e0 7 jours cons\u00e9cutifs.<\/div>\n<div>Perroquet : 1 g pour 1 litre d\u2019eau de boisson pendant 5 \u00e0 7 jours cons\u00e9cutifs.<\/div>\n<div>DOSAGE : Cochlosomose : ajouter 5 g \u00e0 1 litre d\u2019eau de boisson ou 500 g de nourriture molle<\/div>\n<div>pendant 5 jours cons\u00e9cutifs. R\u00e9p\u00e9ter ce traitement chaque mois pendant 6 mois.<\/div>\n<div>Cuill\u00e8re doseuse 1+5 g incluse.<\/div>\n<h6>Interaction(s): inconnues.<\/h6>\n<h6>Contre-indication(s): surdosage.<\/h6>\n<h6>Advice for use:<\/h6>\n<p>Isoler les oiseaux malades (temp\u00e9rature 28-33 \u00baC, lumi\u00e8re tamis\u00e9e).<br \/>\nPendant le traitement, traiter \u00e9galement les autres oiseaux \u00e0 titre pr\u00e9ventif.<br \/>\nS\u2019assurer que les oiseaux consomment les quantit\u00e9s recommand\u00e9es ; \u00e9viter toute eau ou nourriture non m\u00e9dicamenteuse.<br \/>\nAdministrer du glucose et MULTIVIT MIX pendant le traitement.<br \/>\nPour les cas graves, prolonger le traitement.<br \/>\nVeiller \u00e0 bien d\u00e9sinfecter les installations.<br \/>\nSi aucune am\u00e9lioration rapide n\u2019appara\u00eet, consulter un expert<\/p>\n<h6>NOTES: READ INSTRUCTIONS BEFORE USE.<\/h6>\n<p>Dur\u00e9e de conservation apr\u00e8s ouverture : un (1) an.<br \/>\nNum\u00e9ro de lot et date d\u2019expiration : voir emballage.<br \/>\n\u00c9viter le contact du m\u00e9dicament avec les mains.<br \/>\nTenir hors de port\u00e9e des enfants.<br \/>\nPour usage v\u00e9t\u00e9rinaire uniquement. Ne pas utiliser chez les animaux destin\u00e9s \u00e0 la consommation humaine<br \/>\n\u00c9liminer les emballages vides et les restes avec les d\u00e9chets m\u00e9nagers.<br \/>\nCe m\u00e9dicament v\u00e9t\u00e9rinaire est commercialis\u00e9 conform\u00e9ment au r\u00e9gime des petits animaux<\/p>\n<h6>Contains:<\/h6>\n<p>Ronidazole 10%, excipients q.s. 100 g<\/p>\n","protected":false},"excerpt":{"rendered":"<p>Indication: Infections protozoaires : trichomonose (chancre), giardiase et Cochlosoma chez les oiseaux. Symptoms: \u2022 Trichomonose : perte de poids, r\u00e9gurgitation, salive s\u00e9ch\u00e9e&hellip;<\/p>\n","protected":false},"featured_media":15388,"template":"","meta":[],"product_cat":[319],"product_tag":[],"class_list":{"0":"post-15387","1":"product","2":"type-product","3":"status-publish","4":"has-post-thumbnail","6":"product_cat-medicaments-pour-oiseaux","8":"first","9":"instock","10":"shipping-taxable","11":"product-type-simple"},"_links":{"self":[{"href":"https:\/\/care4bird.nl\/fr\/wp-json\/wp\/v2\/product\/15387","targetHints":{"allow":["GET"]}}],"collection":[{"href":"https:\/\/care4bird.nl\/fr\/wp-json\/wp\/v2\/product"}],"about":[{"href":"https:\/\/care4bird.nl\/fr\/wp-json\/wp\/v2\/types\/product"}],"wp:featuredmedia":[{"embeddable":true,"href":"https:\/\/care4bird.nl\/fr\/wp-json\/wp\/v2\/media\/15388"}],"wp:attachment":[{"href":"https:\/\/care4bird.nl\/fr\/wp-json\/wp\/v2\/media?parent=15387"}],"wp:term":[{"taxonomy":"product_cat","embeddable":true,"href":"https:\/\/care4bird.nl\/fr\/wp-json\/wp\/v2\/product_cat?post=15387"},{"taxonomy":"product_tag","embeddable":true,"href":"https:\/\/care4bird.nl\/fr\/wp-json\/wp\/v2\/product_tag?post=15387"}],"curies":[{"name":"wp","href":"https:\/\/api.w.org\/{rel}","templated":true}]}}