{"id":15393,"date":"2025-11-03T11:31:44","date_gmt":"2025-11-03T11:31:44","guid":{"rendered":"https:\/\/care4bird.nl\/product\/combi-mix-2\/"},"modified":"2026-04-16T09:48:32","modified_gmt":"2026-04-16T09:48:32","slug":"combi-mix-2","status":"publish","type":"product","link":"https:\/\/care4bird.nl\/fr\/produit\/combi-mix-2\/","title":{"rendered":"Combi-mix"},"content":{"rendered":"<div>\n<h6>Indication:<\/h6>\n<\/div>\n<div>Coccidiose et atoxoplasmose (Lankesterella) chez les oiseaux.<\/div>\n<h6>Symptoms:<\/h6>\n<div>\u2022 Perte d\u2019app\u00e9tit<\/div>\n<div>\u2022 Plumes h\u00e9riss\u00e9es<\/div>\n<div>\u2022 Selles liquides et visqueuses;<\/div>\n<div>\u2022 Plumes sales autour du cloaque;<\/div>\n<div>\u2022 Augmentation de la taille du foie;<\/div>\n<div>\u2022 Intestins gonfl\u00e9s<\/div>\n<h6>Dosage:<\/h6>\n<div>Dosage coccidiose : oiseaux de cage, canaris : 1 g\/200 ml d\u2019eau de boisson (5 g\/1 l d\u2019eau), 7 jours ; r\u00e9p\u00e9ter le traitement apr\u00e8s 2 jours.<\/div>\n<div>Dosage atoxoplasmose (Lankesterella) : oiseaux de cage, canaris : 1 g\/400 ml d\u2019eau de boisson (5 g\/2 l d\u2019eau), en continu pendant la p\u00e9riode de reproduction jusqu\u2019apr\u00e8s la premi\u00e8re mue. Cuill\u00e8re doseuse 1+5 g incluse.<\/div>\n<p>Interaction(s): inconnues.<\/p>\n<p>Contre-indication(s): surdosage.<\/p>\n<h6>Advice for use:<\/h6>\n<p>Isoler les oiseaux malades (temp\u00e9rature 28-33 \u00baC, lumi\u00e8re tamis\u00e9e).<br \/>\nPendant le traitement, traiter \u00e9galement les autres oiseaux \u00e0 titre pr\u00e9ventif.<br \/>\nS\u2019assurer que les oiseaux consomment les quantit\u00e9s recommand\u00e9es ; \u00e9viter toute eau ou nourriture non m\u00e9dicamenteuse.<br \/>\nAdministrer du glucose et MULTIVIT MIX pendant le traitement.<br \/>\nPour les cas graves, prolonger le traitement.<br \/>\nVeiller \u00e0 bien d\u00e9sinfecter les installations.<br \/>\nSi aucune am\u00e9lioration rapide n\u2019appara\u00eet, consulter un expert.<\/p>\n<h6>NOTES: READ INSTRUCTIONS BEFORE USE.<\/h6>\n<p>Conserver au sec, \u00e0 l\u2019abri du soleil, entre 0-30 \u00b0C<br \/>\nDur\u00e9e de conservation apr\u00e8s ouverture : un (1) an.<br \/>\nNum\u00e9ro de lot et date d\u2019expiration : voir emballage.<br \/>\n\u00c9viter le contact du m\u00e9dicament avec les mains.<br \/>\nTenir hors de port\u00e9e des enfants.<br \/>\nPour usage v\u00e9t\u00e9rinaire uniquement. Ne pas utiliser chez les animaux destin\u00e9s \u00e0 la consommation humaine<br \/>\n\u00c9liminer les emballages et restes avec les d\u00e9chets m\u00e9nagers.<br \/>\nCe m\u00e9dicament v\u00e9t\u00e9rinaire est commercialis\u00e9 conform\u00e9ment au r\u00e9gime des petits animaux<\/p>\n<h6>Contains:<\/h6>\n<p>Sulfachlorpyridazine Sodium 5 %, excipients q.s. \u00e0 100 g<\/p>\n<h6>IMPORTANT<\/h6>\n<p>Il peut y avoir un l\u00e9ger durcissement de la poudre avec le temps. Cependant, cela n\u2019affecte ni la qualit\u00e9 ni l\u2019efficacit\u00e9 du produit.<\/p>\n","protected":false},"excerpt":{"rendered":"<p>Indication: Coccidiose et atoxoplasmose (Lankesterella) chez les oiseaux. Symptoms: \u2022 Perte d\u2019app\u00e9tit \u2022 Plumes h\u00e9riss\u00e9es \u2022 Selles liquides et visqueuses; \u2022 Plumes&hellip;<\/p>\n","protected":false},"featured_media":15394,"template":"","meta":[],"product_cat":[319],"product_tag":[],"class_list":{"0":"post-15393","1":"product","2":"type-product","3":"status-publish","4":"has-post-thumbnail","6":"product_cat-medicaments-pour-oiseaux","8":"first","9":"instock","10":"shipping-taxable","11":"product-type-simple"},"_links":{"self":[{"href":"https:\/\/care4bird.nl\/fr\/wp-json\/wp\/v2\/product\/15393","targetHints":{"allow":["GET"]}}],"collection":[{"href":"https:\/\/care4bird.nl\/fr\/wp-json\/wp\/v2\/product"}],"about":[{"href":"https:\/\/care4bird.nl\/fr\/wp-json\/wp\/v2\/types\/product"}],"wp:featuredmedia":[{"embeddable":true,"href":"https:\/\/care4bird.nl\/fr\/wp-json\/wp\/v2\/media\/15394"}],"wp:attachment":[{"href":"https:\/\/care4bird.nl\/fr\/wp-json\/wp\/v2\/media?parent=15393"}],"wp:term":[{"taxonomy":"product_cat","embeddable":true,"href":"https:\/\/care4bird.nl\/fr\/wp-json\/wp\/v2\/product_cat?post=15393"},{"taxonomy":"product_tag","embeddable":true,"href":"https:\/\/care4bird.nl\/fr\/wp-json\/wp\/v2\/product_tag?post=15393"}],"curies":[{"name":"wp","href":"https:\/\/api.w.org\/{rel}","templated":true}]}}