{"id":15399,"date":"2025-11-03T11:29:59","date_gmt":"2025-11-03T11:29:59","guid":{"rendered":"https:\/\/care4bird.nl\/product\/orni-mix\/"},"modified":"2026-04-16T09:50:41","modified_gmt":"2026-04-16T09:50:41","slug":"orni-mix","status":"publish","type":"product","link":"https:\/\/care4bird.nl\/fr\/produit\/orni-mix\/","title":{"rendered":"Orni-mix"},"content":{"rendered":"<div>\n<h6>Indication:<\/h6>\n<\/div>\n<div>\n<div>Infections des voies respiratoires caus\u00e9es par l\u2019ornithose, la pneumonie, la mycoplasmose et la psittacose (chlamydiose) chez les oiseaux.<\/div>\n<\/div>\n<h6>Symptoms:<\/h6>\n<div>\n<div>\u2022 Infection des sinus, respiration difficile, essoufflement, respiration bruyante ou \u00e9coulement nasal<\/div>\n<\/div>\n<div>\n<div>\u2022 \u00c9coulement ou gonflement des yeux, plumes coll\u00e9es autour des yeux<\/div>\n<\/div>\n<div>\n<div>\u2022 L\u00e9thargie, plumes \u00e9bouriff\u00e9es, perte d\u2019app\u00e9tit, perte de poids, faiblesse.<\/div>\n<\/div>\n<h6>Dosage<\/h6>\n<div>\n<div>Dosage : Oiseaux de cage et de voli\u00e8re (canaris, pinsons) :<\/div>\n<\/div>\n<div>\n<div>5 g \/ 2 litres d\u2019eau de boisson, pendant 5 \u00e0 10 jours cons\u00e9cutifs.<\/div>\n<\/div>\n<div>\n<div>Dosage : Perruches, perroquets :<\/div>\n<\/div>\n<div>\n<div>1 g \/ 2 kg de poids corporel, ou 3 g \/ 200 ml d\u2019eau de boisson, pendant 5 \u00e0 10 jours cons\u00e9cutifs.<\/div>\n<\/div>\n<div>\n<div>Pour le traitement de la psittacose (fi\u00e8vre du perroquet) : 1 g \/ 2 kg de poids corporel, ou 3 g \/ 200 ml d\u2019eau de boisson pendant 45 jours. Toutes les sources de calcium doivent \u00eatre supprim\u00e9es pendant cette p\u00e9riode, car le calcium affecte l\u2019absorption de l\u2019antibiotique.<\/div>\n<\/div>\n<div>\n<div>Cuill\u00e8re doseuse 1+5 g incluse.<\/div>\n<\/div>\n<p>Interaction(s): non connues.<\/p>\n<p>Contra-indication(s): surdosage.<\/p>\n<h6>Advice for use:<\/h6>\n<p>Isoler les oiseaux malades (temp\u00e9rature 28-33 \u00baC, lumi\u00e8re tamis\u00e9e).<br \/>\nPendant le traitement, traiter \u00e9galement les autres oiseaux \u00e0 titre pr\u00e9ventif.<br \/>\nVeiller \u00e0 ce que les oiseaux consomment la dose recommand\u00e9e, \u00e9viter toute autre source d\u2019eau ou de nourriture.<br \/>\nAdministrer glucose et MULTIVIT MIX pendant le traitement.<br \/>\nEn cas de conditions graves, prolonger le traitement.<br \/>\nD\u00e9sinfecter correctement le logement.<br \/>\nConsulter un expert en cas d\u2019absence d\u2019am\u00e9lioration.<\/p>\n<h6>NOTES: READ INSTRUCTIONS BEFORE USE.<\/h6>\n<p>Conserver dans un endroit sec, \u00e0 l\u2019abri du soleil, entre 0-30 \u00b0C<br \/>\nDur\u00e9e de conservation apr\u00e8s ouverture : un (1) an.<br \/>\nN\u00b0 de lot et date d\u2019expiration : voir emballage.<br \/>\n\u00c9viter le contact avec les mains.<br \/>\nTenir hors de port\u00e9e des enfants.<br \/>\nUniquement pour usage animal. Non destin\u00e9 aux animaux produisant des denr\u00e9es alimentaires.<br \/>\n\u00c9liminer l\u2019emballage et les restes avec les d\u00e9chets m\u00e9nagers.<br \/>\nCe m\u00e9dicament v\u00e9t\u00e9rinaire est commercialis\u00e9 conform\u00e9ment au r\u00e9gime d\u2019exemption pour petits animaux.<\/p>\n<h6>Contains:<\/h6>\n<p>Doxycycline Hyclate 6%, Spiramycine Adipate 10%, M\u00e9tronidazole 10%, Bromhexine HCl 2%, excipients q.s. \u00e0 100 g<\/p>\n","protected":false},"excerpt":{"rendered":"<p>Indication: Infections des voies respiratoires caus\u00e9es par l\u2019ornithose, la pneumonie, la mycoplasmose et la psittacose (chlamydiose) chez les oiseaux. Symptoms: \u2022 Infection&hellip;<\/p>\n","protected":false},"featured_media":15400,"template":"","meta":[],"product_cat":[319],"product_tag":[],"class_list":{"0":"post-15399","1":"product","2":"type-product","3":"status-publish","4":"has-post-thumbnail","6":"product_cat-medicaments-pour-oiseaux","8":"first","9":"instock","10":"shipping-taxable","11":"product-type-simple"},"_links":{"self":[{"href":"https:\/\/care4bird.nl\/fr\/wp-json\/wp\/v2\/product\/15399","targetHints":{"allow":["GET"]}}],"collection":[{"href":"https:\/\/care4bird.nl\/fr\/wp-json\/wp\/v2\/product"}],"about":[{"href":"https:\/\/care4bird.nl\/fr\/wp-json\/wp\/v2\/types\/product"}],"wp:featuredmedia":[{"embeddable":true,"href":"https:\/\/care4bird.nl\/fr\/wp-json\/wp\/v2\/media\/15400"}],"wp:attachment":[{"href":"https:\/\/care4bird.nl\/fr\/wp-json\/wp\/v2\/media?parent=15399"}],"wp:term":[{"taxonomy":"product_cat","embeddable":true,"href":"https:\/\/care4bird.nl\/fr\/wp-json\/wp\/v2\/product_cat?post=15399"},{"taxonomy":"product_tag","embeddable":true,"href":"https:\/\/care4bird.nl\/fr\/wp-json\/wp\/v2\/product_tag?post=15399"}],"curies":[{"name":"wp","href":"https:\/\/api.w.org\/{rel}","templated":true}]}}