{"id":15406,"date":"2025-11-03T11:29:04","date_gmt":"2025-11-03T11:29:04","guid":{"rendered":"https:\/\/care4bird.nl\/product\/multivit-mix\/"},"modified":"2026-04-16T09:51:43","modified_gmt":"2026-04-16T09:51:43","slug":"multivit-mix","status":"publish","type":"product","link":"https:\/\/care4bird.nl\/fr\/produit\/multivit-mix\/","title":{"rendered":"Multivit-Mix"},"content":{"rendered":"<div>Multivit-mix est un m\u00e9lange sp\u00e9cial de vitamines hydrosolubles et de glucose. Ces vitamines sont d&rsquo;une grande importance pour le m\u00e9tabolisme de l&rsquo;oiseau. Le glucose est ajout\u00e9 \u00e0 ce m\u00e9lange afin de fournir une \u00e9nergie directe aux oiseaux.<\/div>\n<div><\/div>\n<div>Multivit-mix contribue \u00e0 :<\/div>\n<div>Multivit-mix contribue \u00e0 :<\/div>\n<div>\u2022 une r\u00e9sistance accrue<\/div>\n<div>\u2022 une bonne reproduction<\/div>\n<div>\u2022 une r\u00e9cup\u00e9ration optimale<\/div>\n<div><\/div>\n<div>Les besoins quotidiens en vitamines d\u2019un oiseau sont tr\u00e8s importants ; une carence en vitamines peut entra\u00eener plusieurs probl\u00e8mes, par exemple :<\/div>\n<div>\u2022 Une carence en vitamine A peut provoquer une faible fertilit\u00e9 chez le m\u00e2le et la femelle, entra\u00eener des modifications de la muqueuse des voies respiratoires et digestives, facilitant les infections, affecter la vision et provoquer la mort de l\u2019embryon.<\/div>\n<div>\u2022 Une carence en vitamines du groupe B peut provoquer des troubles nerveux, un retard de croissance et de d\u00e9veloppement des plumes, des troubles du m\u00e9tabolisme des graisses, une mauvaise \u00e9closion des \u0153ufs et un mauvais d\u00e9veloppement des poussins.<\/div>\n<div>\u2022 Une carence en vitamine D peut provoquer des maladies telles que le rachitisme et des \u0153ufs \u00e0 coquille molle<\/div>\n<div><\/div>\n<div>Les multivitamines sont administr\u00e9es au moins une fois par semaine :<\/div>\n<div>\u2022 Pendant la croissance, la mue et la reproduction<\/div>\n<div>\u2022 En p\u00e9riode de stress et d\u2019efforts intenses<\/div>\n<div>\u2022 Apr\u00e8s un traitement contre une maladie, un vermifuge ou une vaccination.<\/div>\n<h6>Dosage<\/h6>\n<p>Dosage : Oiseaux d\u2019ornement :<br \/>\n\u2022 Comme dose unique apr\u00e8s un traitement : 2 g\/0,5 l d\u2019eau de boisson ou 2 g\/250 g de nourriture.<br \/>\n\u2022 Comme dose d\u2019entretien : deux fois par semaine 1 g\/0,5 l d\u2019eau de boisson ou 1 g\/250 g de nourriture.<br \/>\nMultivit-mix peut \u00eatre ajout\u00e9 \u00e0 l\u2019eau de boisson ou administr\u00e9 avec la nourriture. Cuill\u00e8re doseuse 1+5 g incluse.<\/p>\n<h6>Interaction(s): non connues.<\/h6>\n<h6>Contra-indication(s): surdosage.<\/h6>\n<h6>NOTES: READ INSTRUCTIONS BEFORE USE.<\/h6>\n<p>Conserver dans un endroit sec, \u00e0 l\u2019abri du soleil, entre 0-30 \u00b0C<br \/>\nDur\u00e9e de conservation apr\u00e8s ouverture : un (1) an.<br \/>\nN\u00b0 de lot et date d\u2019expiration : voir emballage.<br \/>\n\u00c9viter le contact avec les mains.<br \/>\nTenir hors de port\u00e9e des enfants.<br \/>\nUniquement pour usage animal. Non destin\u00e9 aux animaux produisant des denr\u00e9es alimentaires.<br \/>\n\u00c9liminer l\u2019emballage et les restes avec les d\u00e9chets m\u00e9nagers.<br \/>\nCe m\u00e9dicament v\u00e9t\u00e9rinaire est commercialis\u00e9 conform\u00e9ment au r\u00e9gime d\u2019exemption pour petits animaux.<\/p>\n<h6>Contains:<\/h6>\n<p>200 g Multivitamines<\/p>\n","protected":false},"excerpt":{"rendered":"<p>Multivit-mix est un m\u00e9lange sp\u00e9cial de vitamines hydrosolubles et de glucose. Ces vitamines sont d&rsquo;une grande importance pour le m\u00e9tabolisme de l&rsquo;oiseau.&hellip;<\/p>\n","protected":false},"featured_media":15407,"template":"","meta":[],"product_cat":[319],"product_tag":[],"class_list":{"0":"post-15406","1":"product","2":"type-product","3":"status-publish","4":"has-post-thumbnail","6":"product_cat-medicaments-pour-oiseaux","8":"first","9":"instock","10":"shipping-taxable","11":"product-type-simple"},"_links":{"self":[{"href":"https:\/\/care4bird.nl\/fr\/wp-json\/wp\/v2\/product\/15406","targetHints":{"allow":["GET"]}}],"collection":[{"href":"https:\/\/care4bird.nl\/fr\/wp-json\/wp\/v2\/product"}],"about":[{"href":"https:\/\/care4bird.nl\/fr\/wp-json\/wp\/v2\/types\/product"}],"wp:featuredmedia":[{"embeddable":true,"href":"https:\/\/care4bird.nl\/fr\/wp-json\/wp\/v2\/media\/15407"}],"wp:attachment":[{"href":"https:\/\/care4bird.nl\/fr\/wp-json\/wp\/v2\/media?parent=15406"}],"wp:term":[{"taxonomy":"product_cat","embeddable":true,"href":"https:\/\/care4bird.nl\/fr\/wp-json\/wp\/v2\/product_cat?post=15406"},{"taxonomy":"product_tag","embeddable":true,"href":"https:\/\/care4bird.nl\/fr\/wp-json\/wp\/v2\/product_tag?post=15406"}],"curies":[{"name":"wp","href":"https:\/\/api.w.org\/{rel}","templated":true}]}}