{"id":15412,"date":"2025-11-03T11:28:39","date_gmt":"2025-11-03T11:28:39","guid":{"rendered":"https:\/\/care4bird.nl\/product\/eye-drops-2\/"},"modified":"2026-04-16T09:52:46","modified_gmt":"2026-04-16T09:52:46","slug":"eye-drops-2","status":"publish","type":"product","link":"https:\/\/care4bird.nl\/fr\/produit\/eye-drops-2\/","title":{"rendered":"Eye drops"},"content":{"rendered":"<div>\n<h6>Indication:<\/h6>\n<\/div>\n<div>toutes sortes d\u2019infections ; maladies des yeux ou des oreilles caus\u00e9es par des bact\u00e9ries Gram + et Gram &#8211;<\/div>\n<h6>Dosage<\/h6>\n<div>1-2 gouttes ou selon prescription v\u00e9t\u00e9rinaire<\/div>\n<h6>Treatment<\/h6>\n<div>1-2 fois par jour jusqu\u2019\u00e0 am\u00e9lioration,<\/div>\n<div>ou selon prescription v\u00e9t\u00e9rinaire<\/div>\n<div><\/div>\n<div>NOTES: READ INSTRUCTIONS BEFORE USE.<\/div>\n<ul>\n<li>Conserver dans un endroit sec, \u00e0 l\u2019abri du soleil, entre 0-30 \u00b0C.<\/li>\n<li>Conservation limit\u00e9e apr\u00e8s ouverture.<\/li>\n<li>\u00c9viter le contact du m\u00e9dicament avec les mains.<\/li>\n<li>Tenir hors de port\u00e9e des enfants.<\/li>\n<li>Uniquement pour usage animal. Non destin\u00e9 aux animaux de consommation humaine.<\/li>\n<li>En cas de doute ou de probl\u00e8me persistant, consulter un expert.<\/li>\n<\/ul>\n<div><b>LE PRODUIT CONTIENT DES ST\u00c9RO\u00cfDES, NE PAS UTILISER AVANT LES COURSES.<\/b><\/div>\n<h6>Formula<\/h6>\n<div>contient : phosphate de prednisolone sodique 55 mg\/g, sulfate de n\u00e9omycine 50 mg\/g<\/div>\n<h6>Containts:<\/h6>\n<div>10 ml m\u00e9dicament v\u00e9t\u00e9rinaire pour oiseaux<\/div>\n","protected":false},"excerpt":{"rendered":"<p>Indication: toutes sortes d\u2019infections ; maladies des yeux ou des oreilles caus\u00e9es par des bact\u00e9ries Gram + et Gram &#8211; Dosage 1-2&hellip;<\/p>\n","protected":false},"featured_media":15413,"template":"","meta":[],"product_cat":[319],"product_tag":[],"class_list":{"0":"post-15412","1":"product","2":"type-product","3":"status-publish","4":"has-post-thumbnail","6":"product_cat-medicaments-pour-oiseaux","8":"first","9":"instock","10":"shipping-taxable","11":"product-type-simple"},"_links":{"self":[{"href":"https:\/\/care4bird.nl\/fr\/wp-json\/wp\/v2\/product\/15412","targetHints":{"allow":["GET"]}}],"collection":[{"href":"https:\/\/care4bird.nl\/fr\/wp-json\/wp\/v2\/product"}],"about":[{"href":"https:\/\/care4bird.nl\/fr\/wp-json\/wp\/v2\/types\/product"}],"wp:featuredmedia":[{"embeddable":true,"href":"https:\/\/care4bird.nl\/fr\/wp-json\/wp\/v2\/media\/15413"}],"wp:attachment":[{"href":"https:\/\/care4bird.nl\/fr\/wp-json\/wp\/v2\/media?parent=15412"}],"wp:term":[{"taxonomy":"product_cat","embeddable":true,"href":"https:\/\/care4bird.nl\/fr\/wp-json\/wp\/v2\/product_cat?post=15412"},{"taxonomy":"product_tag","embeddable":true,"href":"https:\/\/care4bird.nl\/fr\/wp-json\/wp\/v2\/product_tag?post=15412"}],"curies":[{"name":"wp","href":"https:\/\/api.w.org\/{rel}","templated":true}]}}