{"id":15418,"date":"2025-11-03T11:27:22","date_gmt":"2025-11-03T11:27:22","guid":{"rendered":"https:\/\/care4bird.nl\/product\/eye-cream-2\/"},"modified":"2026-04-16T09:53:59","modified_gmt":"2026-04-16T09:53:59","slug":"eye-cream-2","status":"publish","type":"product","link":"https:\/\/care4bird.nl\/fr\/produit\/eye-cream-2\/","title":{"rendered":"Eye cream"},"content":{"rendered":"<div>\n<h6>Indication:<\/h6>\n<\/div>\n<div>tous types d\u2019infections ; maladies des yeux ou des oreilles caus\u00e9es par des bact\u00e9ries Gram + et &#8211;<\/div>\n<h6>Posologie<\/h6>\n<div>1\u20132 gouttes ou selon prescription v\u00e9t\u00e9rinaire<\/div>\n<h6>Traitement<\/h6>\n<div>1\u20132 fois par jour jusqu\u2019\u00e0 am\u00e9lioration, ou selon prescription v\u00e9t\u00e9rinaire<\/div>\n<h6>NOTES : LIRE LES INSTRUCTIONS AVANT UTILISATION.<\/h6>\n<ul>\n<li>Conserver au sec, \u00e0 l\u2019abri de la lumi\u00e8re directe du soleil, entre 0 et 30 \u00b0C.<\/li>\n<li>Conservation limit\u00e9e apr\u00e8s ouverture.<\/li>\n<li>\u00c9viter le contact du m\u00e9dicament avec les mains.<\/li>\n<li>Tenir hors de port\u00e9e des enfants.<\/li>\n<li>Uniquement pour usage v\u00e9t\u00e9rinaire. Ne pas utiliser sur des animaux destin\u00e9s \u00e0 la consommation humaine.<\/li>\n<li>En cas de doute ou de probl\u00e8mes persistants, consulter un expert.<\/li>\n<\/ul>\n<div><b>LE PRODUIT CONTIENT DES ST\u00c9RO\u00cfDES, NE PAS UTILISER AVANT LES COURSES.<\/b><\/div>\n<h6>Formule<\/h6>\n<div>Contient : phosphate de prednisolone sodique 55 mg\/g, sulfate de n\u00e9omycine 50 mg\/g<\/div>\n<h6>Contenu :<\/h6>\n<div>10 ml de m\u00e9dicament v\u00e9t\u00e9rinaire pour oiseaux<\/div>\n","protected":false},"excerpt":{"rendered":"<p>Indication: tous types d\u2019infections ; maladies des yeux ou des oreilles caus\u00e9es par des bact\u00e9ries Gram + et &#8211; Posologie 1\u20132 gouttes&hellip;<\/p>\n","protected":false},"featured_media":15419,"template":"","meta":[],"product_cat":[319],"product_tag":[],"class_list":{"0":"post-15418","1":"product","2":"type-product","3":"status-publish","4":"has-post-thumbnail","6":"product_cat-medicaments-pour-oiseaux","8":"first","9":"instock","10":"shipping-taxable","11":"product-type-simple"},"_links":{"self":[{"href":"https:\/\/care4bird.nl\/fr\/wp-json\/wp\/v2\/product\/15418","targetHints":{"allow":["GET"]}}],"collection":[{"href":"https:\/\/care4bird.nl\/fr\/wp-json\/wp\/v2\/product"}],"about":[{"href":"https:\/\/care4bird.nl\/fr\/wp-json\/wp\/v2\/types\/product"}],"wp:featuredmedia":[{"embeddable":true,"href":"https:\/\/care4bird.nl\/fr\/wp-json\/wp\/v2\/media\/15419"}],"wp:attachment":[{"href":"https:\/\/care4bird.nl\/fr\/wp-json\/wp\/v2\/media?parent=15418"}],"wp:term":[{"taxonomy":"product_cat","embeddable":true,"href":"https:\/\/care4bird.nl\/fr\/wp-json\/wp\/v2\/product_cat?post=15418"},{"taxonomy":"product_tag","embeddable":true,"href":"https:\/\/care4bird.nl\/fr\/wp-json\/wp\/v2\/product_tag?post=15418"}],"curies":[{"name":"wp","href":"https:\/\/api.w.org\/{rel}","templated":true}]}}