{"id":15424,"date":"2025-11-03T11:22:42","date_gmt":"2025-11-03T11:22:42","guid":{"rendered":"https:\/\/care4bird.nl\/product\/multivitamin\/"},"modified":"2026-04-16T09:55:21","modified_gmt":"2026-04-16T09:55:21","slug":"multivitamin","status":"publish","type":"product","link":"https:\/\/care4bird.nl\/fr\/produit\/multivitamin\/","title":{"rendered":"Multivitamin"},"content":{"rendered":"<div>\n<h6>M\u00c9LANGE SP\u00c9CIAL DE VITAMINES HYDROSOLUBLES ET DE GLUCOSE<\/h6>\n<h6>Indication :<\/h6>\n<p>Multivit-mix est un m\u00e9lange sp\u00e9cial de vitamines hydrosolubles et de glucose. Ces vitamines sont tr\u00e8s importantes pour le m\u00e9tabolisme de l\u2019oiseau. Le glucose est ajout\u00e9 \u00e0 ce m\u00e9lange afin de fournir une \u00e9nergie directe aux oiseaux.<\/p>\n<p>Multivit-mix contribue \u00e0 :<br \/>\n&#8211; une r\u00e9sistance renforc\u00e9e<br \/>\n&#8211; une bonne reproduction<br \/>\n&#8211; une r\u00e9cup\u00e9ration optimale<\/p>\n<p>Les besoins quotidiens en vitamines d\u2019un oiseau sont tr\u00e8s importants ; une carence en vitamines peut provoquer plusieurs probl\u00e8mes, par exemple :<\/p>\n<p>&#8211; Une carence en vitamine A peut entra\u00eener une baisse de fertilit\u00e9 chez le m\u00e2le et la femelle, des modifications des muqueuses des voies respiratoires et digestives facilitant les infections, une alt\u00e9ration de la vision et la mort de l\u2019embryon.<\/p>\n<p>&#8211; Une carence en vitamines du groupe B peut provoquer des troubles nerveux, un retard de croissance et du d\u00e9veloppement des plumes, des perturbations du m\u00e9tabolisme des graisses, une mauvaise \u00e9closion des \u0153ufs et un mauvais d\u00e9veloppement des poussins.<\/p>\n<p>&#8211; Une carence en vitamine D peut provoquer des maladies comme le rachitisme et des \u0153ufs \u00e0 coquille molle.<\/p>\n<p>Les multivitamines sont administr\u00e9es au moins une fois par semaine :<br \/>\nPendant la croissance, la mue et la reproduction<br \/>\nPendant les p\u00e9riodes de stress et d\u2019effort intense<br \/>\nApr\u00e8s les traitements m\u00e9dicaux, vermifuges et vaccinations.<\/p>\n<h6>Administration : Posologie : Pigeons :<\/h6>\n<p><i>MULTIVITAMIN POWDER<\/i><br \/>\nEn dose unique apr\u00e8s traitement : 5 g \/ 1 l d\u2019eau de boisson ou 5 g \/ 500 g d\u2019aliment.<br \/>\nDose d\u2019entretien : deux fois par semaine 5 g \/ 2 l d\u2019eau ou 5 g \/ 1 kg d\u2019aliment.<\/p>\n<p>Le Multivit-mix peut \u00eatre ajout\u00e9 \u00e0 l\u2019eau de boisson ou administr\u00e9 avec la nourriture.<br \/>\nCuill\u00e8re doseuse 1+5 g incluse.<\/p>\n<p><i>MULTIVITAMIN TABS<\/i><br \/>\nEntretien : 1 comprim\u00e9 par pigeon (400\u2013500 g) pendant 1\u20132 jours par semaine.<br \/>\nTraitement : 1 comprim\u00e9 par pigeon (400\u2013500 g) pendant 5 jours cons\u00e9cutifs, ou selon prescription v\u00e9t\u00e9rinaire.<\/p>\n<h6>Interactions :<\/h6>\n<p>inconnues<\/p>\n<h6>Contre-indications :<\/h6>\n<p>surdosage<\/p>\n<h6>Contient :<\/h6>\n<p><i>MULTIVITAMIN POWDER<\/i><\/p>\n<p>Multivitamines (A, complexe B, C, D, E), acides amin\u00e9s, oligo-\u00e9l\u00e9ments.<\/p>\n<p><i>MULTIVITAMIN TABS<\/i><br \/>\nMultivitamines (A, B-complexe, C, D, E), acides amin\u00e9s, oligo-\u00e9l\u00e9ments.\n<\/div>\n","protected":false},"excerpt":{"rendered":"<p>M\u00c9LANGE SP\u00c9CIAL DE VITAMINES HYDROSOLUBLES ET DE GLUCOSE Indication : Multivit-mix est un m\u00e9lange sp\u00e9cial de vitamines hydrosolubles et de glucose. Ces&hellip;<\/p>\n","protected":false},"featured_media":15425,"template":"","meta":[],"product_cat":[322],"product_tag":[],"class_list":{"0":"post-15424","1":"product","2":"type-product","3":"status-publish","4":"has-post-thumbnail","6":"product_cat-complements-alimentaires-pour-pigeons","8":"first","9":"instock","10":"shipping-taxable","11":"product-type-simple"},"_links":{"self":[{"href":"https:\/\/care4bird.nl\/fr\/wp-json\/wp\/v2\/product\/15424","targetHints":{"allow":["GET"]}}],"collection":[{"href":"https:\/\/care4bird.nl\/fr\/wp-json\/wp\/v2\/product"}],"about":[{"href":"https:\/\/care4bird.nl\/fr\/wp-json\/wp\/v2\/types\/product"}],"wp:featuredmedia":[{"embeddable":true,"href":"https:\/\/care4bird.nl\/fr\/wp-json\/wp\/v2\/media\/15425"}],"wp:attachment":[{"href":"https:\/\/care4bird.nl\/fr\/wp-json\/wp\/v2\/media?parent=15424"}],"wp:term":[{"taxonomy":"product_cat","embeddable":true,"href":"https:\/\/care4bird.nl\/fr\/wp-json\/wp\/v2\/product_cat?post=15424"},{"taxonomy":"product_tag","embeddable":true,"href":"https:\/\/care4bird.nl\/fr\/wp-json\/wp\/v2\/product_tag?post=15424"}],"curies":[{"name":"wp","href":"https:\/\/api.w.org\/{rel}","templated":true}]}}