{"id":15430,"date":"2025-11-03T11:20:06","date_gmt":"2025-11-03T11:20:06","guid":{"rendered":"https:\/\/care4bird.nl\/product\/breeding-tabs\/"},"modified":"2026-04-16T10:54:50","modified_gmt":"2026-04-16T10:54:50","slug":"breeding-tabs","status":"publish","type":"product","link":"https:\/\/care4bird.nl\/fr\/produit\/breeding-tabs\/","title":{"rendered":"Breeding Tabs"},"content":{"rendered":"<div>\n<h6>POUR UNE CROISSANCE OPTIMALE DES JEUNES OISEAUX<\/h6>\n<h6>Indication :<\/h6>\n<p>Comprim\u00e9s pour l\u2019\u00e9levage. Prot\u00e9ines facilement digestibles pour une croissance optimale des jeunes oiseaux. Contient des vitamines, des oligo-\u00e9l\u00e9ments et des acides amin\u00e9s n\u00e9cessaires \u00e0 la croissance parfaite des jeunes. Pour les pigeons reproducteurs plus \u00e2g\u00e9s afin de maintenir la vitalit\u00e9 et la fertilit\u00e9.<\/p>\n<h6>Utilisation et posologie<\/h6>\n<p>\u00c0 partir de 1 semaine : 2 fois par semaine \u2013 1 \u00e0 2 comprim\u00e9s selon l\u2019\u00e2ge<br \/>\n\u00c0 partir de 5 semaines : 1 fois par semaine \u2013 2 comprim\u00e9s<br \/>\nReproducteurs : 1 fois par semaine \u2013 1 \u00e0 2 comprim\u00e9s, ou selon prescription v\u00e9t\u00e9rinaire.\n<\/p><\/div>\n","protected":false},"excerpt":{"rendered":"<p>POUR UNE CROISSANCE OPTIMALE DES JEUNES OISEAUX Indication : Comprim\u00e9s pour l\u2019\u00e9levage. Prot\u00e9ines facilement digestibles pour une croissance optimale des jeunes oiseaux.&hellip;<\/p>\n","protected":false},"featured_media":15431,"template":"","meta":[],"product_cat":[322],"product_tag":[],"class_list":{"0":"post-15430","1":"product","2":"type-product","3":"status-publish","4":"has-post-thumbnail","6":"product_cat-complements-alimentaires-pour-pigeons","8":"first","9":"instock","10":"shipping-taxable","11":"product-type-simple"},"_links":{"self":[{"href":"https:\/\/care4bird.nl\/fr\/wp-json\/wp\/v2\/product\/15430","targetHints":{"allow":["GET"]}}],"collection":[{"href":"https:\/\/care4bird.nl\/fr\/wp-json\/wp\/v2\/product"}],"about":[{"href":"https:\/\/care4bird.nl\/fr\/wp-json\/wp\/v2\/types\/product"}],"wp:featuredmedia":[{"embeddable":true,"href":"https:\/\/care4bird.nl\/fr\/wp-json\/wp\/v2\/media\/15431"}],"wp:attachment":[{"href":"https:\/\/care4bird.nl\/fr\/wp-json\/wp\/v2\/media?parent=15430"}],"wp:term":[{"taxonomy":"product_cat","embeddable":true,"href":"https:\/\/care4bird.nl\/fr\/wp-json\/wp\/v2\/product_cat?post=15430"},{"taxonomy":"product_tag","embeddable":true,"href":"https:\/\/care4bird.nl\/fr\/wp-json\/wp\/v2\/product_tag?post=15430"}],"curies":[{"name":"wp","href":"https:\/\/api.w.org\/{rel}","templated":true}]}}