{"id":15436,"date":"2025-11-03T11:19:23","date_gmt":"2025-11-03T11:19:23","guid":{"rendered":"https:\/\/care4bird.nl\/product\/brewers-yeast\/"},"modified":"2026-04-16T11:01:29","modified_gmt":"2026-04-16T11:01:29","slug":"brewers-yeast","status":"publish","type":"product","link":"https:\/\/care4bird.nl\/fr\/produit\/brewers-yeast\/","title":{"rendered":"Brewer`s yeast"},"content":{"rendered":"<div>\n<h6>Indication :<\/h6>\n<\/div>\n<div>La levure de bi\u00e8re est un aliment naturel aux propri\u00e9t\u00e9s b\u00e9n\u00e9fiques pour la sant\u00e9. Elle est riche en vitamines naturelles (dont le complexe B), min\u00e9raux, prot\u00e9ines, acides amin\u00e9s et oligo-\u00e9l\u00e9ments. Ceux-ci sont importants pour la condition et la forme de vos pigeons. Donnez de la levure de bi\u00e8re \u00e0 vos pigeons au moins une fois par semaine, avec de l\u2019huile d\u2019ail toute l\u2019ann\u00e9e.<\/div>\n<div>\n<h6>Posologie<\/h6>\n<\/div>\n<div>25 grammes (environ 1 cuill\u00e8re \u00e0 soupe bien remplie) sur la nourriture, 1 \u00e0 2 jours par semaine pour 40\/50 pigeons ou 20 kg de poids vif d\u2019oiseaux.<\/div>\n<div>\n<h6>Contre-indication :<\/h6>\n<\/div>\n<div>\u00c0 cette dose, aucune connue.<\/div>\n<div>\n<h6>Contenu :<\/h6>\n<\/div>\n<div>800 g de produit di\u00e9t\u00e9tique pour oiseaux de sport.<\/div>\n","protected":false},"excerpt":{"rendered":"<p>Indication : La levure de bi\u00e8re est un aliment naturel aux propri\u00e9t\u00e9s b\u00e9n\u00e9fiques pour la sant\u00e9. Elle est riche en vitamines naturelles&hellip;<\/p>\n","protected":false},"featured_media":15437,"template":"","meta":[],"product_cat":[322],"product_tag":[],"class_list":{"0":"post-15436","1":"product","2":"type-product","3":"status-publish","4":"has-post-thumbnail","6":"product_cat-complements-alimentaires-pour-pigeons","8":"first","9":"instock","10":"shipping-taxable","11":"product-type-simple"},"_links":{"self":[{"href":"https:\/\/care4bird.nl\/fr\/wp-json\/wp\/v2\/product\/15436","targetHints":{"allow":["GET"]}}],"collection":[{"href":"https:\/\/care4bird.nl\/fr\/wp-json\/wp\/v2\/product"}],"about":[{"href":"https:\/\/care4bird.nl\/fr\/wp-json\/wp\/v2\/types\/product"}],"wp:featuredmedia":[{"embeddable":true,"href":"https:\/\/care4bird.nl\/fr\/wp-json\/wp\/v2\/media\/15437"}],"wp:attachment":[{"href":"https:\/\/care4bird.nl\/fr\/wp-json\/wp\/v2\/media?parent=15436"}],"wp:term":[{"taxonomy":"product_cat","embeddable":true,"href":"https:\/\/care4bird.nl\/fr\/wp-json\/wp\/v2\/product_cat?post=15436"},{"taxonomy":"product_tag","embeddable":true,"href":"https:\/\/care4bird.nl\/fr\/wp-json\/wp\/v2\/product_tag?post=15436"}],"curies":[{"name":"wp","href":"https:\/\/api.w.org\/{rel}","templated":true}]}}