{"id":15442,"date":"2025-11-03T11:18:21","date_gmt":"2025-11-03T11:18:21","guid":{"rendered":"https:\/\/care4bird.nl\/product\/garlic-oil\/"},"modified":"2026-04-16T11:06:23","modified_gmt":"2026-04-16T11:06:23","slug":"garlic-oil","status":"publish","type":"product","link":"https:\/\/care4bird.nl\/fr\/produit\/garlic-oil\/","title":{"rendered":"Garlic Oil"},"content":{"rendered":"<div>\n<h6>Sp\u00e9cialement d\u00e9velopp\u00e9 pour apporter les bienfaits naturels de l\u2019ail aux oiseaux de mani\u00e8re s\u00fbre et efficace.<\/h6>\n<div>L\u2019ail est extr\u00eamement riche en nutriments, notamment calcium, phosphore, compos\u00e9s soufr\u00e9s, fer, thiamine, riboflavine et vitamine C, ainsi que des antioxydants comme le germanium et le s\u00e9l\u00e9nium. C\u2019est pourquoi Garlic Oil est une huile tr\u00e8s importante pour la condition des plumes. L\u2019importance de l\u2019ail pour les pigeons et les oiseaux comme vermifuge naturel, conditionneur et promoteur de la mue des plumes est connue depuis de nombreuses ann\u00e9es. L\u2019ail am\u00e9liore \u00e9galement la circulation sanguine. Garlic Oil est compos\u00e9 d\u2019extraits purs d\u2019ail et d\u2019huile de soja raffin\u00e9e riche en acide linol\u00e9nique et linol\u00e9ique. Aucun produit chimique ajout\u00e9 et aucun traitement thermique, ce qui garantit l\u2019absence de diminution de son efficacit\u00e9 et prot\u00e8ge les voies respiratoires.<\/div>\n<h6>Posologie<\/h6>\n<div>15 ml (1\/2 bouchon doseur) de Garlic Oil par kg de nourriture \/ grains<\/div>\n<div>&#8211; En hiver, p\u00e9riode de reproduction et de comp\u00e9tition : 1 jour par semaine.<\/div>\n<div>&#8211; En pr\u00e9paration de la saison de course : pendant une semaine enti\u00e8re<\/div>\n<div>&#8211; Pendant la mue : 2 jours par semaine.<\/div>\n<div>Ne pas m\u00e9langer ce produit avec de l\u2019eau !<\/div>\n<h6>Composition :<\/h6>\n<div>Analyse Garlic Oil :<\/div>\n<div>Mati\u00e8res grasses brutes 100 % ; Additifs nutritionnels : Vitamine E 1.400 mg\/kg<\/div>\n<\/div>\n","protected":false},"excerpt":{"rendered":"<p>Sp\u00e9cialement d\u00e9velopp\u00e9 pour apporter les bienfaits naturels de l\u2019ail aux oiseaux de mani\u00e8re s\u00fbre et efficace. L\u2019ail est extr\u00eamement riche en nutriments,&hellip;<\/p>\n","protected":false},"featured_media":15443,"template":"","meta":[],"product_cat":[322],"product_tag":[],"class_list":{"0":"post-15442","1":"product","2":"type-product","3":"status-publish","4":"has-post-thumbnail","6":"product_cat-complements-alimentaires-pour-pigeons","8":"first","9":"instock","10":"shipping-taxable","11":"product-type-simple"},"_links":{"self":[{"href":"https:\/\/care4bird.nl\/fr\/wp-json\/wp\/v2\/product\/15442","targetHints":{"allow":["GET"]}}],"collection":[{"href":"https:\/\/care4bird.nl\/fr\/wp-json\/wp\/v2\/product"}],"about":[{"href":"https:\/\/care4bird.nl\/fr\/wp-json\/wp\/v2\/types\/product"}],"wp:featuredmedia":[{"embeddable":true,"href":"https:\/\/care4bird.nl\/fr\/wp-json\/wp\/v2\/media\/15443"}],"wp:attachment":[{"href":"https:\/\/care4bird.nl\/fr\/wp-json\/wp\/v2\/media?parent=15442"}],"wp:term":[{"taxonomy":"product_cat","embeddable":true,"href":"https:\/\/care4bird.nl\/fr\/wp-json\/wp\/v2\/product_cat?post=15442"},{"taxonomy":"product_tag","embeddable":true,"href":"https:\/\/care4bird.nl\/fr\/wp-json\/wp\/v2\/product_tag?post=15442"}],"curies":[{"name":"wp","href":"https:\/\/api.w.org\/{rel}","templated":true}]}}