{"id":15448,"date":"2025-11-03T11:18:01","date_gmt":"2025-11-03T11:18:01","guid":{"rendered":"https:\/\/care4bird.nl\/product\/optimal-caps\/"},"modified":"2026-04-16T11:07:38","modified_gmt":"2026-04-16T11:07:38","slug":"optimal-caps","status":"publish","type":"product","link":"https:\/\/care4bird.nl\/fr\/produit\/optimal-caps\/","title":{"rendered":"Optimal caps"},"content":{"rendered":"<div>\n<h6>Les capsules d\u2019huile de foie de morue sont une source naturelle de vitamines A et D3, enrichies en vitamine E suppl\u00e9mentaire pour soutenir la fertilit\u00e9 pendant la p\u00e9riode de reproduction.<\/h6>\n<div>Ces capsules favorisent :<br \/>\n&#8211; le d\u00e9veloppement du squelette et la croissance des jeunes pigeons<br \/>\n&#8211; le d\u00e9sir sexuel chez les m\u00e2les<br \/>\n&#8211; un syst\u00e8me immunitaire sain<\/div>\n<div>La capsule d\u2019huile de foie de morue avec vitamine E suppl\u00e9mentaire est une source naturelle de vitamines A, D3, E et est riche en acides gras om\u00e9ga-3, importants pour la formation du squelette, des os, la fertilit\u00e9 et la croissance. Elle est \u00e9galement une bonne source de phosphore et d\u2019iode. Ces deux min\u00e9raux am\u00e9liorent la r\u00e9sistance et l\u2019\u00e9nergie.<\/div>\n<h6>Composition :<\/h6>\n<div>Huile de foie de morue 18\/12 ; Vitamine A 300 \u00b5g RE (1000 UI)<\/div>\n<div>Vitamine D 2,5 \u00b5g RE (100 UI) ; Vitamine E 6,7 mg a-TE (10 UI), g\u00e9latine<\/div>\n<div><i>Composants analytiques :<\/i> Prot\u00e9ines brutes 18,12 %, fibres brutes 18,20 %, mati\u00e8res grasses brutes 0,05 %, cendres brutes 0,03 %<\/div>\n<h6>Mode d\u2019emploi :<\/h6>\n<div>&#8211; 1 capsule administr\u00e9e directement dans le bec<\/div>\n<div>&#8211; Pendant la reproduction : tous les jours de 8 jours avant l\u2019accouplement jusqu\u2019au deuxi\u00e8me \u0153uf<\/div>\n<div>&#8211; Pendant la saison de course : 2 capsules par semaine<\/div>\n<div>&#8211; Jeunes pigeons en croissance : 1 capsule par jour<\/div>\n<div><i>Conseil : peut aussi \u00eatre utilis\u00e9 chez les pigeons plus \u00e2g\u00e9s pour stimuler la fertilit\u00e9<\/i><\/div>\n<h6>NOTES : LIRE LES INSTRUCTIONS AVANT UTILISATION.<\/h6>\n<div>&#8211; Conserver au sec, \u00e0 l\u2019abri de la lumi\u00e8re directe du soleil, entre 0 et 30 \u00b0C<\/div>\n<div>&#8211; Conservation apr\u00e8s ouverture : 1 an<\/div>\n<div>&#8211; Lot et date de p\u00e9remption : voir emballage<\/div>\n<div>&#8211; Usage v\u00e9t\u00e9rinaire uniquement. Ne pas utiliser pour des animaux destin\u00e9s \u00e0 la consommation humaine<\/div>\n<div>&#8211; Tenir hors de port\u00e9e des enfants<\/div>\n<h6>Contenu :<\/h6>\n<div>300 capsules, produit di\u00e9t\u00e9tique pour oiseaux<\/div>\n<\/div>\n","protected":false},"excerpt":{"rendered":"<p>Les capsules d\u2019huile de foie de morue sont une source naturelle de vitamines A et D3, enrichies en vitamine E suppl\u00e9mentaire pour&hellip;<\/p>\n","protected":false},"featured_media":15449,"template":"","meta":[],"product_cat":[322],"product_tag":[],"class_list":{"0":"post-15448","1":"product","2":"type-product","3":"status-publish","4":"has-post-thumbnail","6":"product_cat-complements-alimentaires-pour-pigeons","8":"first","9":"instock","10":"shipping-taxable","11":"product-type-simple"},"_links":{"self":[{"href":"https:\/\/care4bird.nl\/fr\/wp-json\/wp\/v2\/product\/15448","targetHints":{"allow":["GET"]}}],"collection":[{"href":"https:\/\/care4bird.nl\/fr\/wp-json\/wp\/v2\/product"}],"about":[{"href":"https:\/\/care4bird.nl\/fr\/wp-json\/wp\/v2\/types\/product"}],"wp:featuredmedia":[{"embeddable":true,"href":"https:\/\/care4bird.nl\/fr\/wp-json\/wp\/v2\/media\/15449"}],"wp:attachment":[{"href":"https:\/\/care4bird.nl\/fr\/wp-json\/wp\/v2\/media?parent=15448"}],"wp:term":[{"taxonomy":"product_cat","embeddable":true,"href":"https:\/\/care4bird.nl\/fr\/wp-json\/wp\/v2\/product_cat?post=15448"},{"taxonomy":"product_tag","embeddable":true,"href":"https:\/\/care4bird.nl\/fr\/wp-json\/wp\/v2\/product_tag?post=15448"}],"curies":[{"name":"wp","href":"https:\/\/api.w.org\/{rel}","templated":true}]}}