{"id":15454,"date":"2025-11-03T11:17:18","date_gmt":"2025-11-03T11:17:18","guid":{"rendered":"https:\/\/care4bird.nl\/product\/protein-mix\/"},"modified":"2026-04-16T11:10:55","modified_gmt":"2026-04-16T11:10:55","slug":"protein-mix","status":"publish","type":"product","link":"https:\/\/care4bird.nl\/fr\/produit\/protein-mix\/","title":{"rendered":"Protein Mix"},"content":{"rendered":"<div>\n<h6>Indication:<\/h6>\n<\/div>\n<div>Cette forme pure contient 65 % de prot\u00e9ines en poids. Ces prot\u00e9ines aident \u00e0 pr\u00e9venir la d\u00e9gradation musculaire et \u00e0 fournir des r\u00e9serves de glycog\u00e8ne pendant l\u2019entra\u00eenement et les vols. En m\u00eame temps, ces prot\u00e9ines constituent une source importante d\u2019acides amin\u00e9s essentiels et d\u2019acides amin\u00e9s \u00e0 cha\u00eene ramifi\u00e9e tels que la valine, la leucine et l\u2019isoleucine. Ces acides amin\u00e9s sont principalement pr\u00e9sents dans les muscles et, lors d\u2019un effort intense, les cellules musculaires peuvent rapidement transformer ces trois acides amin\u00e9s en \u00e9nergie. Les acides amin\u00e9s essentiels ne peuvent pas \u00eatre synth\u00e9tis\u00e9s par le corps et doivent \u00eatre fournis par l\u2019alimentation. Les sources de prot\u00e9ines contenant tous les acides amin\u00e9s essentiels sont appel\u00e9es prot\u00e9ines compl\u00e8tes. PROTEIN MIX est une prot\u00e9ine compl\u00e8te et aide ainsi \u00e0 fournir tous les acides amin\u00e9s essentiels aux oiseaux. Les besoins en prot\u00e9ines d\u00e9pendent de l\u2019\u00e2ge des oiseaux, de la saison et des performances demand\u00e9es aux oiseaux.<\/div>\n<h6>Dosage:<\/h6>\n<div>Dosage g\u00e9n\u00e9ral (m\u00e9lang\u00e9 avec du yaourt) : pendant la saison de course pour une r\u00e9cup\u00e9ration rapide et de grandes r\u00e9serves d\u2019\u00e9nergie : 20 grammes par kilo d\u2019aliment humidifi\u00e9, imm\u00e9diatement apr\u00e8s le retour \u00e0 la maison pendant 3 jours cons\u00e9cutifs.<\/div>\n<div>Pendant la saison de course pour une r\u00e9cup\u00e9ration rapide, une grande \u00e9nergie et d\u2019importantes r\u00e9serves : 20 grammes par kilo d\u2019aliment humidifi\u00e9, imm\u00e9diatement apr\u00e8s le retour \u00e0 la maison pendant 3 jours cons\u00e9cutifs.<\/div>\n<div>Pendant la mue pour des plumes saines et fortes : 20 grammes par kilo d\u2019aliment humidifi\u00e9, deux fois par semaine.<\/div>\n<div>Pendant la reproduction pour des jeunes bien d\u00e9velopp\u00e9s : 20 grammes par kilo d\u2019aliment humidifi\u00e9, deux fois par semaine. Une cuill\u00e8re doseuse pleine correspond \u00e0 environ 20 g de produit.<\/div>\n<h6>Contenu:<\/h6>\n<div>500 g produit alimentaire pour pigeons sportifs.<\/div>\n","protected":false},"excerpt":{"rendered":"<p>Indication: Cette forme pure contient 65 % de prot\u00e9ines en poids. Ces prot\u00e9ines aident \u00e0 pr\u00e9venir la d\u00e9gradation musculaire et \u00e0 fournir&hellip;<\/p>\n","protected":false},"featured_media":15455,"template":"","meta":[],"product_cat":[321,322],"product_tag":[],"class_list":{"0":"post-15454","1":"product","2":"type-product","3":"status-publish","4":"has-post-thumbnail","6":"product_cat-complements-alimentaires-pour-oiseaux","7":"product_cat-complements-alimentaires-pour-pigeons","9":"first","10":"instock","11":"shipping-taxable","12":"product-type-simple"},"_links":{"self":[{"href":"https:\/\/care4bird.nl\/fr\/wp-json\/wp\/v2\/product\/15454","targetHints":{"allow":["GET"]}}],"collection":[{"href":"https:\/\/care4bird.nl\/fr\/wp-json\/wp\/v2\/product"}],"about":[{"href":"https:\/\/care4bird.nl\/fr\/wp-json\/wp\/v2\/types\/product"}],"wp:featuredmedia":[{"embeddable":true,"href":"https:\/\/care4bird.nl\/fr\/wp-json\/wp\/v2\/media\/15455"}],"wp:attachment":[{"href":"https:\/\/care4bird.nl\/fr\/wp-json\/wp\/v2\/media?parent=15454"}],"wp:term":[{"taxonomy":"product_cat","embeddable":true,"href":"https:\/\/care4bird.nl\/fr\/wp-json\/wp\/v2\/product_cat?post=15454"},{"taxonomy":"product_tag","embeddable":true,"href":"https:\/\/care4bird.nl\/fr\/wp-json\/wp\/v2\/product_tag?post=15454"}],"curies":[{"name":"wp","href":"https:\/\/api.w.org\/{rel}","templated":true}]}}