{"id":15461,"date":"2025-11-03T11:16:18","date_gmt":"2025-11-03T11:16:18","guid":{"rendered":"https:\/\/care4bird.nl\/product\/fast-form\/"},"modified":"2026-04-16T11:13:59","modified_gmt":"2026-04-16T11:13:59","slug":"fast-form","status":"publish","type":"product","link":"https:\/\/care4bird.nl\/fr\/produit\/fast-form\/","title":{"rendered":"Fast Form"},"content":{"rendered":"<div>\n<h6>Indication:<\/h6>\n<\/div>\n<div>Pour am\u00e9liorer les performances et d\u00e9sinfecter l\u2019eau de boisson. Les pigeons de haute performance ne peuvent pas \u00eatre nourris uniquement avec du grain et de l\u2019eau, les oiseaux seront en pleine forme avec FASTFORM !<\/div>\n<h6>Dosage:<\/h6>\n<div>\nPour am\u00e9liorer les performances pendant la p\u00e9riode de course : chaque jour 5 ml pour 2-3 litres (2 ml\/litre) d\u2019eau de boisson claire. Lors des journ\u00e9es tr\u00e8s chaudes, augmenter la quantit\u00e9 d\u2019eau \u00e0 5 litres. Le jour du vol, ne donner que de l\u2019eau claire ! Pendant la reproduction et la mue : 5 ml pour 5 litres (1 ml\/litre) d\u2019eau de boisson claire 1 \u00e0 2 fois par semaine.\n<\/div>\n<div>\nPour d\u00e9sinfecter l\u2019eau des abreuvoirs pendant le reste de l\u2019ann\u00e9e : une fois par semaine 5 ml pour 5 litres (1 ml\/litre) d\u2019eau de boisson. Bien agiter avant utilisation !\n<\/div>\n<div>\n<b>Important :<\/b> ne pas utiliser de r\u00e9cipients galvanis\u00e9s ou en cuivre. Les r\u00e9cipients en acier inoxydable peuvent \u00eatre utilis\u00e9s.\n<\/div>\n<h6>Composition (par 1000 ml de produit) :<\/h6>\n<div>\nSulfate de cobalt(II) 7H2O 60 mg<br \/>\nIodure de potassium 90.000 mg<br \/>\nMolybdate de sodium 2H2O 20 mg<br \/>\nCitrate d\u2019ammonium ferrique 50.000 mg\n<\/div>\n<h4>Notes<\/h4>\n<div>\n&#8211; Conserver au sec, \u00e0 l\u2019abri de la lumi\u00e8re directe du soleil, entre 0 et 30 \u00b0C.<br \/>\n&#8211; Dur\u00e9e de conservation apr\u00e8s ouverture : un (1) an.<br \/>\n&#8211; N\u00b0 de lot et date de p\u00e9remption : voir emballage.<br \/>\n&#8211; Tenir hors de port\u00e9e des enfants.<br \/>\n&#8211; Pour usage animal uniquement. Ne pas utiliser chez les animaux destin\u00e9s \u00e0 la consommation humaine.\n<\/div>\n","protected":false},"excerpt":{"rendered":"<p>Indication: Pour am\u00e9liorer les performances et d\u00e9sinfecter l\u2019eau de boisson. Les pigeons de haute performance ne peuvent pas \u00eatre nourris uniquement avec&hellip;<\/p>\n","protected":false},"featured_media":15462,"template":"","meta":[],"product_cat":[322],"product_tag":[],"class_list":{"0":"post-15461","1":"product","2":"type-product","3":"status-publish","4":"has-post-thumbnail","6":"product_cat-complements-alimentaires-pour-pigeons","8":"first","9":"instock","10":"shipping-taxable","11":"product-type-simple"},"_links":{"self":[{"href":"https:\/\/care4bird.nl\/fr\/wp-json\/wp\/v2\/product\/15461","targetHints":{"allow":["GET"]}}],"collection":[{"href":"https:\/\/care4bird.nl\/fr\/wp-json\/wp\/v2\/product"}],"about":[{"href":"https:\/\/care4bird.nl\/fr\/wp-json\/wp\/v2\/types\/product"}],"wp:featuredmedia":[{"embeddable":true,"href":"https:\/\/care4bird.nl\/fr\/wp-json\/wp\/v2\/media\/15462"}],"wp:attachment":[{"href":"https:\/\/care4bird.nl\/fr\/wp-json\/wp\/v2\/media?parent=15461"}],"wp:term":[{"taxonomy":"product_cat","embeddable":true,"href":"https:\/\/care4bird.nl\/fr\/wp-json\/wp\/v2\/product_cat?post=15461"},{"taxonomy":"product_tag","embeddable":true,"href":"https:\/\/care4bird.nl\/fr\/wp-json\/wp\/v2\/product_tag?post=15461"}],"curies":[{"name":"wp","href":"https:\/\/api.w.org\/{rel}","templated":true}]}}