{"id":15467,"date":"2025-11-03T11:15:22","date_gmt":"2025-11-03T11:15:22","guid":{"rendered":"https:\/\/care4bird.nl\/product\/wonder-care\/"},"modified":"2026-04-16T11:15:37","modified_gmt":"2026-04-16T11:15:37","slug":"wonder-care","status":"publish","type":"product","link":"https:\/\/care4bird.nl\/fr\/produit\/wonder-care\/","title":{"rendered":"Wonder Care"},"content":{"rendered":"<div>\nPour l&rsquo;am\u00e9lioration de la sant\u00e9 intestinale et la pr\u00e9vention des infections bact\u00e9riennes.<\/p>\n<p>Wonder Care a des effets positifs que de nombreux autres produits n&rsquo;ont pas. Il est efficace contre les infections bact\u00e9riennes, E. coli, Salmonella, mais aussi contre les probl\u00e8mes d&rsquo;infections \u00e0 ad\u00e9novirus. Wonder Care am\u00e9liore la microflore de l&rsquo;estomac et emp\u00eache le pigeon d&rsquo;\u00eatre infect\u00e9 par des bact\u00e9ries ent\u00e9riques, ce qui est tr\u00e8s important apr\u00e8s des courses \u00e9prouvantes et le stress.\n<\/p><\/div>\n<h6>Dosage et instructions d&rsquo;utilisation:<\/h6>\n<div>P\u00e9riode de reproduction et jeunes pigeons pour une forte croissance:<\/div>\n<div>1,5 ml \/ 1 l d&rsquo;eau : 1-2 fois par semaine<\/div>\n<div>Saison de course:<\/div>\n<div>&#8211; Le lendemain de l&rsquo;arriv\u00e9e : 1 ml \/ 1 l d&rsquo;eau<\/div>\n<div>&#8211; Le jour avant l&rsquo;envoi : 1 ml \/ 1 l d&rsquo;eau<\/div>\n<div>Mue et p\u00e9riode hivernale: 1,5 ml \/ 1 l d&rsquo;eau : 1-2 fois par semaine<\/div>\n","protected":false},"excerpt":{"rendered":"<p>Pour l&rsquo;am\u00e9lioration de la sant\u00e9 intestinale et la pr\u00e9vention des infections bact\u00e9riennes. Wonder Care a des effets positifs que de nombreux autres&hellip;<\/p>\n","protected":false},"featured_media":15064,"template":"","meta":[],"product_cat":[322],"product_tag":[],"class_list":{"0":"post-15467","1":"product","2":"type-product","3":"status-publish","4":"has-post-thumbnail","6":"product_cat-complements-alimentaires-pour-pigeons","8":"first","9":"instock","10":"shipping-taxable","11":"product-type-simple"},"_links":{"self":[{"href":"https:\/\/care4bird.nl\/fr\/wp-json\/wp\/v2\/product\/15467","targetHints":{"allow":["GET"]}}],"collection":[{"href":"https:\/\/care4bird.nl\/fr\/wp-json\/wp\/v2\/product"}],"about":[{"href":"https:\/\/care4bird.nl\/fr\/wp-json\/wp\/v2\/types\/product"}],"wp:featuredmedia":[{"embeddable":true,"href":"https:\/\/care4bird.nl\/fr\/wp-json\/wp\/v2\/media\/15064"}],"wp:attachment":[{"href":"https:\/\/care4bird.nl\/fr\/wp-json\/wp\/v2\/media?parent=15467"}],"wp:term":[{"taxonomy":"product_cat","embeddable":true,"href":"https:\/\/care4bird.nl\/fr\/wp-json\/wp\/v2\/product_cat?post=15467"},{"taxonomy":"product_tag","embeddable":true,"href":"https:\/\/care4bird.nl\/fr\/wp-json\/wp\/v2\/product_tag?post=15467"}],"curies":[{"name":"wp","href":"https:\/\/api.w.org\/{rel}","templated":true}]}}