{"id":15470,"date":"2025-11-03T11:15:11","date_gmt":"2025-11-03T11:15:11","guid":{"rendered":"https:\/\/care4bird.nl\/product\/carni-form\/"},"modified":"2026-04-16T11:16:27","modified_gmt":"2026-04-16T11:16:27","slug":"carni-form","status":"publish","type":"product","link":"https:\/\/care4bird.nl\/fr\/produit\/carni-form\/","title":{"rendered":"Carni Form"},"content":{"rendered":"<div>\nCette combinaison joue un r\u00f4le central dans le m\u00e9tabolisme des lipides chez les pigeons. Le pigeon re\u00e7oit la quantit\u00e9 n\u00e9cessaire de L-carnitine. De plus, le produit contient du magn\u00e9sium et du s\u00e9l\u00e9nium pour une meilleure fonction musculaire.\n<\/div>\n<h6>Dosage<\/h6>\n<div>\nCarni-Form peut \u00eatre administr\u00e9 via l&rsquo;eau de boisson ou la nourriture :\n<\/div>\n<div>&#8211; 10 ml par litre d&rsquo;eau de boisson<\/div>\n<div>&#8211; ou 15 ml par 1 kg de nourriture<\/div>\n<div>&#8211; Administrer pour prot\u00e9ger les muscles au moins 14 jours avant le premier vol, ou avant le d\u00e9but des vols de comp\u00e9tition, quotidiennement<\/div>\n<div>&#8211; Pendant la saison de course entre les vols : 1 \u00e0 5 jours par semaine<\/div>\n<h6>Composition:<\/h6>\n<div>L-Carnitine &#8211; 150 000 mg<\/div>\n<div>Chlorure de magn\u00e9sium &#8211; 50 000 mg<\/div>\n<div>S\u00e9l\u00e9nite de sodium &#8211; 70 mg<\/div>\n<div>Agent conservateur &#8211; 7000 mg<\/div>\n","protected":false},"excerpt":{"rendered":"<p>Cette combinaison joue un r\u00f4le central dans le m\u00e9tabolisme des lipides chez les pigeons. Le pigeon re\u00e7oit la quantit\u00e9 n\u00e9cessaire de L-carnitine.&hellip;<\/p>\n","protected":false},"featured_media":15471,"template":"","meta":[],"product_cat":[322],"product_tag":[],"class_list":{"0":"post-15470","1":"product","2":"type-product","3":"status-publish","4":"has-post-thumbnail","6":"product_cat-complements-alimentaires-pour-pigeons","8":"first","9":"instock","10":"shipping-taxable","11":"product-type-simple"},"_links":{"self":[{"href":"https:\/\/care4bird.nl\/fr\/wp-json\/wp\/v2\/product\/15470","targetHints":{"allow":["GET"]}}],"collection":[{"href":"https:\/\/care4bird.nl\/fr\/wp-json\/wp\/v2\/product"}],"about":[{"href":"https:\/\/care4bird.nl\/fr\/wp-json\/wp\/v2\/types\/product"}],"wp:featuredmedia":[{"embeddable":true,"href":"https:\/\/care4bird.nl\/fr\/wp-json\/wp\/v2\/media\/15471"}],"wp:attachment":[{"href":"https:\/\/care4bird.nl\/fr\/wp-json\/wp\/v2\/media?parent=15470"}],"wp:term":[{"taxonomy":"product_cat","embeddable":true,"href":"https:\/\/care4bird.nl\/fr\/wp-json\/wp\/v2\/product_cat?post=15470"},{"taxonomy":"product_tag","embeddable":true,"href":"https:\/\/care4bird.nl\/fr\/wp-json\/wp\/v2\/product_tag?post=15470"}],"curies":[{"name":"wp","href":"https:\/\/api.w.org\/{rel}","templated":true}]}}