{"id":15485,"date":"2025-11-03T11:13:35","date_gmt":"2025-11-03T11:13:35","guid":{"rendered":"https:\/\/care4bird.nl\/product\/energy-oil\/"},"modified":"2026-04-16T11:20:14","modified_gmt":"2026-04-16T11:20:14","slug":"energy-oil","status":"publish","type":"product","link":"https:\/\/care4bird.nl\/fr\/produit\/energy-oil\/","title":{"rendered":"Energy Oil"},"content":{"rendered":"<h6>Huile \u00e9nerg\u00e9tique avec 10 huiles diff\u00e9rentes riches en om\u00e9ga 3 et om\u00e9ga 6<\/h6>\n<div>\nL\u2019Energy Oil est une source d\u2019\u00e9nergie \u00e9lev\u00e9e. Id\u00e9al pour am\u00e9liorer la condition g\u00e9n\u00e9rale et fournir les graisses n\u00e9cessaires pendant les vols.\n<\/div>\n<ul>\n<li>Fournisseur d\u2019\u00e9nergie id\u00e9al.<\/li>\n<\/ul>\n<ul>\n<li>Aide \u00e0 d\u00e9velopper la condition.<\/li>\n<\/ul>\n<ul>\n<li>Contribue au renforcement de la r\u00e9sistance naturelle.<\/li>\n<\/ul>\n<h6>Dosage<\/h6>\n<div>\nAjouter un bouchon (15 ml) de Care 4 Birds Energy Oil \u00e0 1 kg de nourriture.\n<\/div>\n<div><b>Saison de course :<\/b> une \u00e0 deux fois par semaine.<\/div>\n<div><b>Courses de longue distance :<\/b> deux fois par semaine.<\/div>\n<div><b>Jeunes pigeons :<\/b> une \u00e0 deux fois par semaine.<\/div>\n<div><b>P\u00e9riode de mue :<\/b> deux fois par semaine.<\/div>\n<div><b>P\u00e9riode de reproduction :<\/b> une \u00e0 deux fois par semaine.<\/div>\n<div>Ne pas m\u00e9langer ce produit avec de l\u2019eau !<\/div>\n<h6>Composition:<\/h6>\n<div>\nL\u00e9cithine (alimente les muscles et le syst\u00e8me nerveux) ; Huile de saumon (riche en acides gras pour l\u2019endurance) ; Huile de germe de ma\u00efs (boost d\u2019\u00e9nergie) ; Huile de graines de lin (pour la fertilit\u00e9 et la croissance musculaire) ; Huile d\u2019arachide (pour une condition musculaire optimale) ; Huile de chanvre (am\u00e9liore l\u2019\u00e9nergie et la super forme) ; Huile de germe de bl\u00e9 (vitamine E naturelle) ; Huile de soja (lib\u00e9ration d\u2019\u00e9nergie ultime) ; Huile de nigelle (pour une sant\u00e9 et une forme optimales) ; Huile de bourrache (renforce le m\u00e9tabolisme et l\u2019immunit\u00e9 naturelle)\n<\/div>\n","protected":false},"excerpt":{"rendered":"<p>Huile \u00e9nerg\u00e9tique avec 10 huiles diff\u00e9rentes riches en om\u00e9ga 3 et om\u00e9ga 6 L\u2019Energy Oil est une source d\u2019\u00e9nergie \u00e9lev\u00e9e. Id\u00e9al pour&hellip;<\/p>\n","protected":false},"featured_media":15486,"template":"","meta":[],"product_cat":[322],"product_tag":[],"class_list":{"0":"post-15485","1":"product","2":"type-product","3":"status-publish","4":"has-post-thumbnail","6":"product_cat-complements-alimentaires-pour-pigeons","8":"first","9":"instock","10":"shipping-taxable","11":"product-type-simple"},"_links":{"self":[{"href":"https:\/\/care4bird.nl\/fr\/wp-json\/wp\/v2\/product\/15485","targetHints":{"allow":["GET"]}}],"collection":[{"href":"https:\/\/care4bird.nl\/fr\/wp-json\/wp\/v2\/product"}],"about":[{"href":"https:\/\/care4bird.nl\/fr\/wp-json\/wp\/v2\/types\/product"}],"wp:featuredmedia":[{"embeddable":true,"href":"https:\/\/care4bird.nl\/fr\/wp-json\/wp\/v2\/media\/15486"}],"wp:attachment":[{"href":"https:\/\/care4bird.nl\/fr\/wp-json\/wp\/v2\/media?parent=15485"}],"wp:term":[{"taxonomy":"product_cat","embeddable":true,"href":"https:\/\/care4bird.nl\/fr\/wp-json\/wp\/v2\/product_cat?post=15485"},{"taxonomy":"product_tag","embeddable":true,"href":"https:\/\/care4bird.nl\/fr\/wp-json\/wp\/v2\/product_tag?post=15485"}],"curies":[{"name":"wp","href":"https:\/\/api.w.org\/{rel}","templated":true}]}}