{"id":15491,"date":"2025-11-03T11:13:33","date_gmt":"2025-11-03T11:13:33","guid":{"rendered":"https:\/\/care4bird.nl\/product\/entero-care\/"},"modified":"2026-04-16T11:25:00","modified_gmt":"2026-04-16T11:25:00","slug":"entero-care","status":"publish","type":"product","link":"https:\/\/care4bird.nl\/fr\/produit\/entero-care\/","title":{"rendered":"Entero Care"},"content":{"rendered":"<h6>Probiotique pour pigeons<\/h6>\n<div>\nCe m\u00e9lange probiotique contenant des bact\u00e9ries lactiques naturelles assure un bon \u00e9quilibre de la flore intestinale. Les bact\u00e9ries se d\u00e9veloppent dans le tractus intestinal et y cr\u00e9ent un environnement acide. Pour obtenir un produit optimal, des vitamines et des min\u00e9raux ont \u00e9galement \u00e9t\u00e9 ajout\u00e9s.<br \/>\nEntero Care doit de pr\u00e9f\u00e9rence \u00eatre administr\u00e9 :\n<\/div>\n<div>&#8211; Apr\u00e8s les vaccinations et les traitements m\u00e9dicamenteux<\/div>\n<div>&#8211; En cas de probl\u00e8mes de flore intestinale et de fientes<\/div>\n<div>&#8211; Pendant les p\u00e9riodes de stress (premiers vols, vols de jeunes pigeons)<\/div>\n<div>&#8211; Au retour \u00e0 la maison pour acc\u00e9l\u00e9rer la r\u00e9cup\u00e9ration<\/div>\n<h6>Dosage et instructions d&rsquo;utilisation:<\/h6>\n<div>\n1 cuill\u00e8re doseuse (10 g) pour 1 litre d\u2019eau ou 1 cuill\u00e8re doseuse incluse par 1 kg de nourriture, pendant 2 jours cons\u00e9cutifs.\n<\/div>\n<div>Entero Care peut \u00eatre administr\u00e9 chaque semaine.<\/div>\n","protected":false},"excerpt":{"rendered":"<p>Probiotique pour pigeons Ce m\u00e9lange probiotique contenant des bact\u00e9ries lactiques naturelles assure un bon \u00e9quilibre de la flore intestinale. Les bact\u00e9ries se&hellip;<\/p>\n","protected":false},"featured_media":15492,"template":"","meta":[],"product_cat":[321,322],"product_tag":[],"class_list":{"0":"post-15491","1":"product","2":"type-product","3":"status-publish","4":"has-post-thumbnail","6":"product_cat-complements-alimentaires-pour-oiseaux","7":"product_cat-complements-alimentaires-pour-pigeons","9":"first","10":"instock","11":"shipping-taxable","12":"product-type-simple"},"_links":{"self":[{"href":"https:\/\/care4bird.nl\/fr\/wp-json\/wp\/v2\/product\/15491","targetHints":{"allow":["GET"]}}],"collection":[{"href":"https:\/\/care4bird.nl\/fr\/wp-json\/wp\/v2\/product"}],"about":[{"href":"https:\/\/care4bird.nl\/fr\/wp-json\/wp\/v2\/types\/product"}],"wp:featuredmedia":[{"embeddable":true,"href":"https:\/\/care4bird.nl\/fr\/wp-json\/wp\/v2\/media\/15492"}],"wp:attachment":[{"href":"https:\/\/care4bird.nl\/fr\/wp-json\/wp\/v2\/media?parent=15491"}],"wp:term":[{"taxonomy":"product_cat","embeddable":true,"href":"https:\/\/care4bird.nl\/fr\/wp-json\/wp\/v2\/product_cat?post=15491"},{"taxonomy":"product_tag","embeddable":true,"href":"https:\/\/care4bird.nl\/fr\/wp-json\/wp\/v2\/product_tag?post=15491"}],"curies":[{"name":"wp","href":"https:\/\/api.w.org\/{rel}","templated":true}]}}