{"id":15503,"date":"2025-11-03T11:12:01","date_gmt":"2025-11-03T11:12:01","guid":{"rendered":"https:\/\/care4bird.nl\/product\/carelyt\/"},"modified":"2026-04-16T11:29:01","modified_gmt":"2026-04-16T11:29:01","slug":"carelyt","status":"publish","type":"product","link":"https:\/\/care4bird.nl\/fr\/produit\/carelyt\/","title":{"rendered":"Carelyt"},"content":{"rendered":"<h6>Indication :<\/h6>\n<div>Sel de vol pour pigeons de course<\/div>\n<div>CARELYT r\u00e9gule l\u2019\u00e9quilibre acide et hydrique de vos oiseaux. Il acc\u00e9l\u00e8re la r\u00e9cup\u00e9ration des pigeons apr\u00e8s de longs vols. Il les remet rapidement en pleine forme.<\/div>\n<h6>Posologie :<\/h6>\n<div>Instructions d\u2019utilisation :<\/div>\n<div>Lorsque les pigeons rentrent de leurs vols, ils sont tr\u00e8s assoiff\u00e9s. Donnez-leur d\u2019abord de l\u2019eau propre et fra\u00eeche.<\/div>\n<div>Apr\u00e8s 2 heures, donnez \u00e0 nouveau de l\u2019eau fra\u00eeche m\u00e9lang\u00e9e avec CARELYT.<\/div>\n<div>Dissoudre 25 g de CARELYT (1 cuill\u00e8re \u00e0 soupe) dans 2 litres d\u2019eau de boisson et laisser \u00e0 disposition pendant 24 heures.<\/div>\n<div>Ensuite, retirer et continuer avec de l\u2019eau propre normale.<\/div>\n<div>CARELYT peut \u00eatre utilis\u00e9 en combinaison avec la plupart des m\u00e9dicaments pour pigeons de course.<\/div>\n<h6>Contenu<\/h6>\n<div>600 g<\/div>\n","protected":false},"excerpt":{"rendered":"<p>Indication : Sel de vol pour pigeons de course CARELYT r\u00e9gule l\u2019\u00e9quilibre acide et hydrique de vos oiseaux. Il acc\u00e9l\u00e8re la r\u00e9cup\u00e9ration&hellip;<\/p>\n","protected":false},"featured_media":15504,"template":"","meta":[],"product_cat":[322],"product_tag":[],"class_list":{"0":"post-15503","1":"product","2":"type-product","3":"status-publish","4":"has-post-thumbnail","6":"product_cat-complements-alimentaires-pour-pigeons","8":"first","9":"instock","10":"shipping-taxable","11":"product-type-simple"},"_links":{"self":[{"href":"https:\/\/care4bird.nl\/fr\/wp-json\/wp\/v2\/product\/15503","targetHints":{"allow":["GET"]}}],"collection":[{"href":"https:\/\/care4bird.nl\/fr\/wp-json\/wp\/v2\/product"}],"about":[{"href":"https:\/\/care4bird.nl\/fr\/wp-json\/wp\/v2\/types\/product"}],"wp:featuredmedia":[{"embeddable":true,"href":"https:\/\/care4bird.nl\/fr\/wp-json\/wp\/v2\/media\/15504"}],"wp:attachment":[{"href":"https:\/\/care4bird.nl\/fr\/wp-json\/wp\/v2\/media?parent=15503"}],"wp:term":[{"taxonomy":"product_cat","embeddable":true,"href":"https:\/\/care4bird.nl\/fr\/wp-json\/wp\/v2\/product_cat?post=15503"},{"taxonomy":"product_tag","embeddable":true,"href":"https:\/\/care4bird.nl\/fr\/wp-json\/wp\/v2\/product_tag?post=15503"}],"curies":[{"name":"wp","href":"https:\/\/api.w.org\/{rel}","templated":true}]}}