{"id":15509,"date":"2025-11-03T11:11:31","date_gmt":"2025-11-03T11:11:31","guid":{"rendered":"https:\/\/care4bird.nl\/product\/probiocare\/"},"modified":"2026-04-16T11:32:16","modified_gmt":"2026-04-16T11:32:16","slug":"probiocare","status":"publish","type":"product","link":"https:\/\/care4bird.nl\/fr\/produit\/probiocare\/","title":{"rendered":"ProbioCare"},"content":{"rendered":"<h6>Probiotiques et pr\u00e9biotiques pour la r\u00e9g\u00e9n\u00e9ration de la flore intestinale<\/h6>\n<div>\nCombinaison probiotique-pr\u00e9biotique pour la r\u00e9g\u00e9n\u00e9ration et l\u2019am\u00e9lioration de la flore intestinale. ProbioCare contient une combinaison sp\u00e9ciale de diff\u00e9rents probiotiques et pr\u00e9biotiques qui agissent en synergie pour am\u00e9liorer la r\u00e9gulation intestinale. ProbioCare est un excellent choix :\n<\/div>\n<div>\n&#8211; apr\u00e8s l\u2019administration d\u2019antibiotiques<br \/>\n&#8211; apr\u00e8s les vaccinations<br \/>\n&#8211; comme stimulateur immunitaire apr\u00e8s les concours de vol<br \/>\n&#8211; apr\u00e8s les expositions\n<\/div>\n<div>\nL\u2019indigestion est un signe annonciateur de nombreux microorganismes pathog\u00e8nes et endoparasites. Dans de nombreux cas, elle est observ\u00e9e lors de vols difficiles et pendant la reproduction.<br \/>\nProbioCare contient une combinaison sp\u00e9ciale de divers probiotiques sous forme microencapsul\u00e9e, ainsi qu\u2019une association unique de glucides qui r\u00e9gulent la flore intestinale.\n<\/div>\n<div>\nDiff\u00e9rentes bact\u00e9ries soutiennent mutuellement la capacit\u00e9 de coloniser activement l\u2019intestin gr\u00eale du pigeon. Elles contribuent aux processus digestifs, produisent des nutriments essentiels qui stabilisent la flore intestinale et renforcent le syst\u00e8me immunitaire.\n<\/div>\n<div>\nCes bact\u00e9ries probiotiques suppriment les bact\u00e9ries pathog\u00e8nes telles que Salmonella, E. coli, Staphylococcus, Streptococcus, ainsi que des infections fongiques telles que Candida, la coccidiose et la trichomonose.\n<\/div>\n<div>\nC\u2019est une m\u00e9thode tr\u00e8s efficace pour pr\u00e9venir les maladies intestinales et permettre une r\u00e9g\u00e9n\u00e9ration rapide de la flore intestinale. L\u2019application r\u00e9guli\u00e8re de ProbioCare augmente les d\u00e9fenses naturelles, am\u00e9liore l\u2019app\u00e9tit. Les pigeons ont plus d\u2019\u00e9nergie pendant les vols.\n<\/div>\n<div>\nL\u2019utilisation de ProbioCare raccourcit significativement la phase de r\u00e9cup\u00e9ration.\n<\/div>\n<h6>Posologie<\/h6>\n<div>1 cuill\u00e8re doseuse (12,5 g) par 1 kg de nourriture, deux fois par semaine (dose pour 25 pigeons)<\/div>\n","protected":false},"excerpt":{"rendered":"<p>Probiotiques et pr\u00e9biotiques pour la r\u00e9g\u00e9n\u00e9ration de la flore intestinale Combinaison probiotique-pr\u00e9biotique pour la r\u00e9g\u00e9n\u00e9ration et l\u2019am\u00e9lioration de la flore intestinale. ProbioCare&hellip;<\/p>\n","protected":false},"featured_media":15510,"template":"","meta":[],"product_cat":[321,322],"product_tag":[],"class_list":{"0":"post-15509","1":"product","2":"type-product","3":"status-publish","4":"has-post-thumbnail","6":"product_cat-complements-alimentaires-pour-oiseaux","7":"product_cat-complements-alimentaires-pour-pigeons","9":"first","10":"instock","11":"shipping-taxable","12":"product-type-simple"},"_links":{"self":[{"href":"https:\/\/care4bird.nl\/fr\/wp-json\/wp\/v2\/product\/15509","targetHints":{"allow":["GET"]}}],"collection":[{"href":"https:\/\/care4bird.nl\/fr\/wp-json\/wp\/v2\/product"}],"about":[{"href":"https:\/\/care4bird.nl\/fr\/wp-json\/wp\/v2\/types\/product"}],"wp:featuredmedia":[{"embeddable":true,"href":"https:\/\/care4bird.nl\/fr\/wp-json\/wp\/v2\/media\/15510"}],"wp:attachment":[{"href":"https:\/\/care4bird.nl\/fr\/wp-json\/wp\/v2\/media?parent=15509"}],"wp:term":[{"taxonomy":"product_cat","embeddable":true,"href":"https:\/\/care4bird.nl\/fr\/wp-json\/wp\/v2\/product_cat?post=15509"},{"taxonomy":"product_tag","embeddable":true,"href":"https:\/\/care4bird.nl\/fr\/wp-json\/wp\/v2\/product_tag?post=15509"}],"curies":[{"name":"wp","href":"https:\/\/api.w.org\/{rel}","templated":true}]}}