{"id":15515,"date":"2025-11-03T11:11:16","date_gmt":"2025-11-03T11:11:16","guid":{"rendered":"https:\/\/care4bird.nl\/product\/herbal-care\/"},"modified":"2026-04-16T11:33:26","modified_gmt":"2026-04-16T11:33:26","slug":"herbal-care","status":"publish","type":"product","link":"https:\/\/care4bird.nl\/fr\/produit\/herbal-care\/","title":{"rendered":"Herbal Care"},"content":{"rendered":"<h6>Teinture de plantes avec acides organiques ajout\u00e9s, vitamines, min\u00e9raux et oligo-\u00e9l\u00e9ments<\/h6>\n<div>\nHerbal Care est un produit enti\u00e8rement naturel qui fournit une base solide pendant la saison de vol ainsi qu\u2019en p\u00e9riode hors saison. Le produit est une teinture de plantes avec des acides organiques ajout\u00e9s et est riche en vitamines, min\u00e9raux et oligo-\u00e9l\u00e9ments, tr\u00e8s efficaces contre les probl\u00e8mes gastro-intestinaux. Herbal Care am\u00e9liore la condition de vos pigeons, augmente la r\u00e9sistance et favorise une r\u00e9cup\u00e9ration plus rapide apr\u00e8s l\u2019effort. Herbal Care stimule la fertilit\u00e9 et rend les jeunes pigeons plus r\u00e9sistants.\n<\/div>\n<h6>Posologie<\/h6>\n<div>10 ml d\u2019Herbal Care dans 1 litre d\u2019eau de boisson<\/div>\n<div>&#8211; Pendant la mue : une \u00e0 deux fois par semaine<\/div>\n<div>&#8211; Pendant la saison de concours : une \u00e0 deux fois par semaine<\/div>\n<div>&#8211; Jeunes pigeons : trois \u00e0 quatre fois par semaine<\/div>\n<div>&#8211; Saison de reproduction : deux fois par semaine<\/div>\n<div>Bien agiter avant utilisation !<\/div>\n<h6>Conseils<\/h6>\n<div>Avant le d\u00e9but de la saison de concours : soin prophylactique pendant 7 \u00e0 10 jours.<\/div>\n<h6>Composition<\/h6>\n<div>Teinture de plantes de racine de ginseng, \u00e9chinac\u00e9e pourpre, petite centaur\u00e9e, feuille de myrtille (Vaccinium myrtillus), \u00e9corce de saule, algues, racine de c\u00e9leri sauvage, Satureja hortensis, cannelle, safran (Crocus sativus) ; concentr\u00e9 de sureau noir (Sambucus nigra) ; concentr\u00e9 de myrtille ; acide citrique ; vinaigre de cidre ; glucose<\/div>\n","protected":false},"excerpt":{"rendered":"<p>Teinture de plantes avec acides organiques ajout\u00e9s, vitamines, min\u00e9raux et oligo-\u00e9l\u00e9ments Herbal Care est un produit enti\u00e8rement naturel qui fournit une base&hellip;<\/p>\n","protected":false},"featured_media":14917,"template":"","meta":[],"product_cat":[321,322],"product_tag":[],"class_list":{"0":"post-15515","1":"product","2":"type-product","3":"status-publish","4":"has-post-thumbnail","6":"product_cat-complements-alimentaires-pour-oiseaux","7":"product_cat-complements-alimentaires-pour-pigeons","9":"first","10":"instock","11":"shipping-taxable","12":"product-type-simple"},"_links":{"self":[{"href":"https:\/\/care4bird.nl\/fr\/wp-json\/wp\/v2\/product\/15515","targetHints":{"allow":["GET"]}}],"collection":[{"href":"https:\/\/care4bird.nl\/fr\/wp-json\/wp\/v2\/product"}],"about":[{"href":"https:\/\/care4bird.nl\/fr\/wp-json\/wp\/v2\/types\/product"}],"wp:featuredmedia":[{"embeddable":true,"href":"https:\/\/care4bird.nl\/fr\/wp-json\/wp\/v2\/media\/14917"}],"wp:attachment":[{"href":"https:\/\/care4bird.nl\/fr\/wp-json\/wp\/v2\/media?parent=15515"}],"wp:term":[{"taxonomy":"product_cat","embeddable":true,"href":"https:\/\/care4bird.nl\/fr\/wp-json\/wp\/v2\/product_cat?post=15515"},{"taxonomy":"product_tag","embeddable":true,"href":"https:\/\/care4bird.nl\/fr\/wp-json\/wp\/v2\/product_tag?post=15515"}],"curies":[{"name":"wp","href":"https:\/\/api.w.org\/{rel}","templated":true}]}}