{"id":15521,"date":"2025-11-03T11:10:18","date_gmt":"2025-11-03T11:10:18","guid":{"rendered":"https:\/\/care4bird.nl\/product\/caresol\/"},"modified":"2026-04-17T06:40:21","modified_gmt":"2026-04-17T06:40:21","slug":"caresol","status":"publish","type":"product","link":"https:\/\/care4bird.nl\/fr\/produit\/caresol\/","title":{"rendered":"Caresol"},"content":{"rendered":"<h6>Indication :<\/h6>\n<p>La combinaison unique d\u2019\u00e9lectrolytes et de min\u00e9raux (potassium, sodium, magn\u00e9sium), bas\u00e9e sur le glucose comme source d\u2019\u00e9nergie, aide \u00e0 acc\u00e9l\u00e9rer le processus de r\u00e9cup\u00e9ration. Hydrate et soutient les oiseaux en cas de temp\u00e9ratures extr\u00eames, pendant le transport ou lors d\u2019expositions. Fournit de l\u2019\u00e9nergie et des \u00e9lectrolytes pour aider les oiseaux \u00e0 r\u00e9cup\u00e9rer apr\u00e8s une maladie, un stress ou un effort intense. Augmente la vigueur et la vitalit\u00e9 des oiseaux expos\u00e9s ou propos\u00e9s \u00e0 la vente. La solution pr\u00e9par\u00e9e peut \u00eatre administr\u00e9e directement en cas d\u2019urgence pour fournir une \u00e9nergie \u00e0 action rapide.<\/p>\n<h6>Posologie et mode d\u2019utilisation :<\/h6>\n<div>\n<div>POSOLOGIE P\u00c9RIODE DE REPRODUCTION : pour des jeunes forts et en bonne croissance : environ 25 ml dans 1 litre d\u2019eau pendant 5 jours cons\u00e9cutifs, \u00e0 partir de l\u2019\u00e2ge d\u2019environ 1 semaine.<\/div>\n<div>POSOLOGIE SAISON DE COURSE : 2 \u00e0 3 fois par semaine, 15 ml par litre d\u2019eau.<\/div>\n<div>APR\u00c8S UN GRAND EFFORT (saison de course) Apr\u00e8s le retour des pigeons, donnez-leur d\u2019abord de l\u2019eau propre, puis ajoutez CARESOL \u00e0 l\u2019eau de boisson. 15 ml (1\/2 bouchon doseur) par litre d\u2019eau.<\/div>\n<\/div>\n<h6>Remarques :<\/h6>\n<div>\n<div>\u2022 Bien agiter avant utilisation !<\/div>\n<div>\u2022 Tenir hors de port\u00e9e des enfants.<\/div>\n<div>\u2022 Pour administration orale uniquement chez les animaux non destin\u00e9s \u00e0 la consommation humaine.<\/div>\n<div>\u2022 Conserver dans un endroit sec \u00e0 l\u2019abri de la lumi\u00e8re directe du soleil entre 0 et 30 \u00b0C.<\/div>\n<div>\u2022 \u00c0 consommer de pr\u00e9f\u00e9rence avant : voir emballage.<\/div>\n<div>\u2022 Contenu : 500 ml compl\u00e9ment alimentaire pour pigeons<\/div>\n<\/div>\n","protected":false},"excerpt":{"rendered":"<p>Indication : La combinaison unique d\u2019\u00e9lectrolytes et de min\u00e9raux (potassium, sodium, magn\u00e9sium), bas\u00e9e sur le glucose comme source d\u2019\u00e9nergie, aide \u00e0 acc\u00e9l\u00e9rer&hellip;<\/p>\n","protected":false},"featured_media":15522,"template":"","meta":[],"product_cat":[321,322],"product_tag":[],"class_list":{"0":"post-15521","1":"product","2":"type-product","3":"status-publish","4":"has-post-thumbnail","6":"product_cat-complements-alimentaires-pour-oiseaux","7":"product_cat-complements-alimentaires-pour-pigeons","9":"first","10":"instock","11":"shipping-taxable","12":"product-type-simple"},"_links":{"self":[{"href":"https:\/\/care4bird.nl\/fr\/wp-json\/wp\/v2\/product\/15521","targetHints":{"allow":["GET"]}}],"collection":[{"href":"https:\/\/care4bird.nl\/fr\/wp-json\/wp\/v2\/product"}],"about":[{"href":"https:\/\/care4bird.nl\/fr\/wp-json\/wp\/v2\/types\/product"}],"wp:featuredmedia":[{"embeddable":true,"href":"https:\/\/care4bird.nl\/fr\/wp-json\/wp\/v2\/media\/15522"}],"wp:attachment":[{"href":"https:\/\/care4bird.nl\/fr\/wp-json\/wp\/v2\/media?parent=15521"}],"wp:term":[{"taxonomy":"product_cat","embeddable":true,"href":"https:\/\/care4bird.nl\/fr\/wp-json\/wp\/v2\/product_cat?post=15521"},{"taxonomy":"product_tag","embeddable":true,"href":"https:\/\/care4bird.nl\/fr\/wp-json\/wp\/v2\/product_tag?post=15521"}],"curies":[{"name":"wp","href":"https:\/\/api.w.org\/{rel}","templated":true}]}}