{"id":15533,"date":"2025-11-03T11:08:27","date_gmt":"2025-11-03T11:08:27","guid":{"rendered":"https:\/\/care4bird.nl\/product\/carechol\/"},"modified":"2026-04-17T06:41:54","modified_gmt":"2026-04-17T06:41:54","slug":"carechol","status":"publish","type":"product","link":"https:\/\/care4bird.nl\/fr\/produit\/carechol\/","title":{"rendered":"Carechol"},"content":{"rendered":"<h6>Indication :<\/h6>\n<p>La m\u00e9thionine et la choline sont des acides amin\u00e9s soufr\u00e9s essentiels qui prot\u00e8gent le foie et les reins, combattent la d\u00e9g\u00e9n\u00e9rescence graisseuse du foie et assurent le transport des graisses vers les cellules, ce qui est essentiel au bon fonctionnement du syst\u00e8me nerveux. Elles contribuent \u00e0 une croissance optimale chez les jeunes pigeons et sont \u00e9galement tr\u00e8s importantes pendant la p\u00e9riode de mue. Tout cela fait de Carechol un produit pouvant \u00eatre administr\u00e9 toute l\u2019ann\u00e9e.<\/p>\n<h6>Posologie :<\/h6>\n<p>Pendant la mue :<br \/>\n10 ml par 1 l d\u2019eau de boisson par kg d\u2019aliment, deux fois par semaine<\/p>\n<p>Pendant la saison de vol :<br \/>\n10 ml par 1 l d\u2019eau de boisson par kg d\u2019aliment, une fois par semaine<\/p>\n<p>En traitement :<br \/>\n10 ml par 1 l d\u2019eau de boisson par kg d\u2019aliment, pendant 5 jours cons\u00e9cutifs<\/p>\n<h6>Conditionnement :<\/h6>\n<p>1000 ml de liquide oral pour le traitement des pigeons et des oiseaux de cage de 300 \u00e0 3000 grammes de poids vif.<\/p>\n<h6>Composition :<\/h6>\n<p>M\u00e9thionine : 1 % ; Choline : 15 % ; Glucose : 60 % ; Ingr\u00e9dients inactifs q.s.p. 100 %<\/p>\n","protected":false},"excerpt":{"rendered":"<p>Indication : La m\u00e9thionine et la choline sont des acides amin\u00e9s soufr\u00e9s essentiels qui prot\u00e8gent le foie et les reins, combattent la&hellip;<\/p>\n","protected":false},"featured_media":15534,"template":"","meta":[],"product_cat":[321,322],"product_tag":[],"class_list":{"0":"post-15533","1":"product","2":"type-product","3":"status-publish","4":"has-post-thumbnail","6":"product_cat-complements-alimentaires-pour-oiseaux","7":"product_cat-complements-alimentaires-pour-pigeons","9":"first","10":"instock","11":"shipping-taxable","12":"product-type-simple"},"_links":{"self":[{"href":"https:\/\/care4bird.nl\/fr\/wp-json\/wp\/v2\/product\/15533","targetHints":{"allow":["GET"]}}],"collection":[{"href":"https:\/\/care4bird.nl\/fr\/wp-json\/wp\/v2\/product"}],"about":[{"href":"https:\/\/care4bird.nl\/fr\/wp-json\/wp\/v2\/types\/product"}],"wp:featuredmedia":[{"embeddable":true,"href":"https:\/\/care4bird.nl\/fr\/wp-json\/wp\/v2\/media\/15534"}],"wp:attachment":[{"href":"https:\/\/care4bird.nl\/fr\/wp-json\/wp\/v2\/media?parent=15533"}],"wp:term":[{"taxonomy":"product_cat","embeddable":true,"href":"https:\/\/care4bird.nl\/fr\/wp-json\/wp\/v2\/product_cat?post=15533"},{"taxonomy":"product_tag","embeddable":true,"href":"https:\/\/care4bird.nl\/fr\/wp-json\/wp\/v2\/product_tag?post=15533"}],"curies":[{"name":"wp","href":"https:\/\/api.w.org\/{rel}","templated":true}]}}