{"id":15539,"date":"2025-11-03T11:07:01","date_gmt":"2025-11-03T11:07:01","guid":{"rendered":"https:\/\/care4bird.nl\/product\/caremin\/"},"modified":"2026-04-17T06:42:47","modified_gmt":"2026-04-17T06:42:47","slug":"caremin","status":"publish","type":"product","link":"https:\/\/care4bird.nl\/fr\/produit\/caremin\/","title":{"rendered":"Caremin"},"content":{"rendered":"<h6>Indication :<\/h6>\n<p>CAREMIN contribue \u00e0 une bonne sant\u00e9 et aide \u00e0 renforcer le syst\u00e8me immunitaire des pigeons jeunes et adultes ! CAREMIN peut \u00eatre administr\u00e9 toute l\u2019ann\u00e9e, mais est indispensable lorsque les pigeons sont fortement sollicit\u00e9s, comme pendant la reproduction, la saison de vol, la mue et apr\u00e8s un traitement antibiotique ou une immunisation.<br \/>\nPeut \u00eatre administr\u00e9 soit dans l\u2019eau de boisson, soit sur l\u2019aliment.<\/p>\n<h6><b><\/b>Posologie<\/h6>\n<p>10 ml par 1 litre d\u2019eau de boisson ou 15 ml par kilo d\u2019aliment. 2 fois par semaine.<br \/>\nAgiter avant utilisation !<\/p>\n<h6>Conditionnement<\/h6>\n<p>1000 ml de liquide oral pour le traitement des pigeons et des oiseaux de cage de 300 jusqu\u2019\u00e0 3000 grammes de poids vif<\/p>\n<p>Composition<b><\/b><i><\/i><u><\/u><br \/>\nVitamine A        6250.000 UI<br \/>\nVitamine D3      1250.000 UI<br \/>\nVitamine B1                375 mg<br \/>\nVitamine B2               313 mg<br \/>\nVitamine B6               500 mg<br \/>\nVitamine B12      125.000 mcg<br \/>\nVitamine B3             5.000 mg<br \/>\nVitamine C                5.000 mg<br \/>\nVitamine E                2.500 mg<br \/>\nVitamine K3                750 mg<br \/>\nAcide folique               13 mg<br \/>\nPantoth\u00e9nate de calcium 1.625 mg<br \/>\nL-Arginine                 400 mg<br \/>\nAcide L-aspartique      1.800 mg<br \/>\nGlycine                      340 mg<br \/>\nLeucine                   1.700 mg<br \/>\nLysine                     1.560 mg<br \/>\nM\u00e9thionine                 360 mg<br \/>\nTyrosine                     520 mg<br \/>\nValine                        960 mg<br \/>\nIngr\u00e9dients inactifs q.s.p. 1.000 ml<\/p>\n<p>Tenir hors de port\u00e9e des enfants.<br \/>\nPour administration orale uniquement chez les animaux non destin\u00e9s \u00e0 la consommation humaine.<br \/>\nConserver dans un endroit sec \u00e0 l\u2019abri de la lumi\u00e8re directe du soleil entre 0 et 30\u00b0C.<br \/>\n\u00c0 consommer de pr\u00e9f\u00e9rence avant : voir emballage.<\/p>\n","protected":false},"excerpt":{"rendered":"<p>Indication : CAREMIN contribue \u00e0 une bonne sant\u00e9 et aide \u00e0 renforcer le syst\u00e8me immunitaire des pigeons jeunes et adultes ! CAREMIN&hellip;<\/p>\n","protected":false},"featured_media":15540,"template":"","meta":[],"product_cat":[321,322],"product_tag":[],"class_list":{"0":"post-15539","1":"product","2":"type-product","3":"status-publish","4":"has-post-thumbnail","6":"product_cat-complements-alimentaires-pour-oiseaux","7":"product_cat-complements-alimentaires-pour-pigeons","9":"first","10":"instock","11":"shipping-taxable","12":"product-type-simple"},"_links":{"self":[{"href":"https:\/\/care4bird.nl\/fr\/wp-json\/wp\/v2\/product\/15539","targetHints":{"allow":["GET"]}}],"collection":[{"href":"https:\/\/care4bird.nl\/fr\/wp-json\/wp\/v2\/product"}],"about":[{"href":"https:\/\/care4bird.nl\/fr\/wp-json\/wp\/v2\/types\/product"}],"wp:featuredmedia":[{"embeddable":true,"href":"https:\/\/care4bird.nl\/fr\/wp-json\/wp\/v2\/media\/15540"}],"wp:attachment":[{"href":"https:\/\/care4bird.nl\/fr\/wp-json\/wp\/v2\/media?parent=15539"}],"wp:term":[{"taxonomy":"product_cat","embeddable":true,"href":"https:\/\/care4bird.nl\/fr\/wp-json\/wp\/v2\/product_cat?post=15539"},{"taxonomy":"product_tag","embeddable":true,"href":"https:\/\/care4bird.nl\/fr\/wp-json\/wp\/v2\/product_tag?post=15539"}],"curies":[{"name":"wp","href":"https:\/\/api.w.org\/{rel}","templated":true}]}}