{"id":15551,"date":"2025-11-03T11:03:01","date_gmt":"2025-11-03T11:03:01","guid":{"rendered":"https:\/\/care4bird.nl\/product\/orni-super-mix\/"},"modified":"2026-04-17T06:44:29","modified_gmt":"2026-04-17T06:44:29","slug":"orni-super-mix","status":"publish","type":"product","link":"https:\/\/care4bird.nl\/fr\/produit\/orni-super-mix\/","title":{"rendered":"Orni Super Mix"},"content":{"rendered":"<div>\n<h6>Indication :<\/h6>\n<p>Ornithose, Mycoplasmose, probl\u00e8mes respiratoires et trichomonase.<\/p>\n<\/div>\n<h6>Sympt\u00f4mes :<\/h6>\n<div>Picage des plumes, grattage de la t\u00eate, gorge rouge, b\u00e2illements, inflammation de la troisi\u00e8me paupi\u00e8re (surtout chez les jeunes pigeons), nez sales, chair bleut\u00e9e, t\u00eates enfl\u00e9es, rhume d\u2019un \u0153il, yeux humides, mucus.<\/div>\n<h6>Posologie :<\/h6>\n<div><i>ORNI SUPER MIX POUDRE<\/i><br \/>\nPr\u00e9vention : 1 cuill\u00e8re doseuse (=5 g) pour 2 litres d\u2019eau de boisson pendant 1 ou 2 jours toutes les 2 semaines,<\/div>\n<div>de pr\u00e9f\u00e9rence en commen\u00e7ant le lendemain de la course.<\/div>\n<div>En traitement : 1 cuill\u00e8re doseuse (=5 g) pour 2 litres d\u2019eau de boisson pendant 5 \u00e0 7 jours cons\u00e9cutifs.<\/div>\n<div>Ce traitement peut \u00eatre r\u00e9p\u00e9t\u00e9 si n\u00e9cessaire apr\u00e8s quelques jours.<\/div>\n<div>Bien m\u00e9langer avant utilisation !<\/div>\n<div>Orni Super Mix est une poudre soluble dans l\u2019eau qui peut \u00e9galement \u00eatre administr\u00e9e sur l\u2019aliment.<\/div>\n<div>\n<p>Cuill\u00e8re doseuse 1+5 g incluse.<\/p>\n<p><i>ORNI SUPER MIX COMPRIM\u00c9S<\/i><br \/>\nPr\u00e9ventif : 1 comprim\u00e9 par pigeon (400-500 g de poids corporel) pendant 1 \u00e0 2 jours cons\u00e9cutifs.<br \/>\nCuratif : 1 comprim\u00e9 par pigeon (400-500 g de poids corporel) pendant 3 \u00e0 5 jours cons\u00e9cutifs, ou selon prescription du v\u00e9t\u00e9rinaire.<\/p>\n<\/div>\n<h6>Contient :<\/h6>\n<p><i>ORNI SUPER MIX POUDRE<\/i><br \/>\nDoxycycline Hyclate 6 %, Spiramycin Adipate 10 %, Metronidazole 10 %, Bromhexine HCl 2 %, Ingr\u00e9dients inactifs q.s.p. 100 g.<\/p>\n<p><i>ORNI SUPER MIX COMPRIM\u00c9S<\/i><br \/>\n<i>Doxycycline Hyclate <\/i><i>102 mg\/g; Spiramycin Adipate <\/i><i>80 mg\/g; Metronidazole <\/i><i>100 mg\/g; Bromhexine HCl <\/i><i>20 mg\/g<\/i><\/p>\n","protected":false},"excerpt":{"rendered":"<p>Indication : Ornithose, Mycoplasmose, probl\u00e8mes respiratoires et trichomonase. Sympt\u00f4mes : Picage des plumes, grattage de la t\u00eate, gorge rouge, b\u00e2illements, inflammation de&hellip;<\/p>\n","protected":false},"featured_media":15049,"template":"","meta":[],"product_cat":[320],"product_tag":[],"class_list":{"0":"post-15551","1":"product","2":"type-product","3":"status-publish","4":"has-post-thumbnail","6":"product_cat-medicaments-pour-pigeons","8":"first","9":"instock","10":"shipping-taxable","11":"product-type-simple"},"_links":{"self":[{"href":"https:\/\/care4bird.nl\/fr\/wp-json\/wp\/v2\/product\/15551","targetHints":{"allow":["GET"]}}],"collection":[{"href":"https:\/\/care4bird.nl\/fr\/wp-json\/wp\/v2\/product"}],"about":[{"href":"https:\/\/care4bird.nl\/fr\/wp-json\/wp\/v2\/types\/product"}],"wp:featuredmedia":[{"embeddable":true,"href":"https:\/\/care4bird.nl\/fr\/wp-json\/wp\/v2\/media\/15049"}],"wp:attachment":[{"href":"https:\/\/care4bird.nl\/fr\/wp-json\/wp\/v2\/media?parent=15551"}],"wp:term":[{"taxonomy":"product_cat","embeddable":true,"href":"https:\/\/care4bird.nl\/fr\/wp-json\/wp\/v2\/product_cat?post=15551"},{"taxonomy":"product_tag","embeddable":true,"href":"https:\/\/care4bird.nl\/fr\/wp-json\/wp\/v2\/product_tag?post=15551"}],"curies":[{"name":"wp","href":"https:\/\/api.w.org\/{rel}","templated":true}]}}