{"id":15557,"date":"2025-11-03T11:00:43","date_gmt":"2025-11-03T11:00:43","guid":{"rendered":"https:\/\/care4bird.nl\/product\/respiratory-broncho-mix\/"},"modified":"2026-04-17T06:45:18","modified_gmt":"2026-04-17T06:45:18","slug":"respiratory-broncho-mix","status":"publish","type":"product","link":"https:\/\/care4bird.nl\/fr\/produit\/respiratory-broncho-mix\/","title":{"rendered":"Respiratory Broncho Mix"},"content":{"rendered":"<div>\n<h6>Indication :<\/h6>\n<\/div>\n<div>Le syst\u00e8me respiratoire peut \u00eatre infect\u00e9 par Chlamydia, Mycoplasma, des bact\u00e9ries (notamment E. coli), des champignons et des virus. C\u2019est pourquoi ce m\u00e9lange contient plusieurs principes actifs.<\/div>\n<h6>Sympt\u00f4mes :<\/h6>\n<div>\u00c9ternuements, diminution du vol autour du colombier, pertes en course, \u00e9coulement des yeux et des narines, cire et sinus enfl\u00e9s, \u00e9tirement du cou et d\u00e9glutition, b\u00e2illements, fientes verd\u00e2tres et visqueuses.<\/div>\n<h6>Posologie :<\/h6>\n<div><i>RESPIRATORY BRONCHO MIX POUDRE<\/i><\/div>\n<div>Pr\u00e9vention : 1 cuill\u00e8re doseuse (=5 g) pour 2 litres d\u2019eau de boisson pendant 1 ou 2 jours toutes les 2 semaines,<\/div>\n<div>de pr\u00e9f\u00e9rence en commen\u00e7ant le lendemain de la course.<\/div>\n<div>En traitement : 1 cuill\u00e8re doseuse (=5 g) pour 2 litres d\u2019eau de boisson pendant 5 \u00e0 7 jours cons\u00e9cutifs.<\/div>\n<div>Ce traitement peut \u00eatre r\u00e9p\u00e9t\u00e9 si n\u00e9cessaire apr\u00e8s quelques jours.<\/div>\n<div>Bien m\u00e9langer avant utilisation !<\/div>\n<div>Respiratory Broncho Mix est une poudre soluble dans l\u2019eau qui peut \u00e9galement \u00eatre administr\u00e9e sur l\u2019aliment.<\/div>\n<div>\n<p>Cuill\u00e8re doseuse 1+5 g incluse.<\/p>\n<p><i>RESPIRATORY BRONCHO COMPRIM\u00c9S<\/i><\/p>\n<\/div>\n<p>Pr\u00e9ventif : 1 comprim\u00e9 par pigeon (400-500 g de poids corporel) pendant 1 \u00e0 2 jours cons\u00e9cutifs.<br \/>\nCuratif : 1 comprim\u00e9 par pigeon (400-500 g de poids corporel) pendant 3 \u00e0 5 jours cons\u00e9cutifs, ou selon prescription du v\u00e9t\u00e9rinaire.<\/p>\n<h6>Contient :<\/h6>\n<p><i>RESPIRATORY BRONCHO MIX POUDRE<\/i><br \/>\nErythromycine Thioc 3,5 %, N\u00e9omycine Sulf. 1,0 %, Streptomycine Sulf. 3,5 %, Futaltadone HCl 6,0 %, Oxyt\u00e9tracycline HCl 5,0 %, Vitamines,<br \/>\nIngr\u00e9dients inactifs q.s.p. 100 g.<\/p>\n<p><i>RESPIRATORY BRONCHO COMPRIM\u00c9S<\/i><br \/>\nLincomycine 250 mg\/g ; Spectinomycine 75 mg\/g<\/p>\n","protected":false},"excerpt":{"rendered":"<p>Indication : Le syst\u00e8me respiratoire peut \u00eatre infect\u00e9 par Chlamydia, Mycoplasma, des bact\u00e9ries (notamment E. coli), des champignons et des virus. C\u2019est&hellip;<\/p>\n","protected":false},"featured_media":15050,"template":"","meta":[],"product_cat":[320],"product_tag":[],"class_list":{"0":"post-15557","1":"product","2":"type-product","3":"status-publish","4":"has-post-thumbnail","6":"product_cat-medicaments-pour-pigeons","8":"first","9":"instock","10":"shipping-taxable","11":"product-type-simple"},"_links":{"self":[{"href":"https:\/\/care4bird.nl\/fr\/wp-json\/wp\/v2\/product\/15557","targetHints":{"allow":["GET"]}}],"collection":[{"href":"https:\/\/care4bird.nl\/fr\/wp-json\/wp\/v2\/product"}],"about":[{"href":"https:\/\/care4bird.nl\/fr\/wp-json\/wp\/v2\/types\/product"}],"wp:featuredmedia":[{"embeddable":true,"href":"https:\/\/care4bird.nl\/fr\/wp-json\/wp\/v2\/media\/15050"}],"wp:attachment":[{"href":"https:\/\/care4bird.nl\/fr\/wp-json\/wp\/v2\/media?parent=15557"}],"wp:term":[{"taxonomy":"product_cat","embeddable":true,"href":"https:\/\/care4bird.nl\/fr\/wp-json\/wp\/v2\/product_cat?post=15557"},{"taxonomy":"product_tag","embeddable":true,"href":"https:\/\/care4bird.nl\/fr\/wp-json\/wp\/v2\/product_tag?post=15557"}],"curies":[{"name":"wp","href":"https:\/\/api.w.org\/{rel}","templated":true}]}}