{"id":15563,"date":"2025-11-03T11:00:07","date_gmt":"2025-11-03T11:00:07","guid":{"rendered":"https:\/\/care4bird.nl\/product\/worm-care\/"},"modified":"2026-04-17T06:46:12","modified_gmt":"2026-04-17T06:46:12","slug":"worm-care","status":"publish","type":"product","link":"https:\/\/care4bird.nl\/fr\/produit\/worm-care\/","title":{"rendered":"Worm Care"},"content":{"rendered":"<div>\n<h6>Indication :<\/h6>\n<p>Infestations par les vers capillaires et ronds chez les pigeons (Capillaria spp et Ascaridia spp)<\/p>\n<\/div>\n<h6>Sympt\u00f4mes :<\/h6>\n<div>Les oiseaux perdent du poids. Les pigeons fortement infest\u00e9s pr\u00e9sentent g\u00e9n\u00e9ralement un \u00e9tat g\u00e9n\u00e9ral affaibli et sont l\u00e9thargiques et apathiques, avec un plumage terne et \u00e9bouriff\u00e9 et des fientes de consistance variable.<\/div>\n<h6>Posologie :<\/h6>\n<div><i>WORM CARE POUDRE<\/i><br \/>\n5 g pour 2 L d\u2019eau de boisson (40 pigeons), pendant 1 ou 2 jours. Les pigeons ne doivent pas \u00eatre vermifug\u00e9s pendant l\u2019\u00e9levage des jeunes ou pendant la mue principale. R\u00e9p\u00e9ter le traitement apr\u00e8s 10-12 jours.<br \/>\nWorm Care est une poudre soluble dans l\u2019eau qui peut \u00e9galement \u00eatre administr\u00e9e sur l\u2019aliment.<\/div>\n<div><i>WORM CARE COMPRIM\u00c9S<\/i><br \/>\n1 comprim\u00e9 par pigeon (400-500 g de poids corporel) pendant 1 jour. R\u00e9p\u00e9ter le traitement apr\u00e8s 10-12 jours.<\/div>\n<h6>Contient :<\/h6>\n<p><i>WORM CARE POUDRE<\/i><br \/>\nLevamisole HCl 16 %, Ingr\u00e9dients inactifs q.s.p. 100 g.<\/p>\n<p><i>WORM CARE COMPRIM\u00c9S<\/i><br \/>\nFlubendazole 66,7 mg\/g<\/p>\n","protected":false},"excerpt":{"rendered":"<p>Indication : Infestations par les vers capillaires et ronds chez les pigeons (Capillaria spp et Ascaridia spp) Sympt\u00f4mes : Les oiseaux perdent&hellip;<\/p>\n","protected":false},"featured_media":15051,"template":"","meta":[],"product_cat":[320],"product_tag":[],"class_list":{"0":"post-15563","1":"product","2":"type-product","3":"status-publish","4":"has-post-thumbnail","6":"product_cat-medicaments-pour-pigeons","8":"first","9":"instock","10":"shipping-taxable","11":"product-type-simple"},"_links":{"self":[{"href":"https:\/\/care4bird.nl\/fr\/wp-json\/wp\/v2\/product\/15563","targetHints":{"allow":["GET"]}}],"collection":[{"href":"https:\/\/care4bird.nl\/fr\/wp-json\/wp\/v2\/product"}],"about":[{"href":"https:\/\/care4bird.nl\/fr\/wp-json\/wp\/v2\/types\/product"}],"wp:featuredmedia":[{"embeddable":true,"href":"https:\/\/care4bird.nl\/fr\/wp-json\/wp\/v2\/media\/15051"}],"wp:attachment":[{"href":"https:\/\/care4bird.nl\/fr\/wp-json\/wp\/v2\/media?parent=15563"}],"wp:term":[{"taxonomy":"product_cat","embeddable":true,"href":"https:\/\/care4bird.nl\/fr\/wp-json\/wp\/v2\/product_cat?post=15563"},{"taxonomy":"product_tag","embeddable":true,"href":"https:\/\/care4bird.nl\/fr\/wp-json\/wp\/v2\/product_tag?post=15563"}],"curies":[{"name":"wp","href":"https:\/\/api.w.org\/{rel}","templated":true}]}}