{"id":15569,"date":"2025-11-03T10:59:27","date_gmt":"2025-11-03T10:59:27","guid":{"rendered":"https:\/\/care4bird.nl\/product\/ronidazole\/"},"modified":"2026-04-17T06:47:02","modified_gmt":"2026-04-17T06:47:02","slug":"ronidazole","status":"publish","type":"product","link":"https:\/\/care4bird.nl\/fr\/produit\/ronidazole\/","title":{"rendered":"Ronidazole"},"content":{"rendered":"<div>\n<h6>Indication :<\/h6>\n<p>Canker (Trichomonose, Hexamitose). Le Ronidazole 10% est un produit particuli\u00e8rement efficace contre les infections caus\u00e9es par les trichomonades et les hexamites chez les pigeons. Pendant la saison de course, des traitements r\u00e9guliers contre ces infections sont n\u00e9cessaires. Les jeunes oiseaux pr\u00e9sentant de graves infections intestinales caus\u00e9es par les hexamites sont plus sensibles \u00e0 une infection d\u00e9sagr\u00e9able \u00e0 E. coli. La marge de s\u00e9curit\u00e9 est importante, y compris pour les jeunes animaux.<\/p>\n<\/div>\n<h6>Sympt\u00f4mes :<\/h6>\n<div>Perte de condition, mauvaise digestion, fientes anormales, inflammation de la muqueuse du jabot, complications li\u00e9es \u00e0 l\u2019ornithose, petites zones blanches \u00e0 jaun\u00e2tres dans la cavit\u00e9 buccale<\/div>\n<h6>Posologie :<\/h6>\n<div><i>RONIDAZOLE 10% POUDRE<\/i><br \/>\nPr\u00e9vention : 2 cuill\u00e8res doseuses (=2 g) \/1 litre d\u2019eau de boisson pendant 1 ou 2 jours, toutes les 2 semaines,<\/div>\n<div>de pr\u00e9f\u00e9rence en commen\u00e7ant le lendemain de la course.<\/div>\n<div>En traitement pendant la saison de course : 2 cuill\u00e8res doseuses (=2 g) \/1 litre d\u2019eau de boisson pendant<\/div>\n<div>5 \u00e0 7 jours cons\u00e9cutifs. Ce traitement peut \u00eatre r\u00e9p\u00e9t\u00e9 si n\u00e9cessaire apr\u00e8s quelques jours. Bien m\u00e9langer avant utilisation !<\/div>\n<div>Ronidazole est une poudre soluble dans l\u2019eau, qui peut \u00e9galement \u00eatre administr\u00e9e sur l\u2019aliment.<\/div>\n<div>\n<p>Cuill\u00e8re doseuse 1+5 g incluse.<\/p>\n<p><i>RONI 15% COMPRIM\u00c9S<\/i><br \/>\nPr\u00e9ventif : 1 comprim\u00e9 par pigeon (400-500 g de poids corporel) pendant 1 \u00e0 2 jours cons\u00e9cutifs.<br \/>\nCuratif : 1 comprim\u00e9 par pigeon (400-500 g de poids corporel) pendant 3 \u00e0 5 jours cons\u00e9cutifs, ou selon prescription du v\u00e9t\u00e9rinaire.<\/p>\n<\/div>\n<h6>Contient :<\/h6>\n<div><i>RONIDAZOLE 10% POUDRE<\/i><br \/>\nRonidazole 10 %, ingr\u00e9dients inactifs q.s.p. 100 g.<i>RONI 15% COMPRIM\u00c9S<\/i><br \/>\nRonidazole 150 mg\/g<\/div>\n","protected":false},"excerpt":{"rendered":"<p>Indication : Canker (Trichomonose, Hexamitose). Le Ronidazole 10% est un produit particuli\u00e8rement efficace contre les infections caus\u00e9es par les trichomonades et les&hellip;<\/p>\n","protected":false},"featured_media":15052,"template":"","meta":[],"product_cat":[320],"product_tag":[],"class_list":{"0":"post-15569","1":"product","2":"type-product","3":"status-publish","4":"has-post-thumbnail","6":"product_cat-medicaments-pour-pigeons","8":"first","9":"instock","10":"shipping-taxable","11":"product-type-simple"},"_links":{"self":[{"href":"https:\/\/care4bird.nl\/fr\/wp-json\/wp\/v2\/product\/15569","targetHints":{"allow":["GET"]}}],"collection":[{"href":"https:\/\/care4bird.nl\/fr\/wp-json\/wp\/v2\/product"}],"about":[{"href":"https:\/\/care4bird.nl\/fr\/wp-json\/wp\/v2\/types\/product"}],"wp:featuredmedia":[{"embeddable":true,"href":"https:\/\/care4bird.nl\/fr\/wp-json\/wp\/v2\/media\/15052"}],"wp:attachment":[{"href":"https:\/\/care4bird.nl\/fr\/wp-json\/wp\/v2\/media?parent=15569"}],"wp:term":[{"taxonomy":"product_cat","embeddable":true,"href":"https:\/\/care4bird.nl\/fr\/wp-json\/wp\/v2\/product_cat?post=15569"},{"taxonomy":"product_tag","embeddable":true,"href":"https:\/\/care4bird.nl\/fr\/wp-json\/wp\/v2\/product_tag?post=15569"}],"curies":[{"name":"wp","href":"https:\/\/api.w.org\/{rel}","templated":true}]}}