{"id":15575,"date":"2025-11-03T10:58:02","date_gmt":"2025-11-03T10:58:02","guid":{"rendered":"https:\/\/care4bird.nl\/product\/caremycin\/"},"modified":"2026-04-17T06:47:53","modified_gmt":"2026-04-17T06:47:53","slug":"caremycin","status":"publish","type":"product","link":"https:\/\/care4bird.nl\/fr\/produit\/caremycin\/","title":{"rendered":"Caremycin"},"content":{"rendered":"<h6>Indication :<\/h6>\n<p>Salmonellose (paratyphose), E. coli, infections bact\u00e9riennes courantes<\/p>\n<h6>Posologie<\/h6>\n<p>Pr\u00e9vention : 5 g de Caremycin pour 5 litres d\u2019eau de boisson ou 1 sachet pour 25 litres d\u2019eau de boisson pendant 4 \u00e0 5 jours cons\u00e9cutifs.<\/p>\n<p>Traitement : 5 g de Caremycin pour 2,5 litres d\u2019eau de boisson ou 1 sachet pour 12,5 litres d\u2019eau de boisson pendant 4 \u00e0 5 jours cons\u00e9cutifs. Pendant la saison de course : jour du retour : 5 g de Cefamycin pour 2,5 litres d\u2019eau de boisson ou 1 sachet pour 12,5 litres d\u2019eau de boisson pendant 1 \u00e0 2 jours cons\u00e9cutifs.<\/p>\n<p>&nbsp;<\/p>\n<h6>Interactions : inconnues<\/h6>\n<h6>Contre-indications : administration avec bromhexine et surdosage<\/h6>\n<h6>Conseils d\u2019utilisation :<\/h6>\n<ul>\n<li>Mettre les animaux malades en quarantaine<\/li>\n<li>Traiter tous les animaux, pas seulement les malades<\/li>\n<li>M\u00e9langer la dose recommand\u00e9e dans l\u2019eau de boisson<\/li>\n<li>S\u2019assurer qu\u2019aucune autre eau n\u2019est disponible pendant le traitement<\/li>\n<li>Apr\u00e8s le traitement, administrer Care 4 Birds MULTIVIT MIX (le lendemain du dernier jour du traitement)<\/li>\n<li>D\u00e9sinfecter les pigeonniers avec Care 4 Birds LOFT CLEANER<\/li>\n<li>Ne pas administrer le jour de l\u2019enlogement<\/li>\n<li>En cas de doute ou de probl\u00e8mes persistants, consulter un expert<\/li>\n<\/ul>\n<h6>NOTES : LIRE LA NOTICE AVANT UTILISATION.<\/h6>\n<ul>\n<li>Contient 25 g de m\u00e9dicament v\u00e9t\u00e9rinaire pour oiseaux<\/li>\n<li>Conserver au sec, \u00e0 l\u2019abri de la lumi\u00e8re directe du soleil, entre 0 et 30 \u00b0C<\/li>\n<li>Conservation limit\u00e9e apr\u00e8s ouverture<\/li>\n<li>Tenir hors de port\u00e9e des enfants<\/li>\n<li>Pour traitement animal uniquement. Non destin\u00e9 aux animaux producteurs d\u2019aliments pour la consommation humaine<\/li>\n<li>\u00c9viter le contact du m\u00e9dicament avec les mains<\/li>\n<li>Le m\u00e9dicament v\u00e9t\u00e9rinaire est commercialis\u00e9 conform\u00e9ment au r\u00e9gime d\u2019exemption pour petits animaux<\/li>\n<\/ul>\n<h6>Contient par 25 g :<\/h6>\n<p>Chlort\u00e9tracycline HCl 3,125 g ; Furaltadone HCl 3,125 g ; Chloramph\u00e9nicol 2,000 g<\/p>\n","protected":false},"excerpt":{"rendered":"<p>Indication : Salmonellose (paratyphose), E. coli, infections bact\u00e9riennes courantes Posologie Pr\u00e9vention : 5 g de Caremycin pour 5 litres d\u2019eau de boisson&hellip;<\/p>\n","protected":false},"featured_media":15576,"template":"","meta":[],"product_cat":[320],"product_tag":[],"class_list":{"0":"post-15575","1":"product","2":"type-product","3":"status-publish","4":"has-post-thumbnail","6":"product_cat-medicaments-pour-pigeons","8":"first","9":"instock","10":"shipping-taxable","11":"product-type-simple"},"_links":{"self":[{"href":"https:\/\/care4bird.nl\/fr\/wp-json\/wp\/v2\/product\/15575","targetHints":{"allow":["GET"]}}],"collection":[{"href":"https:\/\/care4bird.nl\/fr\/wp-json\/wp\/v2\/product"}],"about":[{"href":"https:\/\/care4bird.nl\/fr\/wp-json\/wp\/v2\/types\/product"}],"wp:featuredmedia":[{"embeddable":true,"href":"https:\/\/care4bird.nl\/fr\/wp-json\/wp\/v2\/media\/15576"}],"wp:attachment":[{"href":"https:\/\/care4bird.nl\/fr\/wp-json\/wp\/v2\/media?parent=15575"}],"wp:term":[{"taxonomy":"product_cat","embeddable":true,"href":"https:\/\/care4bird.nl\/fr\/wp-json\/wp\/v2\/product_cat?post=15575"},{"taxonomy":"product_tag","embeddable":true,"href":"https:\/\/care4bird.nl\/fr\/wp-json\/wp\/v2\/product_tag?post=15575"}],"curies":[{"name":"wp","href":"https:\/\/api.w.org\/{rel}","templated":true}]}}