{"id":15582,"date":"2025-11-03T10:57:19","date_gmt":"2025-11-03T10:57:19","guid":{"rendered":"https:\/\/care4bird.nl\/product\/tricho-magic\/"},"modified":"2026-04-17T06:57:02","modified_gmt":"2026-04-17T06:57:02","slug":"tricho-magic","status":"publish","type":"product","link":"https:\/\/care4bird.nl\/fr\/produit\/tricho-magic\/","title":{"rendered":"Tricho Magic"},"content":{"rendered":"<div>\n<h6>Indication :<\/h6>\n<p>Canker (Trichomonose, Hexamitose). Tricho Magic est un produit particuli\u00e8rement efficace contre les infections caus\u00e9es par les trichomonades et les hexamites chez les pigeons. Pendant la saison de course, des traitements r\u00e9guliers pour ces infections sont n\u00e9cessaires. Les jeunes oiseaux pr\u00e9sentant de graves infections intestinales caus\u00e9es par les hexamites sont plus sensibles \u00e0 une infection d\u00e9sagr\u00e9able \u00e0 E. coli. La marge de s\u00e9curit\u00e9 est importante<\/p>\n<\/div>\n<div>y compris pour les jeunes animaux.<\/div>\n<h6>Sympt\u00f4mes :<\/h6>\n<div>Manque de condition, mauvais r\u00e9sultats en course, substance jaune dans la gorge et le bec, exc\u00e8s de mucus, gorge rouge, augmentation de la consommation d\u2019eau (\u00ab\u00a0nids humides\u00a0\u00bb).<\/div>\n<h6>Posologie :<\/h6>\n<div><i>TRICHO MAGIC POUDRE<\/i><br \/>\nPr\u00e9vention : 2 cuill\u00e8res doseuses (=2 g) \/1 litre d\u2019eau de boisson pendant 1 ou 2 jours, toutes les 2 semaines, de pr\u00e9f\u00e9rence en commen\u00e7ant le lendemain de la course.<\/div>\n<div>En traitement pendant la saison de course : 2 cuill\u00e8res doseuses (=2 g) \/1 litre d\u2019eau de boisson pendant<\/div>\n<div>5 \u00e0 7 jours cons\u00e9cutifs. Ce traitement peut \u00eatre r\u00e9p\u00e9t\u00e9 si n\u00e9cessaire apr\u00e8s quelques jours. Bien m\u00e9langer avant utilisation !<\/div>\n<div>Tricho Magic est une poudre soluble dans l\u2019eau, qui peut \u00e9galement \u00eatre administr\u00e9e sur l\u2019aliment.<\/div>\n<div>\n<p>Cuill\u00e8re doseuse 1+5 g incluse.<\/p>\n<p><i>TRICHO MAGIC COMPRIM\u00c9S<\/i><br \/>\nPr\u00e9ventif : 1 comprim\u00e9 par pigeon (400-500 g de poids corporel) pendant 1 \u00e0 2 jours cons\u00e9cutifs.<br \/>\nCuratif : 1 comprim\u00e9 par pigeon (400-500 g de poids corporel) pendant 3 \u00e0 5 jours cons\u00e9cutifs, ou selon prescription du v\u00e9t\u00e9rinaire.<\/p>\n<\/div>\n<h6>Contient :<\/h6>\n<div><i>TRICHO MAGIC POUDRE<\/i><br \/>\nRonidazole 8 %, M\u00e9tronidazole 10 %, Ingr\u00e9dients inactifs q.s.p. 100 g.<i>TRICHO MAGIC COMPRIM\u00c9S<\/i><br \/>\nCarnidazole 40 mg\/g<\/div>\n","protected":false},"excerpt":{"rendered":"<p>Indication : Canker (Trichomonose, Hexamitose). Tricho Magic est un produit particuli\u00e8rement efficace contre les infections caus\u00e9es par les trichomonades et les hexamites&hellip;<\/p>\n","protected":false},"featured_media":15054,"template":"","meta":[],"product_cat":[320],"product_tag":[],"class_list":{"0":"post-15582","1":"product","2":"type-product","3":"status-publish","4":"has-post-thumbnail","6":"product_cat-medicaments-pour-pigeons","8":"first","9":"instock","10":"shipping-taxable","11":"product-type-simple"},"_links":{"self":[{"href":"https:\/\/care4bird.nl\/fr\/wp-json\/wp\/v2\/product\/15582","targetHints":{"allow":["GET"]}}],"collection":[{"href":"https:\/\/care4bird.nl\/fr\/wp-json\/wp\/v2\/product"}],"about":[{"href":"https:\/\/care4bird.nl\/fr\/wp-json\/wp\/v2\/types\/product"}],"wp:featuredmedia":[{"embeddable":true,"href":"https:\/\/care4bird.nl\/fr\/wp-json\/wp\/v2\/media\/15054"}],"wp:attachment":[{"href":"https:\/\/care4bird.nl\/fr\/wp-json\/wp\/v2\/media?parent=15582"}],"wp:term":[{"taxonomy":"product_cat","embeddable":true,"href":"https:\/\/care4bird.nl\/fr\/wp-json\/wp\/v2\/product_cat?post=15582"},{"taxonomy":"product_tag","embeddable":true,"href":"https:\/\/care4bird.nl\/fr\/wp-json\/wp\/v2\/product_tag?post=15582"}],"curies":[{"name":"wp","href":"https:\/\/api.w.org\/{rel}","templated":true}]}}