{"id":15588,"date":"2025-11-03T10:55:55","date_gmt":"2025-11-03T10:55:55","guid":{"rendered":"https:\/\/care4bird.nl\/product\/fungi-stop\/"},"modified":"2026-04-17T06:57:53","modified_gmt":"2026-04-17T06:57:53","slug":"fungi-stop","status":"publish","type":"product","link":"https:\/\/care4bird.nl\/fr\/produit\/fungi-stop\/","title":{"rendered":"Fungi Stop"},"content":{"rendered":"<div>\n<h6>Indication :<\/h6>\n<p>L\u2019importance pour les colombophiles est que certains types de champignons aiment se d\u00e9velopper sur les c\u00e9r\u00e9ales. Une mauvaise hygi\u00e8ne peut \u00e9galement favoriser la propagation des levures. La plupart des oiseaux en bonne sant\u00e9 ne seront pas affect\u00e9s, mais les oiseaux \u00e2g\u00e9s, malades ou stress\u00e9s d\u00e9veloppent g\u00e9n\u00e9ralement des infections \u00e0 levures. Ces infections secondaires augmentent le stress sur leur syst\u00e8me immunitaire d\u00e9j\u00e0 sollicit\u00e9 et perturbent le processus de gu\u00e9rison.<\/p>\n<\/div>\n<h6>Sympt\u00f4mes :<\/h6>\n<div>Les oiseaux gonflent leurs plumes, perte d\u2019app\u00e9tit, vomissements, jabot gonfl\u00e9, difficult\u00e9s respiratoires, souvent associ\u00e9es \u00e0 des diarrh\u00e9es<\/div>\n<h6>Posologie :<\/h6>\n<div><i>FUNGI STOP POUDRE<\/i><br \/>\nDose alimentaire : oiseaux en g\u00e9n\u00e9ral : 5 g \/ 500 g d\u2019aliment, deux fois par jour, pendant 5 \u00e0 7 jours.<\/div>\n<div>Dose dans l\u2019eau de boisson : oiseaux en g\u00e9n\u00e9ral : 5 g \/ 1 L d\u2019eau de boisson, deux fois par jour, pendant 5 \u00e0 7 jours.<\/div>\n<div>Bien m\u00e9langer avant utilisation !<\/div>\n<div>Pour la pr\u00e9vention, administrer de l\u2019acide citrique 5 ml par 1 litre d\u2019eau de boisson quotidiennement.<\/div>\n<div>\n<p>Cuill\u00e8re doseuse 1+5 g incluse.<\/p>\n<p><i>FUNGI STOP COMPRIM\u00c9S<\/i><br \/>\nCuratif : 1 comprim\u00e9 par pigeon (400-500 g de poids corporel) pendant 3 \u00e0 5 jours cons\u00e9cutifs, ou selon prescription du v\u00e9t\u00e9rinaire.<\/p>\n<\/div>\n<h6>Contient :<\/h6>\n<p><i>FUNGI STOP POUDRE<\/i><br \/>\n200 000 UI de Nystatine par gramme. Ingr\u00e9dients inactifs q.s.p. 100 g.<\/p>\n<p><i>FUNGI STOP COMPRIM\u00c9S<\/i><br \/>\nK\u00e9toconazole 75 mg\/g<\/p>\n","protected":false},"excerpt":{"rendered":"<p>Indication : L\u2019importance pour les colombophiles est que certains types de champignons aiment se d\u00e9velopper sur les c\u00e9r\u00e9ales. Une mauvaise hygi\u00e8ne peut&hellip;<\/p>\n","protected":false},"featured_media":15055,"template":"","meta":[],"product_cat":[320],"product_tag":[],"class_list":{"0":"post-15588","1":"product","2":"type-product","3":"status-publish","4":"has-post-thumbnail","6":"product_cat-medicaments-pour-pigeons","8":"first","9":"instock","10":"shipping-taxable","11":"product-type-simple"},"_links":{"self":[{"href":"https:\/\/care4bird.nl\/fr\/wp-json\/wp\/v2\/product\/15588","targetHints":{"allow":["GET"]}}],"collection":[{"href":"https:\/\/care4bird.nl\/fr\/wp-json\/wp\/v2\/product"}],"about":[{"href":"https:\/\/care4bird.nl\/fr\/wp-json\/wp\/v2\/types\/product"}],"wp:featuredmedia":[{"embeddable":true,"href":"https:\/\/care4bird.nl\/fr\/wp-json\/wp\/v2\/media\/15055"}],"wp:attachment":[{"href":"https:\/\/care4bird.nl\/fr\/wp-json\/wp\/v2\/media?parent=15588"}],"wp:term":[{"taxonomy":"product_cat","embeddable":true,"href":"https:\/\/care4bird.nl\/fr\/wp-json\/wp\/v2\/product_cat?post=15588"},{"taxonomy":"product_tag","embeddable":true,"href":"https:\/\/care4bird.nl\/fr\/wp-json\/wp\/v2\/product_tag?post=15588"}],"curies":[{"name":"wp","href":"https:\/\/api.w.org\/{rel}","templated":true}]}}