{"id":15594,"date":"2025-11-03T10:54:21","date_gmt":"2025-11-03T10:54:21","guid":{"rendered":"https:\/\/care4bird.nl\/product\/combi-mix\/"},"modified":"2026-04-17T06:58:51","modified_gmt":"2026-04-17T06:58:51","slug":"combi-mix","status":"publish","type":"product","link":"https:\/\/care4bird.nl\/fr\/produit\/combi-mix\/","title":{"rendered":"Combi Mix"},"content":{"rendered":"<div>\n<h6>Indication :<\/h6>\n<p>Combi Mix 4 en 1 est tr\u00e8s adapt\u00e9 au traitement des trichomonoses, hexamitose, coccidiose et mucus dans la gorge. Pendant la saison de course, il est important que les pigeons soient en condition optimale afin que rien n\u2019entrave leurs performances. Combi Mix 4 en 1 aide \u00e0 atteindre cet objectif et peut \u00eatre administr\u00e9 \u00e0 la fois \u00e0 titre pr\u00e9ventif et curatif.<\/p>\n<\/div>\n<h6>Sympt\u00f4mes :<\/h6>\n<div>Manque de condition, digestion perturb\u00e9e, fientes plates et aqueuses. La gorge des pigeons contient plus de mucus que la normale et pr\u00e9sente une couleur rouge\u00e2tre, petites zones blanches \u00e0 jaun\u00e2tres dans la cavit\u00e9 buccale, probl\u00e8mes respiratoires.<\/div>\n<h6>Posologie :<\/h6>\n<div><i>COMBI MIX 4 EN 1 POUDRE<\/i><br \/>\nPr\u00e9vention : 1 cuill\u00e8re doseuse (=5 g) pour 2 litres d\u2019eau de boisson pendant 1 ou 2 jours toutes les 2 semaines, de pr\u00e9f\u00e9rence en commen\u00e7ant le lendemain de la course. Bien m\u00e9langer avant utilisation !<\/div>\n<div>En traitement : 1 cuill\u00e8re doseuse (=5 g) pour 2 litres d\u2019eau de boisson pendant 5 \u00e0 7 jours cons\u00e9cutifs.<\/div>\n<div>Ce traitement peut \u00eatre r\u00e9p\u00e9t\u00e9 si n\u00e9cessaire apr\u00e8s quelques jours.<\/div>\n<div>Combi Mix 4 en 1 est une poudre soluble dans l\u2019eau qui peut \u00e9galement \u00eatre administr\u00e9e sur l\u2019aliment.<\/div>\n<div>\n<p>Cuill\u00e8re doseuse 1+5 g incluse.<\/p>\n<p><i>COMBI COMPRIM\u00c9S<\/i><br \/>\nPr\u00e9ventif : 1 comprim\u00e9 par pigeon (400-500 g de poids corporel) pendant 1 \u00e0 2 jours cons\u00e9cutifs.<br \/>\nCuratif : 1 comprim\u00e9 par pigeon (400-500 g de poids corporel) pendant 3 \u00e0 5 jours cons\u00e9cutifs, ou selon prescription du v\u00e9t\u00e9rinaire.<\/p>\n<\/div>\n<h6>Contient :<\/h6>\n<p><i>COMBI MIX POUDRE :<\/i><br \/>\nAmprolium 10 %, Secnidazole 15 %, ingr\u00e9dients inactifs q.s.p. 100 g.<\/p>\n<p>COMBI COMPRIM\u00c9S<br \/>\nAmprolium HCl 96 mg\/g ; Dim\u00e9tridazole HCl 50 mg\/g<\/p>\n","protected":false},"excerpt":{"rendered":"<p>Indication : Combi Mix 4 en 1 est tr\u00e8s adapt\u00e9 au traitement des trichomonoses, hexamitose, coccidiose et mucus dans la gorge. Pendant&hellip;<\/p>\n","protected":false},"featured_media":15056,"template":"","meta":[],"product_cat":[320],"product_tag":[],"class_list":{"0":"post-15594","1":"product","2":"type-product","3":"status-publish","4":"has-post-thumbnail","6":"product_cat-medicaments-pour-pigeons","8":"first","9":"instock","10":"shipping-taxable","11":"product-type-simple"},"_links":{"self":[{"href":"https:\/\/care4bird.nl\/fr\/wp-json\/wp\/v2\/product\/15594","targetHints":{"allow":["GET"]}}],"collection":[{"href":"https:\/\/care4bird.nl\/fr\/wp-json\/wp\/v2\/product"}],"about":[{"href":"https:\/\/care4bird.nl\/fr\/wp-json\/wp\/v2\/types\/product"}],"wp:featuredmedia":[{"embeddable":true,"href":"https:\/\/care4bird.nl\/fr\/wp-json\/wp\/v2\/media\/15056"}],"wp:attachment":[{"href":"https:\/\/care4bird.nl\/fr\/wp-json\/wp\/v2\/media?parent=15594"}],"wp:term":[{"taxonomy":"product_cat","embeddable":true,"href":"https:\/\/care4bird.nl\/fr\/wp-json\/wp\/v2\/product_cat?post=15594"},{"taxonomy":"product_tag","embeddable":true,"href":"https:\/\/care4bird.nl\/fr\/wp-json\/wp\/v2\/product_tag?post=15594"}],"curies":[{"name":"wp","href":"https:\/\/api.w.org\/{rel}","templated":true}]}}