{"id":15600,"date":"2025-11-03T10:52:56","date_gmt":"2025-11-03T10:52:56","guid":{"rendered":"https:\/\/care4bird.nl\/product\/intestinal\/"},"modified":"2026-04-17T06:59:42","modified_gmt":"2026-04-17T06:59:42","slug":"intestinal","status":"publish","type":"product","link":"https:\/\/care4bird.nl\/fr\/produit\/intestinal\/","title":{"rendered":"Intestinal"},"content":{"rendered":"<div>\n<h6>Indication :<\/h6>\n<p>Syndrome ad\u00e9no-coli, coccidiose, canker et infections bact\u00e9riennes en g\u00e9n\u00e9ral. Ce m\u00e9lange contient une combinaison de principes actifs efficaces contre le syndrome ad\u00e9no\/E. coli et la coccidiose. Le syndrome ad\u00e9no\/E. coli est un probl\u00e8me que l\u2019on rencontre chez les jeunes pigeons et qui peut \u00eatre tr\u00e8s dangereux. Un traitement pr\u00e9coce est important.<\/p>\n<\/div>\n<h6>Sympt\u00f4mes :<\/h6>\n<div>Perte de poids et de condition g\u00e9n\u00e9rale, vomissements, fientes visqueuses et vertes, mortalit\u00e9.<\/div>\n<h6>Posologie :<\/h6>\n<div><i>INTESTINAL POUDRE<\/i><br \/>\nPr\u00e9vention : 1 cuill\u00e8re doseuse (=5 g) pour 2 litres d\u2019eau de boisson pendant 1 ou 2 jours toutes les 2 semaines, de pr\u00e9f\u00e9rence en commen\u00e7ant le lendemain de la course.<\/div>\n<div>En traitement : 1 cuill\u00e8re doseuse (=5 g) pour 2 litres d\u2019eau de boisson pendant 5 \u00e0 7 jours cons\u00e9cutifs.<\/div>\n<div>Bien m\u00e9langer avant utilisation !<\/div>\n<div>Ce traitement peut \u00eatre r\u00e9p\u00e9t\u00e9 si n\u00e9cessaire apr\u00e8s quelques jours.<\/div>\n<div>Intestinal est une poudre soluble dans l\u2019eau qui peut \u00e9galement \u00eatre administr\u00e9e sur l\u2019aliment.<\/div>\n<div>\n<p>Cuill\u00e8re doseuse 1+5 g incluse.<\/p>\n<p><i>INTESTINAL COMPRIM\u00c9S<\/i><br \/>\nPr\u00e9ventif : 1 comprim\u00e9 par pigeon (400-500 g de poids corporel) pendant 1 \u00e0 2 jours cons\u00e9cutifs.<br \/>\nCuratif : 1 comprim\u00e9 par pigeon (400-500 g de poids corporel) pendant 3 \u00e0 5 jours cons\u00e9cutifs, ou selon prescription du v\u00e9t\u00e9rinaire.<\/p>\n<\/div>\n<h6>Contient :<\/h6>\n<p><i>INTESTINAL POUDRE<\/i><br \/>\nTrim\u00e9thoprime 2,5 %, Sulfadiazine sodique 12,5 %, Furaltadone HCl 5 %, Ronidazole 5 %, ingr\u00e9dients inactifs q.s.p. 100 g.<\/p>\n<p><i>INTESTINAL COMPRIM\u00c9S<\/i><br \/>\nTrim\u00e9thoprime 37,5 mg\/g ; Sulfam\u00e9thoxazole 187,5 mg\/g<\/p>\n","protected":false},"excerpt":{"rendered":"<p>Indication : Syndrome ad\u00e9no-coli, coccidiose, canker et infections bact\u00e9riennes en g\u00e9n\u00e9ral. Ce m\u00e9lange contient une combinaison de principes actifs efficaces contre le&hellip;<\/p>\n","protected":false},"featured_media":15057,"template":"","meta":[],"product_cat":[320],"product_tag":[],"class_list":{"0":"post-15600","1":"product","2":"type-product","3":"status-publish","4":"has-post-thumbnail","6":"product_cat-medicaments-pour-pigeons","8":"first","9":"instock","10":"shipping-taxable","11":"product-type-simple"},"_links":{"self":[{"href":"https:\/\/care4bird.nl\/fr\/wp-json\/wp\/v2\/product\/15600","targetHints":{"allow":["GET"]}}],"collection":[{"href":"https:\/\/care4bird.nl\/fr\/wp-json\/wp\/v2\/product"}],"about":[{"href":"https:\/\/care4bird.nl\/fr\/wp-json\/wp\/v2\/types\/product"}],"wp:featuredmedia":[{"embeddable":true,"href":"https:\/\/care4bird.nl\/fr\/wp-json\/wp\/v2\/media\/15057"}],"wp:attachment":[{"href":"https:\/\/care4bird.nl\/fr\/wp-json\/wp\/v2\/media?parent=15600"}],"wp:term":[{"taxonomy":"product_cat","embeddable":true,"href":"https:\/\/care4bird.nl\/fr\/wp-json\/wp\/v2\/product_cat?post=15600"},{"taxonomy":"product_tag","embeddable":true,"href":"https:\/\/care4bird.nl\/fr\/wp-json\/wp\/v2\/product_tag?post=15600"}],"curies":[{"name":"wp","href":"https:\/\/api.w.org\/{rel}","templated":true}]}}