{"id":15606,"date":"2025-11-03T10:52:08","date_gmt":"2025-11-03T10:52:08","guid":{"rendered":"https:\/\/care4bird.nl\/product\/eye-drops\/"},"modified":"2026-04-17T07:00:34","modified_gmt":"2026-04-17T07:00:34","slug":"eye-drops","status":"publish","type":"product","link":"https:\/\/care4bird.nl\/fr\/produit\/eye-drops\/","title":{"rendered":"Eye drops"},"content":{"rendered":"<div>\n<h6>Posologie<\/h6>\n<\/div>\n<div>tous types d\u2019infections ; maladies oculaires ou auriculaires caus\u00e9es par des bact\u00e9ries Gram + et &#8211;<\/div>\n<h6>Posologie<\/h6>\n<div>1-2 gouttes ou selon prescription v\u00e9t\u00e9rinaire<\/div>\n<h6>Traitement<\/h6>\n<div>\n<p>1-2 fois par jour jusqu\u2019\u00e0 am\u00e9lioration, ou selon prescription v\u00e9t\u00e9rinaire<\/p>\n<\/div>\n<div><b>LE PRODUIT CONTIENT UN ST\u00c9RO\u00cfDE.<\/b><\/div>\n<h6>Formule<\/h6>\n<div>contient : Prednisolone sodium phosphate 55 mg\/g, Sulfate de n\u00e9omycine 50 mg\/g<\/div>\n<h6>Contenu :<\/h6>\n<div>10 ml de m\u00e9dicament v\u00e9t\u00e9rinaire pour oiseaux<\/div>\n","protected":false},"excerpt":{"rendered":"<p>Posologie tous types d\u2019infections ; maladies oculaires ou auriculaires caus\u00e9es par des bact\u00e9ries Gram + et &#8211; Posologie 1-2 gouttes ou selon&hellip;<\/p>\n","protected":false},"featured_media":15607,"template":"","meta":[],"product_cat":[320],"product_tag":[],"class_list":{"0":"post-15606","1":"product","2":"type-product","3":"status-publish","4":"has-post-thumbnail","6":"product_cat-medicaments-pour-pigeons","8":"first","9":"instock","10":"shipping-taxable","11":"product-type-simple"},"_links":{"self":[{"href":"https:\/\/care4bird.nl\/fr\/wp-json\/wp\/v2\/product\/15606","targetHints":{"allow":["GET"]}}],"collection":[{"href":"https:\/\/care4bird.nl\/fr\/wp-json\/wp\/v2\/product"}],"about":[{"href":"https:\/\/care4bird.nl\/fr\/wp-json\/wp\/v2\/types\/product"}],"wp:featuredmedia":[{"embeddable":true,"href":"https:\/\/care4bird.nl\/fr\/wp-json\/wp\/v2\/media\/15607"}],"wp:attachment":[{"href":"https:\/\/care4bird.nl\/fr\/wp-json\/wp\/v2\/media?parent=15606"}],"wp:term":[{"taxonomy":"product_cat","embeddable":true,"href":"https:\/\/care4bird.nl\/fr\/wp-json\/wp\/v2\/product_cat?post=15606"},{"taxonomy":"product_tag","embeddable":true,"href":"https:\/\/care4bird.nl\/fr\/wp-json\/wp\/v2\/product_tag?post=15606"}],"curies":[{"name":"wp","href":"https:\/\/api.w.org\/{rel}","templated":true}]}}