{"id":15612,"date":"2025-11-03T10:51:24","date_gmt":"2025-11-03T10:51:24","guid":{"rendered":"https:\/\/care4bird.nl\/product\/general-care\/"},"modified":"2026-04-17T07:01:25","modified_gmt":"2026-04-17T07:01:25","slug":"general-care","status":"publish","type":"product","link":"https:\/\/care4bird.nl\/fr\/produit\/general-care\/","title":{"rendered":"General Care"},"content":{"rendered":"<div>\n<h6>Indication :<\/h6>\n<p>Canker (trichomonose, hexamitose), paratyphose, E. coli et infections bact\u00e9riennes en g\u00e9n\u00e9ral.<\/p>\n<\/div>\n<h6>Sympt\u00f4mes :<\/h6>\n<div>Perte de poids et de condition g\u00e9n\u00e9rale, fientes visqueuses et vertes, articulations des pattes et des ailes enfl\u00e9es, \u0153ufs non f\u00e9cond\u00e9s, torsion parfois de la t\u00eate sur le c\u00f4t\u00e9, maladie du jeune pigeon, mort subite.<\/div>\n<h6>Posologie :<\/h6>\n<div><i>GENERAL CARE POUDRE<\/i><br \/>\nPr\u00e9vention : 1 cuill\u00e8re doseuse (=5 g) pour 2 litres d\u2019eau de boisson pendant 1 ou 2 jours toutes les 2 semaines, de pr\u00e9f\u00e9rence en commen\u00e7ant le lendemain de la course.<\/div>\n<div>En traitement : 1 cuill\u00e8re doseuse (=5 g) pour 2 litres d\u2019eau de boisson pendant 5 \u00e0 7 jours cons\u00e9cutifs.<\/div>\n<div>Ce traitement peut \u00eatre r\u00e9p\u00e9t\u00e9 si n\u00e9cessaire apr\u00e8s quelques jours. Bien m\u00e9langer avant utilisation !<\/div>\n<div>General Care est une poudre soluble dans l\u2019eau qui peut \u00e9galement \u00eatre administr\u00e9e sur l\u2019aliment.<\/div>\n<div>\n<p>Cuill\u00e8re doseuse 1+5 g incluse.<\/p>\n<p><i>GENERAL CARE COMPRIM\u00c9S<\/i><br \/>\nPr\u00e9ventif : 1 comprim\u00e9 par pigeon (400-500 g de poids corporel) pendant 1 \u00e0 2 jours cons\u00e9cutifs.<br \/>\nCuratif : 1 comprim\u00e9 par pigeon (400-500 g de poids corporel) pendant 3 \u00e0 5 jours cons\u00e9cutifs, ou selon prescription du v\u00e9t\u00e9rinaire.<\/p>\n<\/div>\n<h6>Contient :<\/h6>\n<div><i>GENERAL CARE POUDRE<\/i><br \/>\nFuraltadone HCl 12 %, M\u00e9tronidazole 20 %, Chlort\u00e9tracycline HCl 10 %, ingr\u00e9dients inactifs q.s.p. 100 g.<i>GENERAL CARE COMPRIM\u00c9S<\/i><br \/>\nFuraltadone HCl 75 mg\/g ; Ronidazole 25 mg\/g<\/div>\n","protected":false},"excerpt":{"rendered":"<p>Indication : Canker (trichomonose, hexamitose), paratyphose, E. coli et infections bact\u00e9riennes en g\u00e9n\u00e9ral. Sympt\u00f4mes : Perte de poids et de condition g\u00e9n\u00e9rale,&hellip;<\/p>\n","protected":false},"featured_media":15059,"template":"","meta":[],"product_cat":[320],"product_tag":[],"class_list":{"0":"post-15612","1":"product","2":"type-product","3":"status-publish","4":"has-post-thumbnail","6":"product_cat-medicaments-pour-pigeons","8":"first","9":"instock","10":"shipping-taxable","11":"product-type-simple"},"_links":{"self":[{"href":"https:\/\/care4bird.nl\/fr\/wp-json\/wp\/v2\/product\/15612","targetHints":{"allow":["GET"]}}],"collection":[{"href":"https:\/\/care4bird.nl\/fr\/wp-json\/wp\/v2\/product"}],"about":[{"href":"https:\/\/care4bird.nl\/fr\/wp-json\/wp\/v2\/types\/product"}],"wp:featuredmedia":[{"embeddable":true,"href":"https:\/\/care4bird.nl\/fr\/wp-json\/wp\/v2\/media\/15059"}],"wp:attachment":[{"href":"https:\/\/care4bird.nl\/fr\/wp-json\/wp\/v2\/media?parent=15612"}],"wp:term":[{"taxonomy":"product_cat","embeddable":true,"href":"https:\/\/care4bird.nl\/fr\/wp-json\/wp\/v2\/product_cat?post=15612"},{"taxonomy":"product_tag","embeddable":true,"href":"https:\/\/care4bird.nl\/fr\/wp-json\/wp\/v2\/product_tag?post=15612"}],"curies":[{"name":"wp","href":"https:\/\/api.w.org\/{rel}","templated":true}]}}