{"id":15618,"date":"2025-11-03T10:49:37","date_gmt":"2025-11-03T10:49:37","guid":{"rendered":"https:\/\/care4bird.nl\/product\/coli-stop\/"},"modified":"2026-04-17T07:02:08","modified_gmt":"2026-04-17T07:02:08","slug":"coli-stop","status":"publish","type":"product","link":"https:\/\/care4bird.nl\/fr\/produit\/coli-stop\/","title":{"rendered":"Coli Stop"},"content":{"rendered":"<h6>Indication :<\/h6>\n<div>E. coli, paratypho\u00efde, Streptococcus, Staphylococcus et infections bact\u00e9riennes en g\u00e9n\u00e9ral.<\/div>\n<h6>Sympt\u00f4mes :<\/h6>\n<div>Perte d\u2019app\u00e9tit, vidange lente du jabot, perte de poids, vomissements, fientes brun-vert aqueuses ou visqueuses, mort subite.<\/div>\n<h6>Posologie :<\/h6>\n<div><i>COLI STOP POUDRE :<\/i><br \/>\nPr\u00e9vention : 1 cuill\u00e8re doseuse (=5 g) pour 2 litres d\u2019eau de boisson pendant 1 ou 2 jours toutes les 2 semaines,<\/div>\n<div>de pr\u00e9f\u00e9rence en commen\u00e7ant le lendemain de la course.<\/div>\n<div>En traitement : 1 cuill\u00e8re doseuse (=5 g) pour 2 litres d\u2019eau de boisson pendant 5 \u00e0 7 jours cons\u00e9cutifs.<\/div>\n<div>Ce traitement peut \u00eatre r\u00e9p\u00e9t\u00e9 si n\u00e9cessaire apr\u00e8s quelques jours.<\/div>\n<div>Coli Stop est une poudre soluble dans l\u2019eau qui peut \u00e9galement \u00eatre administr\u00e9e sur l\u2019aliment.<\/div>\n<div>\n<p>Cuill\u00e8re doseuse 1+5 g incluse.<\/p>\n<p><i>COLI STOP COMPRIM\u00c9S :<\/i><br \/>\nPr\u00e9ventif : 1 comprim\u00e9 par pigeon (400-500 g de poids corporel) pendant 1 \u00e0 2 jours cons\u00e9cutifs.<br \/>\nCuratif : 1 comprim\u00e9 par pigeon (400-500 g de poids corporel) pendant 3 \u00e0 5 jours cons\u00e9cutifs, ou selon prescription du v\u00e9t\u00e9rinaire.<\/p>\n<\/div>\n<h6>Contient :<\/h6>\n<p><i>COLI STOP POUDRE :<\/i><br \/>\nSulfate de streptomycine 13,9 %, sulfate de n\u00e9omycine 4 %, sulfate de colistine 2 %. Ingr\u00e9dients inactifs q.s.p. 100 g.<\/p>\n<p><i>COLI STOP COMPRIM\u00c9S<\/i><br \/>\nSulfate de n\u00e9omycine 5,0 mg\/g ; Sulfate de streptomycine 17,4 mg\/g ; Sulfate de colistine 2,5 mg\/g<\/p>\n","protected":false},"excerpt":{"rendered":"<p>Indication : E. coli, paratypho\u00efde, Streptococcus, Staphylococcus et infections bact\u00e9riennes en g\u00e9n\u00e9ral. Sympt\u00f4mes : Perte d\u2019app\u00e9tit, vidange lente du jabot, perte de&hellip;<\/p>\n","protected":false},"featured_media":15060,"template":"","meta":[],"product_cat":[320],"product_tag":[],"class_list":{"0":"post-15618","1":"product","2":"type-product","3":"status-publish","4":"has-post-thumbnail","6":"product_cat-medicaments-pour-pigeons","8":"first","9":"instock","10":"shipping-taxable","11":"product-type-simple"},"_links":{"self":[{"href":"https:\/\/care4bird.nl\/fr\/wp-json\/wp\/v2\/product\/15618","targetHints":{"allow":["GET"]}}],"collection":[{"href":"https:\/\/care4bird.nl\/fr\/wp-json\/wp\/v2\/product"}],"about":[{"href":"https:\/\/care4bird.nl\/fr\/wp-json\/wp\/v2\/types\/product"}],"wp:featuredmedia":[{"embeddable":true,"href":"https:\/\/care4bird.nl\/fr\/wp-json\/wp\/v2\/media\/15060"}],"wp:attachment":[{"href":"https:\/\/care4bird.nl\/fr\/wp-json\/wp\/v2\/media?parent=15618"}],"wp:term":[{"taxonomy":"product_cat","embeddable":true,"href":"https:\/\/care4bird.nl\/fr\/wp-json\/wp\/v2\/product_cat?post=15618"},{"taxonomy":"product_tag","embeddable":true,"href":"https:\/\/care4bird.nl\/fr\/wp-json\/wp\/v2\/product_tag?post=15618"}],"curies":[{"name":"wp","href":"https:\/\/api.w.org\/{rel}","templated":true}]}}