{"id":15624,"date":"2025-11-03T10:49:34","date_gmt":"2025-11-03T10:49:34","guid":{"rendered":"https:\/\/care4bird.nl\/product\/eye-cream\/"},"modified":"2026-04-17T07:07:15","modified_gmt":"2026-04-17T07:07:15","slug":"eye-cream","status":"publish","type":"product","link":"https:\/\/care4bird.nl\/fr\/produit\/eye-cream\/","title":{"rendered":"Eye cream"},"content":{"rendered":"<div>\n<h6>Indication<\/h6>\n<\/div>\n<div>tous types d\u2019infections ; maladies oculaires ou auriculaires compliqu\u00e9es par des r\u00e9actions allergiques.<\/div>\n<h6>Posologie<\/h6>\n<div>une petite quantit\u00e9 autour de l\u2019\u0153il ou de l\u2019oreille, ou selon prescription v\u00e9t\u00e9rinaire<\/div>\n<h6>Traitement<\/h6>\n<div>1-2 fois par jour jusqu\u2019\u00e0 am\u00e9lioration, ou selon prescription du v\u00e9t\u00e9rinaire<\/div>\n<h6><b>LE PRODUIT CONTIENT DES ST\u00c9RO\u00cfDES, NE PAS UTILISER AVANT LES COURSES.<\/b><\/h6>\n<h6>Formule<\/h6>\n<div>Contient : Oxyt\u00e9tracycline HCl 5,4 mg\/g, Sulfate de polymyxine B 1,27 mg\/g,<\/div>\n<div>Hydrocortisone micronis\u00e9e 1,5 mg\/g (fourni sous forme de tube de 5 g)<\/div>\n<h6>Contenu :<\/h6>\n<div>5 g de m\u00e9dicament v\u00e9t\u00e9rinaire pour oiseaux<\/div>\n","protected":false},"excerpt":{"rendered":"<p>Indication tous types d\u2019infections ; maladies oculaires ou auriculaires compliqu\u00e9es par des r\u00e9actions allergiques. Posologie une petite quantit\u00e9 autour de l\u2019\u0153il ou&hellip;<\/p>\n","protected":false},"featured_media":15626,"template":"","meta":[],"product_cat":[320],"product_tag":[],"class_list":{"0":"post-15624","1":"product","2":"type-product","3":"status-publish","4":"has-post-thumbnail","6":"product_cat-medicaments-pour-pigeons","8":"first","9":"instock","10":"shipping-taxable","11":"product-type-simple"},"_links":{"self":[{"href":"https:\/\/care4bird.nl\/fr\/wp-json\/wp\/v2\/product\/15624","targetHints":{"allow":["GET"]}}],"collection":[{"href":"https:\/\/care4bird.nl\/fr\/wp-json\/wp\/v2\/product"}],"about":[{"href":"https:\/\/care4bird.nl\/fr\/wp-json\/wp\/v2\/types\/product"}],"wp:featuredmedia":[{"embeddable":true,"href":"https:\/\/care4bird.nl\/fr\/wp-json\/wp\/v2\/media\/15626"}],"wp:attachment":[{"href":"https:\/\/care4bird.nl\/fr\/wp-json\/wp\/v2\/media?parent=15624"}],"wp:term":[{"taxonomy":"product_cat","embeddable":true,"href":"https:\/\/care4bird.nl\/fr\/wp-json\/wp\/v2\/product_cat?post=15624"},{"taxonomy":"product_tag","embeddable":true,"href":"https:\/\/care4bird.nl\/fr\/wp-json\/wp\/v2\/product_tag?post=15624"}],"curies":[{"name":"wp","href":"https:\/\/api.w.org\/{rel}","templated":true}]}}