{"id":15634,"date":"2025-11-03T10:44:11","date_gmt":"2025-11-03T10:44:11","guid":{"rendered":"https:\/\/care4bird.nl\/product\/endo-ecto-drops\/"},"modified":"2026-04-17T07:08:51","modified_gmt":"2026-04-17T07:08:51","slug":"endo-ecto-drops","status":"publish","type":"product","link":"https:\/\/care4bird.nl\/fr\/produit\/endo-ecto-drops\/","title":{"rendered":"Endo-ecto drops"},"content":{"rendered":"<h6>Indication :<\/h6>\n<div>Pour la pr\u00e9vention et le traitement des poux, acariens et infestations de vers.<\/div>\n<h6>CONTRE-INDICATIONS :<\/h6>\n<div>Surdosage, ne pas traiter pendant la mue et les oiseaux de moins de 14 jours.<\/div>\n<h6>INTERACTIONS :<\/h6>\n<div>\u00c0 cette posologie, aucune connue<\/div>\n<h6>COMPOSITION :<\/h6>\n<div>Ivermectine 0,3 %, ingr\u00e9dients inactifs q.s.<\/div>\n<div>jusqu\u2019\u00e0 10 ml.<\/div>\n<h6>CONTENU :<\/h6>\n<div>10 ml de liquide pour traitement local (compte-gouttes) des pigeons et oiseaux de 250 \u00e0 3000 grammes de poids vif.<\/div>\n<h6>Posologie :<\/h6>\n<div>Sur le cou, sur la peau nue : 1 goutte par 200 g de poids vif, 2 gouttes par 500 g de poids vif<\/div>\n<div>Si n\u00e9cessaire, r\u00e9p\u00e9ter le traitement apr\u00e8s 4 \u00e0 6 semaines ou selon prescription v\u00e9t\u00e9rinaire.<\/div>\n<div>Dosage pour l\u2019eau de bain : 40 gouttes pour 10 litres d\u2019eau de bain.<\/div>\n","protected":false},"excerpt":{"rendered":"<p>Indication : Pour la pr\u00e9vention et le traitement des poux, acariens et infestations de vers. CONTRE-INDICATIONS : Surdosage, ne pas traiter pendant&hellip;<\/p>\n","protected":false},"featured_media":15636,"template":"","meta":[],"product_cat":[320],"product_tag":[],"class_list":{"0":"post-15634","1":"product","2":"type-product","3":"status-publish","4":"has-post-thumbnail","6":"product_cat-medicaments-pour-pigeons","8":"first","9":"instock","10":"shipping-taxable","11":"product-type-simple"},"_links":{"self":[{"href":"https:\/\/care4bird.nl\/fr\/wp-json\/wp\/v2\/product\/15634","targetHints":{"allow":["GET"]}}],"collection":[{"href":"https:\/\/care4bird.nl\/fr\/wp-json\/wp\/v2\/product"}],"about":[{"href":"https:\/\/care4bird.nl\/fr\/wp-json\/wp\/v2\/types\/product"}],"wp:featuredmedia":[{"embeddable":true,"href":"https:\/\/care4bird.nl\/fr\/wp-json\/wp\/v2\/media\/15636"}],"wp:attachment":[{"href":"https:\/\/care4bird.nl\/fr\/wp-json\/wp\/v2\/media?parent=15634"}],"wp:term":[{"taxonomy":"product_cat","embeddable":true,"href":"https:\/\/care4bird.nl\/fr\/wp-json\/wp\/v2\/product_cat?post=15634"},{"taxonomy":"product_tag","embeddable":true,"href":"https:\/\/care4bird.nl\/fr\/wp-json\/wp\/v2\/product_tag?post=15634"}],"curies":[{"name":"wp","href":"https:\/\/api.w.org\/{rel}","templated":true}]}}