{"id":15363,"date":"2025-11-03T11:38:17","date_gmt":"2025-11-03T11:38:17","guid":{"rendered":"https:\/\/care4bird.nl\/product\/intestinal-2\/"},"modified":"2026-04-16T09:40:26","modified_gmt":"2026-04-16T09:40:26","slug":"intestinal-2","status":"publish","type":"product","link":"https:\/\/care4bird.nl\/pt-pt\/produto\/intestinal-2\/","title":{"rendered":"Intestinal"},"content":{"rendered":"<div>\n<h6>Indica\u00e7\u00e3o:<\/h6>\n<p>Infe\u00e7\u00f5es gastrointestinais bacterianas, como Staphylococcus, Streptococcus e Enterococcus em aves.\n<\/p><\/div>\n<h6>Sintomas:<\/h6>\n<div>\u2022 Altera\u00e7\u00f5es evidentes no comportamento e apar\u00eancia<\/div>\n<div>\u2022 Penas eri\u00e7adas<\/div>\n<div>\u2022 Olhos vermelhos e lacrimejantes, secre\u00e7\u00e3o nasal<\/div>\n<div>\u2022 Diarreia<\/div>\n<div>\u2022 Respira\u00e7\u00e3o anormal ou dif\u00edcil<\/div>\n<div>\u2022 Apetite reduzido e postura baixa no poleiro<\/div>\n<h6>Dosagem<\/h6>\n<div>Como tratamento normal, adicionar 5 g em 2 L de \u00e1gua pot\u00e1vel morna durante 3-5 dias.<\/div>\n<div>Em caso de infe\u00e7\u00f5es graves: prolongar o tratamento para 5-7 dias consecutivos. O tratamento pode ser<\/div>\n<div>repetido se necess\u00e1rio ap\u00f3s alguns dias. Colher doseadora 1+5 g inclu\u00edda.<\/div>\n<h6>Intera\u00e7\u00f5es: desconhecidas.<\/h6>\n<h6>Contraindica\u00e7\u00f5es: sobredosagem.<\/h6>\n<h6>Conselhos de utiliza\u00e7\u00e3o:<\/h6>\n<p>Isolar as aves doentes (temperatura 28-33 \u00baC, luz reduzida).<br \/>\nDurante o tratamento, administrar tratamento preventivo \u00e0s outras aves.<br \/>\nGarantir que as aves ingerem a quantidade recomendada de medicamento; evitar outras fontes de \u00e1gua ou alimento n\u00e3o medicado.<br \/>\nAdministrar glicose e MULTIVIT MIX durante o tratamento.<br \/>\nPara casos graves, recomenda-se tratamento prolongado.<br \/>\nDesinfetar adequadamente o ambiente.<br \/>\nSe n\u00e3o houver melhoria r\u00e1pida, consultar um especialista.<\/p>\n<h6>NOTAS: LER AS INSTRU\u00c7\u00d5ES ANTES DE USAR.<\/h6>\n<p>Guardar em local seco, protegido da luz solar direta, entre 0-30 \u00b0C.<br \/>\nPrazo de validade ap\u00f3s abertura: um (1) ano.<br \/>\nLote e validade: ver embalagem.<br \/>\nEvitar contacto do medicamento com as m\u00e3os.<br \/>\nManter fora do alcance das crian\u00e7as.<br \/>\nApenas para uso veterin\u00e1rio. N\u00e3o utilizar em animais destinados ao consumo humano.<br \/>\nEliminar embalagens vazias e res\u00edduos no lixo dom\u00e9stico.<br \/>\nEste medicamento veterin\u00e1rio \u00e9 comercializado de acordo com o regime de isen\u00e7\u00e3o para pequenos animais.<\/p>\n<h6>Cont\u00e9m:<\/h6>\n<p>Trimetoprim 4 %, Sulfadiazina S\u00f3dica 20 %, excipientes q.s.p. 100 g<\/p>\n<h6>IMPORTANTE<\/h6>\n<p>Pode ocorrer ligeiro endurecimento do p\u00f3 ao longo do tempo. Isto n\u00e3o afeta a qualidade nem a efic\u00e1cia do produto.<\/p>\n","protected":false},"excerpt":{"rendered":"<p>Indica\u00e7\u00e3o: Infe\u00e7\u00f5es gastrointestinais bacterianas, como Staphylococcus, Streptococcus e Enterococcus em aves. Sintomas: \u2022 Altera\u00e7\u00f5es evidentes no comportamento e apar\u00eancia \u2022 Penas eri\u00e7adas&hellip;<\/p>\n","protected":false},"featured_media":15364,"template":"","meta":[],"product_cat":[323],"product_tag":[],"class_list":{"0":"post-15363","1":"product","2":"type-product","3":"status-publish","4":"has-post-thumbnail","6":"product_cat-medicamentos-para-aves","8":"first","9":"instock","10":"shipping-taxable","11":"product-type-simple"},"_links":{"self":[{"href":"https:\/\/care4bird.nl\/pt-pt\/wp-json\/wp\/v2\/product\/15363","targetHints":{"allow":["GET"]}}],"collection":[{"href":"https:\/\/care4bird.nl\/pt-pt\/wp-json\/wp\/v2\/product"}],"about":[{"href":"https:\/\/care4bird.nl\/pt-pt\/wp-json\/wp\/v2\/types\/product"}],"wp:featuredmedia":[{"embeddable":true,"href":"https:\/\/care4bird.nl\/pt-pt\/wp-json\/wp\/v2\/media\/15364"}],"wp:attachment":[{"href":"https:\/\/care4bird.nl\/pt-pt\/wp-json\/wp\/v2\/media?parent=15363"}],"wp:term":[{"taxonomy":"product_cat","embeddable":true,"href":"https:\/\/care4bird.nl\/pt-pt\/wp-json\/wp\/v2\/product_cat?post=15363"},{"taxonomy":"product_tag","embeddable":true,"href":"https:\/\/care4bird.nl\/pt-pt\/wp-json\/wp\/v2\/product_tag?post=15363"}],"curies":[{"name":"wp","href":"https:\/\/api.w.org\/{rel}","templated":true}]}}