{"id":15369,"date":"2025-11-03T11:34:48","date_gmt":"2025-11-03T11:34:48","guid":{"rendered":"https:\/\/care4bird.nl\/product\/salmo-mix\/"},"modified":"2026-04-16T09:43:24","modified_gmt":"2026-04-16T09:43:24","slug":"salmo-mix","status":"publish","type":"product","link":"https:\/\/care4bird.nl\/pt-pt\/produto\/salmo-mix\/","title":{"rendered":"Salmo-mix"},"content":{"rendered":"<h6>Indica\u00e7\u00e3o:<\/h6>\n<div>Salmonelose, colibacilose (doen\u00e7a do suor) e infe\u00e7\u00f5es bacterianas comuns em aves.<\/div>\n<h6>Sintomas:<\/h6>\n<div>SINTOMAS DE INFE\u00c7\u00d5ES BACTERIANAS EM GERAL:<\/div>\n<div>SINTOMAS EXTRA DE COLIBACILOSE (DOEN\u00c7A DO SUOR):<\/div>\n<div>\u2022 Altera\u00e7\u00f5es evidentes no comportamento e apar\u00eancia<\/div>\n<div>\u2022 Penas eri\u00e7adas e sem brilho<\/div>\n<div>\u2022 Diarreia<\/div>\n<div>\u2022 Respira\u00e7\u00e3o anormal ou dif\u00edcil<\/div>\n<div>\u2022 Apetite reduzido e perman\u00eancia baixa no poleiro<\/div>\n<div>\u2022 Interior dos ninhos manchado com diarreia amarela dos filhotes<\/div>\n<div>\u2022 Crescimento retardado dos jovens<\/div>\n<div>\u2022 Aumento da taxa de mortalidade nos primeiros dias de vida.<\/div>\n<div>A salmonelose \u00e9 mais frequente em per\u00edodos h\u00famidos do ano, em avi\u00e1rios exteriores, quando n\u00e3o s\u00e3o mantidas boas condi\u00e7\u00f5es de higiene. A exposi\u00e7\u00e3o a ratos ou fezes de aves selvagens \u00e9 uma fonte de infe\u00e7\u00e3o.<\/div>\n<h6>Dosagem:<\/h6>\n<div>DOSAGEM: COMO TRATAMENTO NORMAL adicionar 5 g a 1 litro de \u00e1gua de bebida durante 5\u20137 dias consecutivos.<\/div>\n<div>EM CASO DE SALMONELOSE OU COLIBACILOSE (DOEN\u00c7A DO SUOR) repetir o tratamento ap\u00f3s 2 dias.<\/div>\n<div>Colher doseadora 1+5 g inclu\u00edda.<\/div>\n<div>Intera\u00e7\u00f5es: desconhecidas.<\/div>\n<div>Contraindica\u00e7\u00f5es: sobredosagem.<\/div>\n<h6>Conselhos de utiliza\u00e7\u00e3o:<\/h6>\n<div>Isolar as aves doentes (temperatura 28-33 \u00baC, luz reduzida).<\/div>\n<div>Durante o tratamento, fornecer tratamento preventivo \u00e0s outras aves.<\/div>\n<div>Garantir que as aves consomem as quantidades recomendadas; evitar \u00e1gua ou alimento n\u00e3o medicado.<\/div>\n<div>Administrar glucose e MULTIVIT MIX durante o tratamento.<\/div>\n<div>Em casos graves, recomenda-se tratamento prolongado.<\/div>\n<div>Desinfetar adequadamente o alojamento.<\/div>\n<div>Se n\u00e3o houver melhoria r\u00e1pida, consultar um especialista.<\/div>\n<h6>NOTAS: LER AS INSTRU\u00c7\u00d5ES ANTES DE UTILIZAR.<\/h6>\n<div>Armazenar em local seco, protegido da luz solar direta, entre 0-30 \u00b0C.<\/div>\n<div>Validade ap\u00f3s abertura: um (1) ano.<\/div>\n<div>N\u00famero do lote e validade: ver embalagem.<\/div>\n<div>Evitar contacto com as m\u00e3os.<\/div>\n<div>Manter fora do alcance das crian\u00e7as.<\/div>\n<div>Uso veterin\u00e1rio apenas. N\u00e3o destinado a animais para consumo humano.<\/div>\n<div>Eliminar res\u00edduos com o lixo dom\u00e9stico.<\/div>\n<div>Este medicamento veterin\u00e1rio \u00e9 comercializado ao abrigo do regime de isen\u00e7\u00e3o para pequenos animais.<\/div>\n<h6>Cont\u00e9m:<\/h6>\n<div>Furaltadona HCl 12,8%, Cloranfenicol 8%, Clortetraciclina HCl 12,5%, excipientes q.s.p. 100 g<\/div>\n","protected":false},"excerpt":{"rendered":"<p>Indica\u00e7\u00e3o: Salmonelose, colibacilose (doen\u00e7a do suor) e infe\u00e7\u00f5es bacterianas comuns em aves. Sintomas: SINTOMAS DE INFE\u00c7\u00d5ES BACTERIANAS EM GERAL: SINTOMAS EXTRA DE&hellip;<\/p>\n","protected":false},"featured_media":15370,"template":"","meta":[],"product_cat":[323],"product_tag":[],"class_list":{"0":"post-15369","1":"product","2":"type-product","3":"status-publish","4":"has-post-thumbnail","6":"product_cat-medicamentos-para-aves","8":"first","9":"instock","10":"shipping-taxable","11":"product-type-simple"},"_links":{"self":[{"href":"https:\/\/care4bird.nl\/pt-pt\/wp-json\/wp\/v2\/product\/15369","targetHints":{"allow":["GET"]}}],"collection":[{"href":"https:\/\/care4bird.nl\/pt-pt\/wp-json\/wp\/v2\/product"}],"about":[{"href":"https:\/\/care4bird.nl\/pt-pt\/wp-json\/wp\/v2\/types\/product"}],"wp:featuredmedia":[{"embeddable":true,"href":"https:\/\/care4bird.nl\/pt-pt\/wp-json\/wp\/v2\/media\/15370"}],"wp:attachment":[{"href":"https:\/\/care4bird.nl\/pt-pt\/wp-json\/wp\/v2\/media?parent=15369"}],"wp:term":[{"taxonomy":"product_cat","embeddable":true,"href":"https:\/\/care4bird.nl\/pt-pt\/wp-json\/wp\/v2\/product_cat?post=15369"},{"taxonomy":"product_tag","embeddable":true,"href":"https:\/\/care4bird.nl\/pt-pt\/wp-json\/wp\/v2\/product_tag?post=15369"}],"curies":[{"name":"wp","href":"https:\/\/api.w.org\/{rel}","templated":true}]}}