{"id":15376,"date":"2025-11-03T11:34:46","date_gmt":"2025-11-03T11:34:46","guid":{"rendered":"https:\/\/care4bird.nl\/product\/worm-mix\/"},"modified":"2026-04-16T09:44:43","modified_gmt":"2026-04-16T09:44:43","slug":"worm-mix","status":"publish","type":"product","link":"https:\/\/care4bird.nl\/pt-pt\/produto\/worm-mix\/","title":{"rendered":"Worm-mix"},"content":{"rendered":"<div>\n<h6>Indica\u00e7\u00e3o:<\/h6>\n<\/div>\n<div>Para a preven\u00e7\u00e3o e tratamento de infesta\u00e7\u00f5es por vermes redondos e capilares em aves.<\/div>\n<h6>Sintomas:<\/h6>\n<div>DE VERMES INTESTINAIS<\/div>\n<div><\/div>\n<div>\u2022 Perda de peso<\/div>\n<div>\u2022 Perda de condi\u00e7\u00e3o<\/div>\n<div>\u2022 Maior vulnerabilidade a outras doen\u00e7as<\/div>\n<h6>QUANDO TRATAR OS SEUS ANIMAIS:<\/h6>\n<div>\u2022 Como rotina, ap\u00f3s a muda<\/div>\n<div>\u2022 Ao adquirir novas aves<\/div>\n<div>\u2022 Em caso de infe\u00e7\u00f5es por vermes<\/div>\n<h6>Dosagem:<\/h6>\n<div>DOSAGEM: COMO TRATAMENTO GERAL PARA AVES:<\/div>\n<div>1 g para 500 g de peso vivo \/ 5 g para 2500 g de peso vivo durante 2 dias consecutivos<\/div>\n<div>Administrar o Worm-mix com o alimento ou na \u00e1gua de bebida.<\/div>\n<div>Repetir este tratamento ap\u00f3s 10-12 dias.<\/div>\n<div>Colher doseadora 1+5 g inclu\u00edda<\/div>\n<h6>Intera\u00e7\u00f5es: desconhecidas.<\/h6>\n<h6>Contraindica\u00e7\u00f5es: sobredosagem: n\u00e3o administrar este produto durante<\/h6>\n<div>o acasalamento, alimenta\u00e7\u00e3o dos jovens, muda das penas grandes ou a aves com menos de 14 dias.<\/div>\n<h6>Conselhos de utiliza\u00e7\u00e3o:<\/h6>\n<div>Isolar as aves doentes (temperatura 28-33 \u00baC, luz reduzida).<\/div>\n<div>Durante o tratamento, fornecer tratamento preventivo \u00e0s outras aves.<\/div>\n<div>Garantir que as aves consomem as quantidades recomendadas; evitar \u00e1gua ou alimento n\u00e3o medicado.<\/div>\n<div>Administrar glucose e MULTIVIT MIX durante o tratamento.<\/div>\n<div>Em casos graves, recomenda-se tratamento prolongado.<\/div>\n<div>Desinfetar adequadamente o alojamento.<\/div>\n<div>Se n\u00e3o houver melhoria r\u00e1pida, consultar um especialista.<\/div>\n<h6>NOTAS: LER AS INSTRU\u00c7\u00d5ES ANTES DE UTILIZAR.<\/h6>\n<div>Armazenar em local seco, protegido da luz solar direta, entre 0-30 \u00b0C.<\/div>\n<div>Validade ap\u00f3s abertura: um (1) ano.<\/div>\n<div>N\u00famero do lote e validade: ver embalagem.<\/div>\n<div>Evitar contacto com as m\u00e3os.<\/div>\n<div>Manter fora do alcance das crian\u00e7as.<\/div>\n<div>Uso veterin\u00e1rio apenas. N\u00e3o destinado a animais para consumo humano.<\/div>\n<div>Eliminar res\u00edduos com o lixo dom\u00e9stico.<\/div>\n<div>Este medicamento veterin\u00e1rio \u00e9 comercializado ao abrigo do regime de isen\u00e7\u00e3o para pequenos animais.<\/div>\n<h6>Cont\u00e9m:<\/h6>\n<div>Levamisol HCl 2%, excipientes q.s.p. 100 g<\/div>\n","protected":false},"excerpt":{"rendered":"<p>Indica\u00e7\u00e3o: Para a preven\u00e7\u00e3o e tratamento de infesta\u00e7\u00f5es por vermes redondos e capilares em aves. Sintomas: DE VERMES INTESTINAIS \u2022 Perda de&hellip;<\/p>\n","protected":false},"featured_media":15377,"template":"","meta":[],"product_cat":[323],"product_tag":[],"class_list":{"0":"post-15376","1":"product","2":"type-product","3":"status-publish","4":"has-post-thumbnail","6":"product_cat-medicamentos-para-aves","8":"first","9":"instock","10":"shipping-taxable","11":"product-type-simple"},"_links":{"self":[{"href":"https:\/\/care4bird.nl\/pt-pt\/wp-json\/wp\/v2\/product\/15376","targetHints":{"allow":["GET"]}}],"collection":[{"href":"https:\/\/care4bird.nl\/pt-pt\/wp-json\/wp\/v2\/product"}],"about":[{"href":"https:\/\/care4bird.nl\/pt-pt\/wp-json\/wp\/v2\/types\/product"}],"wp:featuredmedia":[{"embeddable":true,"href":"https:\/\/care4bird.nl\/pt-pt\/wp-json\/wp\/v2\/media\/15377"}],"wp:attachment":[{"href":"https:\/\/care4bird.nl\/pt-pt\/wp-json\/wp\/v2\/media?parent=15376"}],"wp:term":[{"taxonomy":"product_cat","embeddable":true,"href":"https:\/\/care4bird.nl\/pt-pt\/wp-json\/wp\/v2\/product_cat?post=15376"},{"taxonomy":"product_tag","embeddable":true,"href":"https:\/\/care4bird.nl\/pt-pt\/wp-json\/wp\/v2\/product_tag?post=15376"}],"curies":[{"name":"wp","href":"https:\/\/api.w.org\/{rel}","templated":true}]}}