{"id":15382,"date":"2025-11-03T11:33:19","date_gmt":"2025-11-03T11:33:19","guid":{"rendered":"https:\/\/care4bird.nl\/product\/fungi-mix\/"},"modified":"2026-04-16T09:46:56","modified_gmt":"2026-04-16T09:46:56","slug":"fungi-mix","status":"publish","type":"product","link":"https:\/\/care4bird.nl\/pt-pt\/produto\/fungi-mix\/","title":{"rendered":"Fungi-mix"},"content":{"rendered":"<div>\n<h6>Indication:<\/h6>\n<\/div>\n<div>Infec\u00e7\u00f5es f\u00fangicas como candid\u00edase, monil\u00edase e aspergilose em aves.<\/div>\n<div>As leveduras est\u00e3o presentes em todo o ambiente, incluindo alimentos estragados. Por isso, frutas e vegetais frescos n\u00e3o devem permanecer na gaiola por longos per\u00edodos. No ver\u00e3o, com calor e humidade, os alimentos podem estragar-se em poucas horas. M\u00e1 higiene tamb\u00e9m pode espalhar infe\u00e7\u00f5es por leveduras. A falta de esteriliza\u00e7\u00e3o do equipamento, limpeza inadequada da gaiola ou at\u00e9 n\u00e3o lavar as m\u00e3os podem espalhar a infe\u00e7\u00e3o. A maioria das aves saud\u00e1veis n\u00e3o ser\u00e1 afetada. Aves idosas, rec\u00e9m-nascidas, doentes e stressadas desenvolvem infe\u00e7\u00f5es secund\u00e1rias por leveduras. Estas infe\u00e7\u00f5es secund\u00e1rias<\/div>\n<div>colocam mais press\u00e3o sobre o sistema imunit\u00e1rio j\u00e1 debilitado e interferem com o processo de cura.<\/div>\n<h6>Symptoms:<\/h6>\n<div>\u2022 Penas eri\u00e7adas<\/div>\n<div>\u2022 Falta de apetite<\/div>\n<div>\u2022 V\u00f3mitos<\/div>\n<div>\u2022 Papo inchado<\/div>\n<div>\u2022 Dificuldades respirat\u00f3rias<\/div>\n<div>\u2022 Frequentemente com diarreia.<\/div>\n<h6>Dosage:<\/h6>\n<p>Dose alimento mole: aves em geral: 5 g \/ 500 g de alimento mole, duas vezes por dia, durante 5 a 7 dias<br \/>\nDose \u00e1gua: aves em geral: 5 g \/ 1 L de \u00e1gua, duas vezes por dia, durante 5 a 7 dias. (mexer bem antes de usar!) A nistatina pode ser misturada diretamente no alimento, mas \u00e9 mais eficaz se administrada pura cerca de 30 minutos antes da alimenta\u00e7\u00e3o. Isto permite revestir o papo e atacar a Candida. Para preven\u00e7\u00e3o, adicionar \u00e1cido c\u00edtrico 5 ml por litro de \u00e1gua diariamente. Colher doseadora 1+5 g inclu\u00edda.<\/p>\n<p>Interaction(s): desconhecidas.<\/p>\n<p>Contra-indica\u00e7\u00e3o(\u00f5es): sobredosagem.<\/p>\n<h6>Advice for use:<\/h6>\n<p>Isolar as aves doentes (temperatura 28-33 \u00baC, luz reduzida).<br \/>\nDurante o tratamento, tratar tamb\u00e9m as outras aves preventivamente.<br \/>\nGarantir que as aves ingerem a dose correta; evitar \u00e1gua\/alimento n\u00e3o medicado.<br \/>\nAdministrar glucose e MULTIVIT MIX durante o tratamento.<br \/>\nEm casos graves, prolongar o tratamento.<br \/>\nDesinfetar adequadamente o local.<br \/>\nSe n\u00e3o houver melhoria r\u00e1pida, consultar um especialista.<\/p>\n<h6>NOTES: READ INSTRUCTIONS BEFORE USE.<\/h6>\n<p>Armazenar em local seco, protegido da luz solar, entre 0-30 \u00b0C<br \/>\nValidade ap\u00f3s abertura: um (1) ano.<br \/>\nLote e validade: ver embalagem.<br \/>\nEvitar contacto com as m\u00e3os.<br \/>\nManter fora do alcance das crian\u00e7as.<br \/>\nUso veterin\u00e1rio apenas. N\u00e3o usar em animais para consumo humano.<br \/>\nEliminar embalagens e res\u00edduos no lixo dom\u00e9stico.<br \/>\nProduto veterin\u00e1rio conforme o regime de pequenos animais.<\/p>\n<h6>Contains:<\/h6>\n<p>100 g Nistatina (200.000 UI\/grama)<\/p>\n","protected":false},"excerpt":{"rendered":"<p>Indication: Infec\u00e7\u00f5es f\u00fangicas como candid\u00edase, monil\u00edase e aspergilose em aves. As leveduras est\u00e3o presentes em todo o ambiente, incluindo alimentos estragados. Por&hellip;<\/p>\n","protected":false},"featured_media":15383,"template":"","meta":[],"product_cat":[323],"product_tag":[],"class_list":{"0":"post-15382","1":"product","2":"type-product","3":"status-publish","4":"has-post-thumbnail","6":"product_cat-medicamentos-para-aves","8":"first","9":"instock","10":"shipping-taxable","11":"product-type-simple"},"_links":{"self":[{"href":"https:\/\/care4bird.nl\/pt-pt\/wp-json\/wp\/v2\/product\/15382","targetHints":{"allow":["GET"]}}],"collection":[{"href":"https:\/\/care4bird.nl\/pt-pt\/wp-json\/wp\/v2\/product"}],"about":[{"href":"https:\/\/care4bird.nl\/pt-pt\/wp-json\/wp\/v2\/types\/product"}],"wp:featuredmedia":[{"embeddable":true,"href":"https:\/\/care4bird.nl\/pt-pt\/wp-json\/wp\/v2\/media\/15383"}],"wp:attachment":[{"href":"https:\/\/care4bird.nl\/pt-pt\/wp-json\/wp\/v2\/media?parent=15382"}],"wp:term":[{"taxonomy":"product_cat","embeddable":true,"href":"https:\/\/care4bird.nl\/pt-pt\/wp-json\/wp\/v2\/product_cat?post=15382"},{"taxonomy":"product_tag","embeddable":true,"href":"https:\/\/care4bird.nl\/pt-pt\/wp-json\/wp\/v2\/product_tag?post=15382"}],"curies":[{"name":"wp","href":"https:\/\/api.w.org\/{rel}","templated":true}]}}