{"id":15389,"date":"2025-11-03T11:31:54","date_gmt":"2025-11-03T11:31:54","guid":{"rendered":"https:\/\/care4bird.nl\/product\/protozoal-mix\/"},"modified":"2026-04-16T09:47:47","modified_gmt":"2026-04-16T09:47:47","slug":"protozoal-mix","status":"publish","type":"product","link":"https:\/\/care4bird.nl\/pt-pt\/produto\/protozoal-mix\/","title":{"rendered":"Protozoal-mix"},"content":{"rendered":"<div>\n<div>\n<h6>Indication:<\/h6>\n<\/div>\n<div>Infe\u00e7\u00f5es por protozo\u00e1rios: tricomon\u00edase (cancro), giard\u00edase<\/div>\n<\/div>\n<div>\n<div>e Cochlosoma em aves.<\/div>\n<\/div>\n<h6>Symptoms:<\/h6>\n<div>\n<div>\u2022 Tricomon\u00edase: perda de peso, regurgita\u00e7\u00e3o, saliva seca ao redor do bico<\/div>\n<\/div>\n<div>\n<div>\u2022 Giard\u00edase: diarreia e algumas mortes.<\/div>\n<\/div>\n<div>\n<div>\u2022 Cochlosomose: em filhotes, desidrata\u00e7\u00e3o e fraqueza com diarreia amarela.<\/div>\n<\/div>\n<div>\n<div>Em tentilh\u00f5es criados por bengalins, que atuam como portadores assintom\u00e1ticos.<\/div>\n<\/div>\n<div>\n<div>Os sintomas s\u00e3o mais graves em aves jovens entre 10 dias e 6 semanas. A infe\u00e7\u00e3o pode espalhar-se atrav\u00e9s da contamina\u00e7\u00e3o de fezes, alimentos e \u00e1gua.<\/div>\n<\/div>\n<h6>Dosage<\/h6>\n<div>DOSAGEM: Tricomon\u00edase e giard\u00edase: adicionar 5 g a 1 litro de \u00e1gua de bebida<\/div>\n<div>durante 5-7 dias consecutivos.<\/div>\n<div>Papagaio: 1 g para 1 litro de \u00e1gua durante 5-7 dias consecutivos.<\/div>\n<div>DOSAGEM: Cochlosomose: adicionar 5 g a 1 litro de \u00e1gua ou 500 g de alimento mole<\/div>\n<div>durante 5 dias consecutivos. Repetir o tratamento mensalmente durante 6 meses.<\/div>\n<div>Colher doseadora 1+5 g inclu\u00edda.<\/div>\n<h6>Interaction(s): desconhecidas.<\/h6>\n<h6>Contra-indication(s): sobredosagem.<\/h6>\n<h6>Advice for use:<\/h6>\n<p>Isolar as aves doentes (temperatura 28-33 \u00baC, luz reduzida).<br \/>\nDurante o tratamento, tratar tamb\u00e9m as outras aves preventivamente.<br \/>\nGarantir que as aves ingerem a quantidade recomendada; evitar \u00e1gua ou alimento n\u00e3o medicado.<br \/>\nAdministrar glicose e MULTIVIT MIX durante o tratamento.<br \/>\nEm casos graves, prolongar o tratamento.<br \/>\nDesinfetar adequadamente as instala\u00e7\u00f5es.<br \/>\nSe n\u00e3o houver melhoria r\u00e1pida, consultar um especialista<\/p>\n<h6>NOTES: READ INSTRUCTIONS BEFORE USE.<\/h6>\n<p>Validade ap\u00f3s abertura: um (1) ano.<br \/>\nLote e validade: ver embalagem.<br \/>\nEvitar contacto do medicamento com as m\u00e3os.<br \/>\nManter fora do alcance das crian\u00e7as.<br \/>\nApenas para uso veterin\u00e1rio. N\u00e3o utilizar em animais destinados ao consumo humano<br \/>\nEliminar embalagens e restos no lixo dom\u00e9stico.<br \/>\nEste medicamento veterin\u00e1rio \u00e9 comercializado de acordo com o regime de pequenos animais<\/p>\n<h6>Contains:<\/h6>\n<p>Ronidazol 10%, excipientes q.s. 100 g<\/p>\n","protected":false},"excerpt":{"rendered":"<p>Indication: Infe\u00e7\u00f5es por protozo\u00e1rios: tricomon\u00edase (cancro), giard\u00edase e Cochlosoma em aves. Symptoms: \u2022 Tricomon\u00edase: perda de peso, regurgita\u00e7\u00e3o, saliva seca ao redor&hellip;<\/p>\n","protected":false},"featured_media":15390,"template":"","meta":[],"product_cat":[323],"product_tag":[],"class_list":{"0":"post-15389","1":"product","2":"type-product","3":"status-publish","4":"has-post-thumbnail","6":"product_cat-medicamentos-para-aves","8":"first","9":"instock","10":"shipping-taxable","11":"product-type-simple"},"_links":{"self":[{"href":"https:\/\/care4bird.nl\/pt-pt\/wp-json\/wp\/v2\/product\/15389","targetHints":{"allow":["GET"]}}],"collection":[{"href":"https:\/\/care4bird.nl\/pt-pt\/wp-json\/wp\/v2\/product"}],"about":[{"href":"https:\/\/care4bird.nl\/pt-pt\/wp-json\/wp\/v2\/types\/product"}],"wp:featuredmedia":[{"embeddable":true,"href":"https:\/\/care4bird.nl\/pt-pt\/wp-json\/wp\/v2\/media\/15390"}],"wp:attachment":[{"href":"https:\/\/care4bird.nl\/pt-pt\/wp-json\/wp\/v2\/media?parent=15389"}],"wp:term":[{"taxonomy":"product_cat","embeddable":true,"href":"https:\/\/care4bird.nl\/pt-pt\/wp-json\/wp\/v2\/product_cat?post=15389"},{"taxonomy":"product_tag","embeddable":true,"href":"https:\/\/care4bird.nl\/pt-pt\/wp-json\/wp\/v2\/product_tag?post=15389"}],"curies":[{"name":"wp","href":"https:\/\/api.w.org\/{rel}","templated":true}]}}