{"id":15395,"date":"2025-11-03T11:31:44","date_gmt":"2025-11-03T11:31:44","guid":{"rendered":"https:\/\/care4bird.nl\/product\/combi-mix-2\/"},"modified":"2026-04-16T09:48:43","modified_gmt":"2026-04-16T09:48:43","slug":"combi-mix-2","status":"publish","type":"product","link":"https:\/\/care4bird.nl\/pt-pt\/produto\/combi-mix-2\/","title":{"rendered":"Combi-mix"},"content":{"rendered":"<div>\n<h6>Indication:<\/h6>\n<\/div>\n<div>Coccidiose e atoxoplasmose (Lankesterella) em aves.<\/div>\n<h6>Symptoms:<\/h6>\n<div>\u2022 Perda de apetite<\/div>\n<div>\u2022 Penas eri\u00e7adas<\/div>\n<div>\u2022 Fezes aquosas e viscosas;<\/div>\n<div>\u2022 Penas sujas na cloaca;<\/div>\n<div>\u2022 Aumento do f\u00edgado;<\/div>\n<div>\u2022 Intestinos inchados<\/div>\n<h6>Dosage:<\/h6>\n<div>Dosagem coccidiose: aves de gaiola, can\u00e1rios: 1 g\/200 ml de \u00e1gua (5 g\/1 l de \u00e1gua), durante 7 dias; repetir o tratamento ap\u00f3s 2 dias.<\/div>\n<div>Dosagem atoxoplasmose (Lankesterella): aves de gaiola, can\u00e1rios: 1 g\/400 ml de \u00e1gua (5 g\/2 l de \u00e1gua), continuamente durante o per\u00edodo de reprodu\u00e7\u00e3o at\u00e9 ap\u00f3s a primeira muda. Colher doseadora 1+5 g inclu\u00edda.<\/div>\n<p>Interaction(s): desconhecidas.<\/p>\n<p>Contra-indication(s): sobredosagem.<\/p>\n<h6>Advice for use:<\/h6>\n<p>Isolar as aves doentes (temperatura 28-33 \u00baC, luz reduzida).<br \/>\nDurante o tratamento, tratar tamb\u00e9m as outras aves preventivamente.<br \/>\nGarantir que as aves ingerem a dose recomendada; evitar \u00e1gua ou alimento n\u00e3o medicado.<br \/>\nAdministrar glicose e MULTIVIT MIX durante o tratamento.<br \/>\nEm casos graves, prolongar o tratamento.<br \/>\nDesinfetar adequadamente as instala\u00e7\u00f5es.<br \/>\nSe n\u00e3o houver melhoria r\u00e1pida, consultar um especialista.<\/p>\n<h6>NOTES: READ INSTRUCTIONS BEFORE USE.<\/h6>\n<p>Armazenar em local seco, protegido da luz solar, entre 0-30 \u00b0C<br \/>\nValidade ap\u00f3s abertura: um (1) ano.<br \/>\nLote e validade: ver embalagem.<br \/>\nEvitar contacto com o medicamento.<br \/>\nManter fora do alcance das crian\u00e7as.<br \/>\nApenas para uso veterin\u00e1rio. N\u00e3o utilizar em animais destinados ao consumo humano<br \/>\nEliminar embalagens e res\u00edduos no lixo dom\u00e9stico.<br \/>\nProduto veterin\u00e1rio conforme o regime de pequenos animais<\/p>\n<h6>Contains:<\/h6>\n<p>Sulfachlorpyridazine Sodium 5 %, excipientes q.s. a 100 g<\/p>\n<h6>IMPORTANT<\/h6>\n<p>Pode ocorrer um ligeiro endurecimento do p\u00f3 com o tempo. No entanto, isso n\u00e3o afeta a qualidade nem a efic\u00e1cia do produto.<\/p>\n","protected":false},"excerpt":{"rendered":"<p>Indication: Coccidiose e atoxoplasmose (Lankesterella) em aves. Symptoms: \u2022 Perda de apetite \u2022 Penas eri\u00e7adas \u2022 Fezes aquosas e viscosas; \u2022 Penas&hellip;<\/p>\n","protected":false},"featured_media":15396,"template":"","meta":[],"product_cat":[323],"product_tag":[],"class_list":{"0":"post-15395","1":"product","2":"type-product","3":"status-publish","4":"has-post-thumbnail","6":"product_cat-medicamentos-para-aves","8":"first","9":"instock","10":"shipping-taxable","11":"product-type-simple"},"_links":{"self":[{"href":"https:\/\/care4bird.nl\/pt-pt\/wp-json\/wp\/v2\/product\/15395","targetHints":{"allow":["GET"]}}],"collection":[{"href":"https:\/\/care4bird.nl\/pt-pt\/wp-json\/wp\/v2\/product"}],"about":[{"href":"https:\/\/care4bird.nl\/pt-pt\/wp-json\/wp\/v2\/types\/product"}],"wp:featuredmedia":[{"embeddable":true,"href":"https:\/\/care4bird.nl\/pt-pt\/wp-json\/wp\/v2\/media\/15396"}],"wp:attachment":[{"href":"https:\/\/care4bird.nl\/pt-pt\/wp-json\/wp\/v2\/media?parent=15395"}],"wp:term":[{"taxonomy":"product_cat","embeddable":true,"href":"https:\/\/care4bird.nl\/pt-pt\/wp-json\/wp\/v2\/product_cat?post=15395"},{"taxonomy":"product_tag","embeddable":true,"href":"https:\/\/care4bird.nl\/pt-pt\/wp-json\/wp\/v2\/product_tag?post=15395"}],"curies":[{"name":"wp","href":"https:\/\/api.w.org\/{rel}","templated":true}]}}