{"id":15401,"date":"2025-11-03T11:29:59","date_gmt":"2025-11-03T11:29:59","guid":{"rendered":"https:\/\/care4bird.nl\/product\/orni-mix\/"},"modified":"2026-04-16T09:50:46","modified_gmt":"2026-04-16T09:50:46","slug":"orni-mix","status":"publish","type":"product","link":"https:\/\/care4bird.nl\/pt-pt\/produto\/orni-mix\/","title":{"rendered":"Orni-mix"},"content":{"rendered":"<div>\n<h6>Indication:<\/h6>\n<\/div>\n<div>\n<div>Infec\u00e7\u00f5es das vias respirat\u00f3rias causadas por ornitose, pneumonia, micoplasmose e psitacose (clamidiose) em aves.<\/div>\n<\/div>\n<h6>Symptoms:<\/h6>\n<div>\n<div>\u2022 Infec\u00e7\u00e3o dos seios nasais, respira\u00e7\u00e3o dif\u00edcil, falta de ar, respira\u00e7\u00e3o ruidosa ou corrimento nasal<\/div>\n<\/div>\n<div>\n<div>\u2022 Secre\u00e7\u00e3o ou incha\u00e7o nos olhos, penas coladas ao redor dos olhos<\/div>\n<\/div>\n<div>\n<div>\u2022 Letargia, penas eri\u00e7adas, perda de apetite, perda de peso, fraqueza.<\/div>\n<\/div>\n<h6>Dosage<\/h6>\n<div>\n<div>Dosagem: Aves de gaiola e avi\u00e1rio (can\u00e1rios, tentilh\u00f5es):<\/div>\n<\/div>\n<div>\n<div>5 g \/ 2 litros de \u00e1gua de bebida durante 5-10 dias consecutivos.<\/div>\n<\/div>\n<div>\n<div>Dosagem: Periquitos, papagaios:<\/div>\n<\/div>\n<div>\n<div>1 g \/ 2 kg de peso corporal ou 3 g \/ 200 ml de \u00e1gua de bebida durante 5-10 dias consecutivos.<\/div>\n<\/div>\n<div>\n<div>Para tratamento da psitacose (febre dos papagaios): 1 g \/ 2 kg de peso corporal ou 3 g \/ 200 ml de \u00e1gua de bebida durante 45 dias. Todas as fontes de c\u00e1lcio devem ser removidas durante este per\u00edodo, pois o c\u00e1lcio afeta a absor\u00e7\u00e3o do antibi\u00f3tico.<\/div>\n<\/div>\n<div>\n<div>Colher medidora 1+5 g inclu\u00edda.<\/div>\n<\/div>\n<p>Interaction(s): n\u00e3o conhecidas.<\/p>\n<p>Contra-indication(s): sobredosagem.<\/p>\n<h6>Advice for use:<\/h6>\n<p>Isolar aves doentes (temperatura 28-33 \u00baC, luz reduzida).<br \/>\nDurante o tratamento, tratar tamb\u00e9m as outras aves preventivamente.<br \/>\nGarantir que as aves consumam a dose recomendada, evitando outras fontes de \u00e1gua ou alimento.<br \/>\nAdministrar glucose e MULTIVIT MIX durante o tratamento.<br \/>\nPara casos graves, prolongar o tratamento.<br \/>\nDesinfetar adequadamente o alojamento.<br \/>\nConsultar um especialista se n\u00e3o houver melhoria.<\/p>\n<h6>NOTES: READ INSTRUCTIONS BEFORE USE.<\/h6>\n<p>Armazenar em local seco, protegido da luz solar direta, entre 0-30 \u00b0C<br \/>\nValidade ap\u00f3s abertura: um (1) ano.<br \/>\nN\u00ba do lote e validade: ver embalagem.<br \/>\nEvitar contacto com as m\u00e3os.<br \/>\nManter fora do alcance das crian\u00e7as.<br \/>\nApenas para uso animal. N\u00e3o destinado a animais para consumo humano.<br \/>\nEliminar a embalagem e res\u00edduos no lixo dom\u00e9stico.<br \/>\nEste medicamento veterin\u00e1rio \u00e9 comercializado de acordo com o regime de isen\u00e7\u00e3o para pequenos animais.<\/p>\n<h6>Contains:<\/h6>\n<p>Doxiciclina Hiclato 6%, Espiramicina Adipato 10%, Metronidazol 10%, Bromexina HCl 2%, ingredientes inativos q.s. at\u00e9 100 g<\/p>\n","protected":false},"excerpt":{"rendered":"<p>Indication: Infec\u00e7\u00f5es das vias respirat\u00f3rias causadas por ornitose, pneumonia, micoplasmose e psitacose (clamidiose) em aves. Symptoms: \u2022 Infec\u00e7\u00e3o dos seios nasais, respira\u00e7\u00e3o&hellip;<\/p>\n","protected":false},"featured_media":15402,"template":"","meta":[],"product_cat":[323],"product_tag":[],"class_list":{"0":"post-15401","1":"product","2":"type-product","3":"status-publish","4":"has-post-thumbnail","6":"product_cat-medicamentos-para-aves","8":"first","9":"instock","10":"shipping-taxable","11":"product-type-simple"},"_links":{"self":[{"href":"https:\/\/care4bird.nl\/pt-pt\/wp-json\/wp\/v2\/product\/15401","targetHints":{"allow":["GET"]}}],"collection":[{"href":"https:\/\/care4bird.nl\/pt-pt\/wp-json\/wp\/v2\/product"}],"about":[{"href":"https:\/\/care4bird.nl\/pt-pt\/wp-json\/wp\/v2\/types\/product"}],"wp:featuredmedia":[{"embeddable":true,"href":"https:\/\/care4bird.nl\/pt-pt\/wp-json\/wp\/v2\/media\/15402"}],"wp:attachment":[{"href":"https:\/\/care4bird.nl\/pt-pt\/wp-json\/wp\/v2\/media?parent=15401"}],"wp:term":[{"taxonomy":"product_cat","embeddable":true,"href":"https:\/\/care4bird.nl\/pt-pt\/wp-json\/wp\/v2\/product_cat?post=15401"},{"taxonomy":"product_tag","embeddable":true,"href":"https:\/\/care4bird.nl\/pt-pt\/wp-json\/wp\/v2\/product_tag?post=15401"}],"curies":[{"name":"wp","href":"https:\/\/api.w.org\/{rel}","templated":true}]}}