{"id":15408,"date":"2025-11-03T11:29:04","date_gmt":"2025-11-03T11:29:04","guid":{"rendered":"https:\/\/care4bird.nl\/product\/multivit-mix\/"},"modified":"2026-04-16T09:51:56","modified_gmt":"2026-04-16T09:51:56","slug":"multivit-mix","status":"publish","type":"product","link":"https:\/\/care4bird.nl\/pt-pt\/produto\/multivit-mix\/","title":{"rendered":"Multivit-Mix"},"content":{"rendered":"<div>Multivit-mix \u00e9 uma mistura especial de vitaminas sol\u00faveis em \u00e1gua e glicose. Estas vitaminas s\u00e3o de grande import\u00e2ncia para o metabolismo das aves. A glicose \u00e9 adicionada para fornecer energia direta \u00e0s aves.<\/div>\n<div><\/div>\n<div>Multivit-mix contribui para:<\/div>\n<div>Multivit-mix contribui para:<\/div>\n<div>\u2022 aumento da resist\u00eancia<\/div>\n<div>\u2022 boa reprodu\u00e7\u00e3o<\/div>\n<div>\u2022 recupera\u00e7\u00e3o ideal<\/div>\n<div><\/div>\n<div>As necessidades di\u00e1rias de vitaminas das aves s\u00e3o muito importantes; a defici\u00eancia de vitaminas pode causar v\u00e1rios problemas, por exemplo:<\/div>\n<div>\u2022 A defici\u00eancia de vitamina A pode causar baixa fertilidade em machos e f\u00eameas, altera\u00e7\u00f5es nas mucosas do trato respirat\u00f3rio e digestivo, facilitando infe\u00e7\u00f5es, afetar a vis\u00e3o e causar morte do embri\u00e3o.<\/div>\n<div>\u2022 A defici\u00eancia de vitaminas do grupo B pode causar dist\u00farbios nervosos, atraso no crescimento e desenvolvimento das penas, altera\u00e7\u00f5es no metabolismo das gorduras, baixa taxa de eclos\u00e3o e fraco desenvolvimento dos filhotes.<\/div>\n<div>\u2022 A defici\u00eancia de vitamina D pode causar doen\u00e7as como raquitismo e ovos com casca mole<\/div>\n<div><\/div>\n<div>As multivitaminas devem ser administradas pelo menos uma vez por semana:<\/div>\n<div>\u2022 Durante crescimento, muda e reprodu\u00e7\u00e3o<\/div>\n<div>\u2022 Durante per\u00edodos de esfor\u00e7o intenso e stress<\/div>\n<div>\u2022 Ap\u00f3s tratamento de doen\u00e7as, desparasita\u00e7\u00e3o e vacina\u00e7\u00e3o.<\/div>\n<h6>Dosage<\/h6>\n<p>Dosagem: Aves ornamentais:<br \/>\n\u2022 Como dose \u00fanica ap\u00f3s medica\u00e7\u00e3o: 2 g\/0,5 l de \u00e1gua ou 2 g\/250 g de alimento.<br \/>\n\u2022 Como dose de manuten\u00e7\u00e3o: duas vezes por semana 1 g\/0,5 l de \u00e1gua ou 1 g\/250 g de alimento.<br \/>\nMultivit-mix pode ser adicionado \u00e0 \u00e1gua ou \u00e0 ra\u00e7\u00e3o. Colher medidora 1+5 g inclu\u00edda.<\/p>\n<h6>Interaction(s): n\u00e3o conhecidas.<\/h6>\n<h6>Contra-indication(s): sobredosagem.<\/h6>\n<h6>NOTES: READ INSTRUCTIONS BEFORE USE.<\/h6>\n<p>Armazenar em local seco, protegido da luz solar direta, entre 0-30 \u00b0C<br \/>\nValidade ap\u00f3s abertura: um (1) ano.<br \/>\nN\u00ba do lote e validade: ver embalagem.<br \/>\nEvitar contacto com as m\u00e3os.<br \/>\nManter fora do alcance das crian\u00e7as.<br \/>\nApenas para uso animal. N\u00e3o destinado a animais para consumo humano.<br \/>\nEliminar a embalagem e res\u00edduos no lixo dom\u00e9stico.<br \/>\nEste medicamento veterin\u00e1rio \u00e9 comercializado de acordo com o regime de isen\u00e7\u00e3o para pequenos animais.<\/p>\n<h6>Contains:<\/h6>\n<p>200 g Multivitaminas<\/p>\n","protected":false},"excerpt":{"rendered":"<p>Multivit-mix \u00e9 uma mistura especial de vitaminas sol\u00faveis em \u00e1gua e glicose. Estas vitaminas s\u00e3o de grande import\u00e2ncia para o metabolismo das&hellip;<\/p>\n","protected":false},"featured_media":15409,"template":"","meta":[],"product_cat":[323],"product_tag":[],"class_list":{"0":"post-15408","1":"product","2":"type-product","3":"status-publish","4":"has-post-thumbnail","6":"product_cat-medicamentos-para-aves","8":"first","9":"instock","10":"shipping-taxable","11":"product-type-simple"},"_links":{"self":[{"href":"https:\/\/care4bird.nl\/pt-pt\/wp-json\/wp\/v2\/product\/15408","targetHints":{"allow":["GET"]}}],"collection":[{"href":"https:\/\/care4bird.nl\/pt-pt\/wp-json\/wp\/v2\/product"}],"about":[{"href":"https:\/\/care4bird.nl\/pt-pt\/wp-json\/wp\/v2\/types\/product"}],"wp:featuredmedia":[{"embeddable":true,"href":"https:\/\/care4bird.nl\/pt-pt\/wp-json\/wp\/v2\/media\/15409"}],"wp:attachment":[{"href":"https:\/\/care4bird.nl\/pt-pt\/wp-json\/wp\/v2\/media?parent=15408"}],"wp:term":[{"taxonomy":"product_cat","embeddable":true,"href":"https:\/\/care4bird.nl\/pt-pt\/wp-json\/wp\/v2\/product_cat?post=15408"},{"taxonomy":"product_tag","embeddable":true,"href":"https:\/\/care4bird.nl\/pt-pt\/wp-json\/wp\/v2\/product_tag?post=15408"}],"curies":[{"name":"wp","href":"https:\/\/api.w.org\/{rel}","templated":true}]}}